{"id":1373,"date":"2011-03-09T12:37:38","date_gmt":"2011-03-09T12:37:38","guid":{"rendered":"https:\/\/www.mairie-chailly-en-biere.fr\/?page_id=1373"},"modified":"2015-08-20T11:59:09","modified_gmt":"2015-08-20T11:59:09","slug":"coutume-pascale-les-roulees","status":"publish","type":"page","link":"https:\/\/www.mairie-chailly-en-biere.fr\/?page_id=1373","title":{"rendered":"Coutume pascale : les roul\u00e9es"},"content":{"rendered":"<div id=\"attachment_2642\" style=\"width: 225px\" class=\"wp-caption alignleft\"><a href=\"https:\/\/www.mairie-chailly-en-biere.fr\/wp-content\/uploads\/Eglise-St-Paul.jpg\"><img loading=\"lazy\" decoding=\"async\" aria-describedby=\"caption-attachment-2642\" class=\"wp-image-2642 size-medium\" src=\"https:\/\/www.mairie-chailly-en-biere.fr\/wp-content\/uploads\/Eglise-St-Paul-225x300.jpg\" alt=\"Eglise-St-Paul\" width=\"225\" height=\"300\" srcset=\"https:\/\/www.mairie-chailly-en-biere.fr\/wp-content\/uploads\/Eglise-St-Paul-225x300.jpg 225w, https:\/\/www.mairie-chailly-en-biere.fr\/wp-content\/uploads\/Eglise-St-Paul-420x560.jpg 420w, https:\/\/www.mairie-chailly-en-biere.fr\/wp-content\/uploads\/Eglise-St-Paul.jpg 600w\" sizes=\"auto, (max-width: 225px) 100vw, 225px\" \/><\/a><p id=\"caption-attachment-2642\" class=\"wp-caption-text\">Eglise-St-Paul<\/p><\/div>\n<p>Pendant la p\u00e9riode Pascale et jusque vers la fin des ann\u00e9es cinquante, nos villages avaient gard\u00e9 la coutume la \u00ab roul\u00e9es \u00bb. A cette \u00e9poque, vous auriez crois\u00e9, d\u00e9filant dans les rues du village, une joyeuse bande d\u2019enfants de ch\u0153ur, qui tirant, qui poussant une petite charrette. Certains d\u2019entre eux brandissaient de curieux instruments nomm\u00e9s \u00ab taquets \u00bb (petits battants articul\u00e9s sur une planchette tenue par un manche) dont les \u00ab battements \u00bb signalaient le passage de cette sympathique petite troupe.<\/p>\n<p>Sur la charrette tr\u00f4nait une bonbonne contenant l\u2019eau b\u00e9nite et un grand panier. La petite bande allait de porte en port, troquant son eau b\u00e9nite contre des \u0153ufs et des pi\u00e8ces de monnaie.<\/p>\n<p>En remerciement, apr\u00e8s la distribution, ils entonnaient, sur un air de cantique, une chansonnette. Mais si l\u2019on ne donnait pas, un refrain vengeur s\u2019\u00e9levait \u00e0 l\u2019encontre des mauvais paroissiens et les enfants continuaient leur tourn\u00e9e toujours en battant le taquet.<\/p>\n<p>Les affaires allaient bon train : le grand panier se remplissaient d\u2019\u0153ufs, les poches se gonflaient de pi\u00e8ces. Mais rapidement le niveau de l\u2019eau dans la bonbonne baissait et il fallait, bien s\u00fbr, refaire le plein. Certaines mauvaises langues pr\u00e9tendent, que le temps pressant, on ne retournait pas au presbyt\u00e8re et que le tonneau \u00e9tait compl\u00e9t\u00e9 \u00e0 la borne-fontaine la plus proche. Apr\u00e8s tout la multiplication s\u2019applique aussi \u00e0 l\u2019eau b\u00e9nite !<\/p>\n<p>Beaucoup se souviennent de ces \u00ab roul\u00e9es \u00bb auxquelles ils ont particip\u00e9. A les entendre, on ressent comme un regret de ne pas voir cette coutume se perp\u00e9tuer. Et si un jour vous vouliez en savoir plus, demandez donc \u00e0 Michel Dagneau le 1er adjoint, il para\u00eet qu\u2019il en \u00e9tait !!!<\/p>\n<p>L.B.<br \/>\nB.M. n\u00b0 33 \u2013 P\u00e2ques 1993<\/p>\n","protected":false},"excerpt":{"rendered":"<p>Pendant la p\u00e9riode Pascale et jusque vers la fin des ann\u00e9es cinquante, nos villages avaient gard\u00e9 la coutume la \u00ab roul\u00e9es \u00bb. A cette \u00e9poque, vous auriez crois\u00e9, d\u00e9filant dans les rues du village, une joyeuse bande d\u2019enfants de ch\u0153ur, qui tirant, qui poussant une petite charrette. Certains d\u2019entre eux brandissaient de curieux instruments nomm\u00e9s &hellip; <\/p>\n<p><a class=\"more-link btn\" href=\"https:\/\/www.mairie-chailly-en-biere.fr\/?page_id=1373\">Lire la suite<\/a><\/p>\n","protected":false},"author":2,"featured_media":0,"parent":55,"menu_order":3,"comment_status":"closed","ping_status":"closed","template":"","meta":{"footnotes":""},"class_list":["post-1373","page","type-page","status-publish","hentry","nodate","item-wrap"],"_links":{"self":[{"href":"https:\/\/www.mairie-chailly-en-biere.fr\/index.php?rest_route=\/wp\/v2\/pages\/1373","targetHints":{"allow":["GET"]}}],"collection":[{"href":"https:\/\/www.mairie-chailly-en-biere.fr\/index.php?rest_route=\/wp\/v2\/pages"}],"about":[{"href":"https:\/\/www.mairie-chailly-en-biere.fr\/index.php?rest_route=\/wp\/v2\/types\/page"}],"author":[{"embeddable":true,"href":"https:\/\/www.mairie-chailly-en-biere.fr\/index.php?rest_route=\/wp\/v2\/users\/2"}],"replies":[{"embeddable":true,"href":"https:\/\/www.mairie-chailly-en-biere.fr\/index.php?rest_route=%2Fwp%2Fv2%2Fcomments&post=1373"}],"version-history":[{"count":3,"href":"https:\/\/www.mairie-chailly-en-biere.fr\/index.php?rest_route=\/wp\/v2\/pages\/1373\/revisions"}],"predecessor-version":[{"id":7613,"href":"https:\/\/www.mairie-chailly-en-biere.fr\/index.php?rest_route=\/wp\/v2\/pages\/1373\/revisions\/7613"}],"up":[{"embeddable":true,"href":"https:\/\/www.mairie-chailly-en-biere.fr\/index.php?rest_route=\/wp\/v2\/pages\/55"}],"wp:attachment":[{"href":"https:\/\/www.mairie-chailly-en-biere.fr\/index.php?rest_route=%2Fwp%2Fv2%2Fmedia&parent=1373"}],"curies":[{"name":"wp","href":"https:\/\/api.w.org\/{rel}","templated":true}]}}