{"id":137,"date":"2010-12-17T06:31:26","date_gmt":"2010-12-17T06:31:26","guid":{"rendered":"https:\/\/www.mairie-chailly-en-biere.fr\/?page_id=137"},"modified":"2011-03-09T09:24:43","modified_gmt":"2011-03-09T09:24:43","slug":"lecole-dantan","status":"publish","type":"page","link":"https:\/\/www.mairie-chailly-en-biere.fr\/?page_id=137","title":{"rendered":"L&#039;Ecole d&#039;Antan"},"content":{"rendered":"<p>3 septembre 1998, c\u2019est la rentr\u00e9e, vos enfants reprennent le chemin de l\u2019\u00e9cole et pour certains ils en font la d\u00e9couverte. Pour nous parents, tout cela semble naturel,. Un peu plus d\u2019un si\u00e8cle plus t\u00f4t, cette effervescence n\u2019avait pas lieu d\u2019\u00eatre !<\/p>\n<p>Un instituteur, T . Venest, en poste \u00e0 Chailly fit une monographie communale en vue de l\u2019Exposition Universelle de 1880. Il parla tr\u00e8s bri\u00e8vement de ce qu\u2019\u00e9tait l\u2019enseignement dans la commune \u00e0 partir de 1789.<\/p>\n<p>Ainsi donc, autrefois l\u2019enseignement \u00e9tait donn\u00e9 dans le village par la personne qui savait le mieux lire, \u00e9crire et compter.<\/p>\n<p>Cette personne \u00e9tait agr\u00e9\u00e9e par Monsieur le Cur\u00e9 et le Seigneur du lieu recevait chez elle seulement l\u2019hiver les enfants de la commune et des communes voisines.<\/p>\n<p>Le Ma\u00eetre d\u2019Ecole, outre ses fonctions d\u2019enseignant, remplissait celle d\u2019afficheur, de sonneur, de sacristain, de chantre \u00e0 l\u2019Eglise. Il touchait directement des parents une faible r\u00e9tribution qui \u00e9tait en rapport avec l\u2019\u00e2ge des \u00e9l\u00e8ves et aussi avec l\u2019enseignement qui leur \u00e9tait donn\u00e9. Quelques familles le payaient en nature : des \u0153ufs, du beurre, du fromage, des miches, etc\u2026C\u2019est seulement \u00e0 partir de 1816 que la commune alloua \u00e0 l\u2019Instituteur un traitement et une indemnit\u00e9 de logement. A la date du 4 mars 1816 on trouve au Registre une d\u00e9lib\u00e9ration du Conseil Municipal dont voici la copie :<\/p>\n<p>\u00ab aujourd\u2019hui 4 mars 1816, nous Maire, adjoint et membres du Conseil Municipal de Chailly, assembl\u00e9s en la Mairie, a \u00e9t\u00e9 vot\u00e9 ce qui suit : une somme de cent Francs en faveur de Monsieur Bonnet instituteur de ladite commune pour la sonnerie et pour le chant au ch\u0153ur de l\u2019\u00e9glise. \u00bb Sign\u00e9 Dubois Delaunoy Maire.<\/p>\n<p>Voici pour le premier article de la s\u00e9rie sur \u00ab l\u2019Ecole \u00bb, je vous raconterai un autre \u00e9pisode de l\u2019\u00e9pop\u00e9e scolaire de Chailly-en-Bi\u00e8re lors du prochain bulletin.<\/p>\n<p>Je souhaite \u00e0 tous nos petits chaillotins une excellente ann\u00e9e scolaire !!<\/p>\n<p>Karine Idczak<\/p>\n<p>B.M. n\u00b0 47 Octobre 1998<\/p>\n<p>Le traitement et la formation de l\u2019Instituteur au XIXe si\u00e8cle.<\/p>\n<p>La Commune prend d\u00e8s lors en charge le salaire de l\u2019instituteur. En effet, \u00e0 partir de 1818, une somme de 60 Francs figure au budget communal sous la rubrique \u00ab R\u00e9tribution \u00e0 l\u2019instituteur pour l\u2019\u00e9ducation des enfants pauvres de Chailly-en-Bi\u00e8re \u00bb. A dater du 1er janvier 1834, le traitement de l\u2019instituteur fut form\u00e9 du produit d\u2019une imposition extraordinaire de 3 centimes, dont le taux \u00e9tait fix\u00e9 par le Conseil Municipal et qui \u00e9tait pay\u00e9 \u00e0 l\u2019instituteur par les familles et d\u2019un suppl\u00e9ment facultatif vot\u00e9 au budget communal. Le suppl\u00e9ment fut vot\u00e9 pour la premi\u00e8re fois dans la Commune de Chailly-en-Bi\u00e8re en 1847, il \u00e9tait de 100 Francs. Enfin la loi du 15 mars 1850 fixe le salaire minimum des instituteurs \u00e0 600 Francs sans suppl\u00e9ment facultatif vot\u00e9 par la commune. En ce qui concerne les locaux pour accueillir les \u00e9l\u00e8ves et leur instituteur, ce n\u2019est qu\u2019\u00e0 partir de 1817 que la Commune loua pour son compte un local. Enfin, comment devenait-on instituteur en 1816 ? Toute personne qui d\u00e9sirait se vouer aux fonctions d\u2019instituteur, apr\u00e8s avoir pr\u00e9sent\u00e9 au Recteur de l\u2019Acad\u00e9mie un certificat de bonne conduite, \u00e9tait examin\u00e9 par un inspecteur et recevait, s\u2019il en \u00e9tait digne, un brevet de capacit\u00e9.<\/p>\n<p>Les brevets comportaient trois degr\u00e9s :<\/p>\n<p>&#8211; 3e degr\u00e9 inf\u00e9rieur :individu sachant lire, \u00e9crire et chiffrer,<\/p>\n<p>&#8211; 2e degr\u00e9 : individu poss\u00e9dant bien l\u2019orthographe, la calligraphie, le calcul,<\/p>\n<p>&#8211; 1er degr\u00e9 sup\u00e9rieur : individu poss\u00e9dant la grammaire, l\u2019arithm\u00e9tique, la g\u00e9ographie et l\u2019arpentage.<\/p>\n<p>Presque deux si\u00e8cles plus tard, nous avons \u00e0 Chailly en Bi\u00e8re un v\u00e9ritable complexe comportant tous les niveaux de la Maternelle au Cours moyen deuxi\u00e8me ann\u00e9e et ses instituteurs, pr\u00e8s de dix.<\/p>\n<p>Karine Idczak.<\/p>\n<p>B.M. n\u00b0 48 Janvier 1999<\/p>\n","protected":false},"excerpt":{"rendered":"<p>3 septembre 1998, c\u2019est la rentr\u00e9e, vos enfants reprennent le chemin de l\u2019\u00e9cole et pour certains ils en font la d\u00e9couverte. Pour nous parents, tout cela semble naturel,. Un peu plus d\u2019un si\u00e8cle plus t\u00f4t, cette effervescence n\u2019avait pas lieu d\u2019\u00eatre ! Un instituteur, T . Venest, en poste \u00e0 Chailly fit une monographie communale &hellip; <\/p>\n<p><a class=\"more-link btn\" href=\"https:\/\/www.mairie-chailly-en-biere.fr\/?page_id=137\">Lire la suite<\/a><\/p>\n","protected":false},"author":2,"featured_media":0,"parent":124,"menu_order":4,"comment_status":"closed","ping_status":"closed","template":"","meta":{"footnotes":""},"class_list":["post-137","page","type-page","status-publish","hentry","nodate","item-wrap"],"_links":{"self":[{"href":"https:\/\/www.mairie-chailly-en-biere.fr\/index.php?rest_route=\/wp\/v2\/pages\/137","targetHints":{"allow":["GET"]}}],"collection":[{"href":"https:\/\/www.mairie-chailly-en-biere.fr\/index.php?rest_route=\/wp\/v2\/pages"}],"about":[{"href":"https:\/\/www.mairie-chailly-en-biere.fr\/index.php?rest_route=\/wp\/v2\/types\/page"}],"author":[{"embeddable":true,"href":"https:\/\/www.mairie-chailly-en-biere.fr\/index.php?rest_route=\/wp\/v2\/users\/2"}],"replies":[{"embeddable":true,"href":"https:\/\/www.mairie-chailly-en-biere.fr\/index.php?rest_route=%2Fwp%2Fv2%2Fcomments&post=137"}],"version-history":[{"count":3,"href":"https:\/\/www.mairie-chailly-en-biere.fr\/index.php?rest_route=\/wp\/v2\/pages\/137\/revisions"}],"predecessor-version":[{"id":139,"href":"https:\/\/www.mairie-chailly-en-biere.fr\/index.php?rest_route=\/wp\/v2\/pages\/137\/revisions\/139"}],"up":[{"embeddable":true,"href":"https:\/\/www.mairie-chailly-en-biere.fr\/index.php?rest_route=\/wp\/v2\/pages\/124"}],"wp:attachment":[{"href":"https:\/\/www.mairie-chailly-en-biere.fr\/index.php?rest_route=%2Fwp%2Fv2%2Fmedia&parent=137"}],"curies":[{"name":"wp","href":"https:\/\/api.w.org\/{rel}","templated":true}]}}