{"id":1364,"date":"2011-03-09T12:24:55","date_gmt":"2011-03-09T12:24:55","guid":{"rendered":"https:\/\/www.mairie-chailly-en-biere.fr\/?page_id=1364"},"modified":"2011-03-10T14:52:25","modified_gmt":"2011-03-10T14:52:25","slug":"un-petit-train-sen-va-a-la-campagne","status":"publish","type":"page","link":"https:\/\/www.mairie-chailly-en-biere.fr\/?page_id=1364","title":{"rendered":"Un petit train s&rsquo;en va \u00e0 la campagne&#8230;"},"content":{"rendered":"<div id=\"attachment_1499\" style=\"width: 150px\" class=\"wp-caption alignleft\"><a href=\"https:\/\/www.mairie-chailly-en-biere.fr\/?attachment_id=1499\" rel=\"attachment wp-att-1499\"><img loading=\"lazy\" decoding=\"async\" aria-describedby=\"caption-attachment-1499\" src=\"https:\/\/www.mairie-chailly-en-biere.fr\/wp-content\/uploads\/gare-150x150.jpg\" alt=\"La gare de Chailly\" title=\"La gare de Chailly\" width=\"150\" height=\"150\" class=\"size-thumbnail wp-image-1499\" \/><\/a><p id=\"caption-attachment-1499\" class=\"wp-caption-text\">La gare de Chailly<\/p><\/div>\n<p>Quel progr\u00e8s pour la r\u00e9gion que le Tacot !\u2026<\/p>\n<p>Il rendit d\u2019\u00e9normes services aux chaillotins en ce d\u00e9but du si\u00e8cle, \u00e0 l\u2019heure o\u00f9 l\u2019automobile n\u2019en \u00e9tait qu\u2019\u00e0 ses balbutiements, tant dans le transport des personnes que des marchandises, du courrier et aussi de la presse. Un record fut battu le dimanche de Pentec\u00f4te 1899 o\u00f9 2 500 personnes l\u2019emprunt\u00e8rent sur la parcours Melun-Barbizon avec 13 trains dans les deux sens.<\/p>\n<p>Le courrier partait trois fois par jour. En marchandises, il acheminait en moyenne 500 wagons de betteraves par an et autant de bois, ainsi qu\u2019en centaine provenant des carri\u00e8res d\u2019Arbonne.<\/p>\n<p>Les mara\u00eechers et les petits producteurs envoyaient par wagons entiers des l\u00e9gumes : carottes, asperges, cerises, etc\u2026 au march\u00e9 de Melun et aux halles de Paris. Il s\u2019exp\u00e9diait \u00e9galement du cidre. En contrepartie, il apportait du charbon n\u00e9cessaire \u00e0 l\u2019usine \u00e9lectrique de Chailly situ\u00e9e \u00e0 c\u00f4t\u00e9 de la gare ainsi que les journaux tous les matins.<\/p>\n<div id=\"attachment_1509\" style=\"width: 300px\" class=\"wp-caption alignright\"><a href=\"https:\/\/www.mairie-chailly-en-biere.fr\/?attachment_id=1509\" rel=\"attachment wp-att-1509\"><img loading=\"lazy\" decoding=\"async\" aria-describedby=\"caption-attachment-1509\" src=\"https:\/\/www.mairie-chailly-en-biere.fr\/wp-content\/uploads\/cheminots1-300x193.jpg\" alt=\"devant la locomotive\" title=\"devant la locomotive\" width=\"300\" height=\"193\" class=\"size-medium wp-image-1509\" srcset=\"https:\/\/www.mairie-chailly-en-biere.fr\/wp-content\/uploads\/cheminots1-300x193.jpg 300w, https:\/\/www.mairie-chailly-en-biere.fr\/wp-content\/uploads\/cheminots1.jpg 350w\" sizes=\"auto, (max-width: 300px) 100vw, 300px\" \/><\/a><p id=\"caption-attachment-1509\" class=\"wp-caption-text\">devant la locomotive<\/p><\/div>\n<p>Voici une liste de chaillotins qui travaill\u00e8rent au fonctionnement du Tacot et dont des descendants habitent toujours le village :<\/p>\n<p>&#8211; M. Rocherolles Marcel Athur, m\u00e9canicien,<br \/>\n&#8211; M. Suir Anatole Eug\u00e8ne, m\u00e9canicien,<br \/>\n&#8211; M. Deshayes F\u00e9lix, ajusteur<br \/>\n&#8211; M. et Mme Boivin Alice, chef de d\u00e9p\u00f4t et employ\u00e9e int\u00e9rimaire,<br \/>\n&#8211; M. Button Louis auguste, chauffeur<br \/>\n&#8211; M. Liret Eug\u00e8ne D\u00e9sir\u00e9, m\u00e9canicien<br \/>\n&#8211; Mme No\u00ebl, chef de gare<\/p>\n<p> \u2026 la liste \u00e9tant tr\u00e8s longue vous excuserez les omissions.<\/p>\n<p>Pendant une vingtaine d\u2019ann\u00e9es, jusqu\u2019en 1920 environ, l\u2019exploitation du Tacot fut rentable. Ensuite, avec l\u2019\u00e9volution de l\u2019automobile, la situation se d\u00e9grada.<\/p>\n<p>En 1925, la Soci\u00e9t\u00e9 du Tacot passe sous le contr\u00f4le de la Soci\u00e9t\u00e9 Baert et Verney. Il fallait moderniser. Cette soci\u00e9t\u00e9 construira deux automobiles avec des ch\u00e2ssis de GMC de l\u2019arm\u00e9e am\u00e9ricaine. Cela ne suffit pas, d\u2019autres causes contribu\u00e8rent \u00e0 la mort lente du Tacot ; les incidents et accidents : d\u00e9raillements dus \u00e0 l\u2019usure du mat\u00e9riel, incendies en for\u00eat, \u00e0 l\u2019approche des trains peur des chevaux qui renversaient leur charrette, \u00e9galement les accidents des voyageurs qui descendaient en marche et passaient sous les roues.<\/p>\n<p>Dans Chailly \u2013 le 7 octobre 1913 \u2013 le Tacot \u00e9crasa un consommateur de la Maison Gandin \u2013 marchand de vin situ\u00e9 rue de la Garenne (rue de Melun), il n\u2019avait pas vu le convoi arriver.<\/p>\n<p>Au vu de ces causes, les \u00e9lus des communes concern\u00e9es d\u00e9cident officiellement de supprimer le Tacot le 30 septembre 1938, et de les remplacer par des cars.<\/p>\n<p>Au dernier voyage, la locomotive \u00e9tait d\u00e9cor\u00e9e \u00e0 l\u2019avant d\u2019une immense couronne de fleurs, comme pour un enterrement. Les ann\u00e9es qui suivient ce fut la cur\u00e9e avec la vente des rails et ferrailles \u00e0 la Soci\u00e9t\u00e9 Vendrand.<\/p>\n<p>A c\u00f4t\u00e9 de la gare encore existante, un d\u00e9p\u00f4t-atelier fut d\u00e9truit dans un incendie accidentel un dimanche 22 juillet 1945.<\/p>\n<p>Les locomotives, elles, furent vendues \u00e0 des particuliers. La Chaillotine n\u00b0 4 roule toujours au Chemin de fer touristique en Charente Maritime.<\/p>\n<p>Adieu O vieux Tacot, les Anciens chaillotins te regrettent !<\/p>\n<p>J.P. Lefloch<br \/>\nB.M. n\u00b0 37 &#8211; Novembre 1994<\/p>\n","protected":false},"excerpt":{"rendered":"<p>Quel progr\u00e8s pour la r\u00e9gion que le Tacot !\u2026 Il rendit d\u2019\u00e9normes services aux chaillotins en ce d\u00e9but du si\u00e8cle, \u00e0 l\u2019heure o\u00f9 l\u2019automobile n\u2019en \u00e9tait qu\u2019\u00e0 ses balbutiements, tant dans le transport des personnes que des marchandises, du courrier et aussi de la presse. Un record fut battu le dimanche de Pentec\u00f4te 1899 o\u00f9 &hellip; <\/p>\n<p><a class=\"more-link btn\" href=\"https:\/\/www.mairie-chailly-en-biere.fr\/?page_id=1364\">Lire la suite<\/a><\/p>\n","protected":false},"author":2,"featured_media":0,"parent":1361,"menu_order":1,"comment_status":"closed","ping_status":"closed","template":"","meta":{"footnotes":""},"class_list":["post-1364","page","type-page","status-publish","hentry","nodate","item-wrap"],"_links":{"self":[{"href":"https:\/\/www.mairie-chailly-en-biere.fr\/index.php?rest_route=\/wp\/v2\/pages\/1364","targetHints":{"allow":["GET"]}}],"collection":[{"href":"https:\/\/www.mairie-chailly-en-biere.fr\/index.php?rest_route=\/wp\/v2\/pages"}],"about":[{"href":"https:\/\/www.mairie-chailly-en-biere.fr\/index.php?rest_route=\/wp\/v2\/types\/page"}],"author":[{"embeddable":true,"href":"https:\/\/www.mairie-chailly-en-biere.fr\/index.php?rest_route=\/wp\/v2\/users\/2"}],"replies":[{"embeddable":true,"href":"https:\/\/www.mairie-chailly-en-biere.fr\/index.php?rest_route=%2Fwp%2Fv2%2Fcomments&post=1364"}],"version-history":[{"count":8,"href":"https:\/\/www.mairie-chailly-en-biere.fr\/index.php?rest_route=\/wp\/v2\/pages\/1364\/revisions"}],"predecessor-version":[{"id":1503,"href":"https:\/\/www.mairie-chailly-en-biere.fr\/index.php?rest_route=\/wp\/v2\/pages\/1364\/revisions\/1503"}],"up":[{"embeddable":true,"href":"https:\/\/www.mairie-chailly-en-biere.fr\/index.php?rest_route=\/wp\/v2\/pages\/1361"}],"wp:attachment":[{"href":"https:\/\/www.mairie-chailly-en-biere.fr\/index.php?rest_route=%2Fwp%2Fv2%2Fmedia&parent=1364"}],"curies":[{"name":"wp","href":"https:\/\/api.w.org\/{rel}","templated":true}]}}