{"id":13612,"date":"2020-06-05T11:43:19","date_gmt":"2020-06-05T11:43:19","guid":{"rendered":"https:\/\/www.mairie-chailly-en-biere.fr\/?page_id=13612"},"modified":"2023-12-13T08:57:52","modified_gmt":"2023-12-13T08:57:52","slug":"les-entrepreneurs-de-chailly-fay","status":"publish","type":"page","link":"https:\/\/www.mairie-chailly-en-biere.fr\/?page_id=13612","title":{"rendered":"Les entrepreneurs de Chailly \/ Fa\u00ff"},"content":{"rendered":"<p style=\"text-align: justify;\"><img loading=\"lazy\" decoding=\"async\" class=\"size-medium wp-image-13661 alignleft\" src=\"https:\/\/www.mairie-chailly-en-biere.fr\/wp-content\/uploads\/LOGO-NTREPREPRENEURSDECHAIL-300x289.jpg\" alt=\"\" width=\"300\" height=\"289\" srcset=\"https:\/\/www.mairie-chailly-en-biere.fr\/wp-content\/uploads\/LOGO-NTREPREPRENEURSDECHAIL-300x289.jpg 300w, https:\/\/www.mairie-chailly-en-biere.fr\/wp-content\/uploads\/LOGO-NTREPREPRENEURSDECHAIL.jpg 375w\" sizes=\"auto, (max-width: 300px) 100vw, 300px\" \/>Publi\u00e9e au journal officiel du 28\/02\/2020, l&rsquo;<a href=\"https:\/\/www.mairie-chailly-en-biere.fr\/wp-content\/uploads\/ENTREPREPRENEURSDECHAILLY.pdf\">Association des Entrepreneurs de Chally\/Fa\u00ff<\/a> a pour objet de <em>\u00ab\u00a0promouvoir, d\u00e9velopper, repr\u00e9senter l&rsquo;activit\u00e9 \u00e9conomique de l&rsquo;ensemble des commer\u00e7ants, artisans, agriculteurs, professionnels lib\u00e9raux, industriels, prestataires de services et l&rsquo;ensemble des entreprises aupr\u00e8s des administrations, collectivit\u00e9s locales,&#8230;\u00a0\u00bb<\/em><\/p>\n<pre>Associations \"Les Entrepreneurs de Chailly\/Fa\u00ff\r\nen Mairie \r\n2 place du G\u00e9n\u00e9ral Leclerc\r\n77930 CHAILLY-EN-BIERE\r\nlesentrepreneursdechaily@gmail.com<\/pre>\n<p>&nbsp;<\/p>\n","protected":false},"excerpt":{"rendered":"<p>Publi\u00e9e au journal officiel du 28\/02\/2020, l&rsquo;Association des Entrepreneurs de Chally\/Fa\u00ff a pour objet de \u00ab\u00a0promouvoir, d\u00e9velopper, repr\u00e9senter l&rsquo;activit\u00e9 \u00e9conomique de l&rsquo;ensemble des commer\u00e7ants, artisans, agriculteurs, professionnels lib\u00e9raux, industriels, prestataires de services et l&rsquo;ensemble des entreprises aupr\u00e8s des administrations, collectivit\u00e9s locales,&#8230;\u00a0\u00bb Associations \u00ab\u00a0Les Entrepreneurs de Chailly\/Fa\u00ff en Mairie 2 place du G\u00e9n\u00e9ral Leclerc 77930 CHAILLY-EN-BIERE &hellip; <\/p>\n<p><a class=\"more-link btn\" href=\"https:\/\/www.mairie-chailly-en-biere.fr\/?page_id=13612\">Lire la suite<\/a><\/p>\n","protected":false},"author":2,"featured_media":0,"parent":12426,"menu_order":9,"comment_status":"closed","ping_status":"closed","template":"","meta":{"footnotes":""},"class_list":["post-13612","page","type-page","status-publish","hentry","nodate","item-wrap"],"_links":{"self":[{"href":"https:\/\/www.mairie-chailly-en-biere.fr\/index.php?rest_route=\/wp\/v2\/pages\/13612","targetHints":{"allow":["GET"]}}],"collection":[{"href":"https:\/\/www.mairie-chailly-en-biere.fr\/index.php?rest_route=\/wp\/v2\/pages"}],"about":[{"href":"https:\/\/www.mairie-chailly-en-biere.fr\/index.php?rest_route=\/wp\/v2\/types\/page"}],"author":[{"embeddable":true,"href":"https:\/\/www.mairie-chailly-en-biere.fr\/index.php?rest_route=\/wp\/v2\/users\/2"}],"replies":[{"embeddable":true,"href":"https:\/\/www.mairie-chailly-en-biere.fr\/index.php?rest_route=%2Fwp%2Fv2%2Fcomments&post=13612"}],"version-history":[{"count":6,"href":"https:\/\/www.mairie-chailly-en-biere.fr\/index.php?rest_route=\/wp\/v2\/pages\/13612\/revisions"}],"predecessor-version":[{"id":13662,"href":"https:\/\/www.mairie-chailly-en-biere.fr\/index.php?rest_route=\/wp\/v2\/pages\/13612\/revisions\/13662"}],"up":[{"embeddable":true,"href":"https:\/\/www.mairie-chailly-en-biere.fr\/index.php?rest_route=\/wp\/v2\/pages\/12426"}],"wp:attachment":[{"href":"https:\/\/www.mairie-chailly-en-biere.fr\/index.php?rest_route=%2Fwp%2Fv2%2Fmedia&parent=13612"}],"curies":[{"name":"wp","href":"https:\/\/api.w.org\/{rel}","templated":true}]}}