{"id":1358,"date":"2011-03-09T11:10:50","date_gmt":"2011-03-09T11:10:50","guid":{"rendered":"https:\/\/www.mairie-chailly-en-biere.fr\/?page_id=1358"},"modified":"2011-03-10T14:42:54","modified_gmt":"2011-03-10T14:42:54","slug":"voies-postales-chaillotines","status":"publish","type":"page","link":"https:\/\/www.mairie-chailly-en-biere.fr\/?page_id=1358","title":{"rendered":"Voies postales chaillotines"},"content":{"rendered":"<div id=\"attachment_1507\" style=\"width: 300px\" class=\"wp-caption alignleft\"><a href=\"https:\/\/www.mairie-chailly-en-biere.fr\/?attachment_id=1507\" rel=\"attachment wp-att-1507\"><img loading=\"lazy\" decoding=\"async\" aria-describedby=\"caption-attachment-1507\" src=\"https:\/\/www.mairie-chailly-en-biere.fr\/wp-content\/uploads\/la-poste2-300x235.jpg\" alt=\"Le bureau de poste\" title=\"Le bureau de poste \" width=\"300\" height=\"235\" class=\"size-medium wp-image-1507\" srcset=\"https:\/\/www.mairie-chailly-en-biere.fr\/wp-content\/uploads\/la-poste2-300x235.jpg 300w, https:\/\/www.mairie-chailly-en-biere.fr\/wp-content\/uploads\/la-poste2.jpg 350w\" sizes=\"auto, (max-width: 300px) 100vw, 300px\" \/><\/a><p id=\"caption-attachment-1507\" class=\"wp-caption-text\">Le bureau de poste<\/p><\/div>\n<p>Louis XI est consid\u00e9r\u00e9 comme le cr\u00e9ateur de la poste d\u2019\u00e9tat c\u2019est-\u00e0-dire la mise en place d\u2019un syst\u00e8me de transport \u00e0 relais de 4 lieues \u00e0 partir de 1464 pour le service de l\u2019Etat. Il faudra attendre Henri III n\u00e9 en 1551 \u00e0 Fontainebleau pour que la poste soit pour la premi\u00e8re fois mise \u00e0 la disposition des particuliers. Quinze routes postales rayonnaient autour de Paris et sillonnaient le territoire.<\/p>\n<p>Chailly, situ\u00e9 sur la route postale n\u00b0 9 de Paris \u00e0 Lyon, poss\u00e9dait une relais de poste aux chevaux install\u00e9 dans les murs de l\u2019Auberge du Cheval Blanc.<\/p>\n<p>Le relais jouait un r\u00f4le important pour l\u2019activit\u00e9 du village. Le service postal se superposait au service de la diligence et des messageries. Il fallait h\u00e9berger et nourrir les voyageurs, entretenir les voitures, mais surtout fournir des chevaux frais aux convois et coursiers circulant \u00ab le cul en selle \u00bb.<\/p>\n<p>De nombreux chaillotins furent li\u00e9s \u00e0 la vie de ce relais : palefreniers, bourreliers, mar\u00e9chaux-ferrants, charrons, ainsi que tout le personnel des auberges. Le Ma\u00eetre de Poste coordonnait et surveillait tout ce monde. Il poss\u00e9dait un brevet d\u00e9livr\u00e9 par le Surintendant des Postes et b\u00e9n\u00e9ficiait du privil\u00e8ge de ne pas payer la taille (imp\u00f4t cons\u00e9quent).<\/p>\n<div id=\"attachment_1508\" style=\"width: 300px\" class=\"wp-caption alignright\"><a href=\"https:\/\/www.mairie-chailly-en-biere.fr\/?attachment_id=1508\" rel=\"attachment wp-att-1508\"><img loading=\"lazy\" decoding=\"async\" aria-describedby=\"caption-attachment-1508\" src=\"https:\/\/www.mairie-chailly-en-biere.fr\/wp-content\/uploads\/la-poste-300x202.jpg\" alt=\"La poste\" title=\"La poste\" width=\"300\" height=\"202\" class=\"size-medium wp-image-1508\" srcset=\"https:\/\/www.mairie-chailly-en-biere.fr\/wp-content\/uploads\/la-poste-300x202.jpg 300w, https:\/\/www.mairie-chailly-en-biere.fr\/wp-content\/uploads\/la-poste.jpg 350w\" sizes=\"auto, (max-width: 300px) 100vw, 300px\" \/><\/a><p id=\"caption-attachment-1508\" class=\"wp-caption-text\">La poste<\/p><\/div>\n<p>A la fin du 16e si\u00e8cle les trois derniers titulaires de cette importante fonction furent Jacques Caillou pr\u00e9d\u00e9cesseur de la famille D\u00e9lions qui poss\u00e9dait la ferme de la Fromagerie et les terres du Clos Matagon. Antoine D\u00e9lions, Ma\u00eetre de Poste aux chevaux fut d\u00e9sign\u00e9 comme Maire en 1791 jusqu\u2019en 1814. Monsieur Ferdinand Caill\u00e9 dernier ma\u00eetre de Poste en 1836 assurera \u00e9galement la fonction de Maire de 1831 \u00e0 1852.<\/p>\n<p>La poste aux lettres s\u2019acc\u00e9l\u00e8re : Turgot fut le cr\u00e9ateur de la malle-poste plus l\u00e9g\u00e8re mais plus rapide que la diligence, elle r\u00e9duit de 5 jours \u00e0 34 heures le trajet Paris-Lyon. La malle-poste ne prend en charge qu\u2019un ou deux voyageurs. Les romans de Balzac donnent de nombreux exemples de cet usage.<\/p>\n<p>En 1849, le chemin de fer arrive \u00e0 Melun et avec lui le courrier. Une malle-poste termine l\u2019acheminement. La m\u00eame ann\u00e9e fut cr\u00e9\u00e9 le timbre-poste qui \u00e9tendra la taxe postale \u00e0 l\u2019ensemble du pays.<\/p>\n<p>Les cartes postales apparurent par d\u00e9cision minist\u00e9rielle du 15 janvier 1873, la m\u00eame ann\u00e9e 7 412 000 en furent vendues.<\/p>\n<p>En 1899, le courrier emprunte \u00e0 Melun le petit train de Barbizon en correspondance avec les wagons postaux. Malgr\u00e9 de nombreuses plaintes dues \u00e0 son horaire, il en assurera le transport jusqu\u2019en 1938.<\/p>\n<p>Le bureau de poste que nous connaissons fut achet\u00e9 \u00e0 M. Duch\u00eane par l\u2019administration des postes et ouvert au public le 2 d\u00e9cembre 1865. Depuis cette date m\u00e9morable, je vous citerai quelques noms de receveurs qui ont travaill\u00e9 avec d\u00e9vouement au service postal :<\/p>\n<p>Mme Duch\u00eane 1865 \u2013 Mme Veuve Lef\u00e8vre 1910 \u2013 Mme Dufr\u00eane 1920 \u2013 M. Babilasse 1930 \u2013 Mme Richard \u2013 M. Quivers \u2013 Mme Dou\u00e7ot (retrait\u00e9e bien connue des chaillotins).<\/p>\n<p>Dans la liste importante de pr\u00e9pos\u00e9s qu\u2019on appelait \u00ab facteurs \u00bb qui se sont succ\u00e9d\u00e9s \u00e0 Chailly, tout le monde se souvient de Mme Dupuis. Elle profite aujourd\u2019hui d\u2019une retraite bien m\u00e9rit\u00e9e.<\/p>\n<p>Notre receveur actuel Mme Dansler et son \u00e9quipe de collaborateurs perp\u00e9tuent avec beaucoup de gentillesse et d\u2019amabilit\u00e9 ce service postal si appr\u00e9ci\u00e9 de tous.<\/p>\n<p>Comme le disait si bien Mme de S\u00e9vign\u00e9 \u00ab quelle belle invention que la poste \u00bb.<\/p>\n<p>J.P. LEFLOCH<\/p>\n<p>B.M. n\u00b0 34 \u2013 Juin 1993<\/p>\n","protected":false},"excerpt":{"rendered":"<p>Louis XI est consid\u00e9r\u00e9 comme le cr\u00e9ateur de la poste d\u2019\u00e9tat c\u2019est-\u00e0-dire la mise en place d\u2019un syst\u00e8me de transport \u00e0 relais de 4 lieues \u00e0 partir de 1464 pour le service de l\u2019Etat. Il faudra attendre Henri III n\u00e9 en 1551 \u00e0 Fontainebleau pour que la poste soit pour la premi\u00e8re fois mise \u00e0 &hellip; <\/p>\n<p><a class=\"more-link btn\" href=\"https:\/\/www.mairie-chailly-en-biere.fr\/?page_id=1358\">Lire la suite<\/a><\/p>\n","protected":false},"author":2,"featured_media":0,"parent":1361,"menu_order":2,"comment_status":"closed","ping_status":"closed","template":"","meta":{"footnotes":""},"class_list":["post-1358","page","type-page","status-publish","hentry","nodate","item-wrap"],"_links":{"self":[{"href":"https:\/\/www.mairie-chailly-en-biere.fr\/index.php?rest_route=\/wp\/v2\/pages\/1358","targetHints":{"allow":["GET"]}}],"collection":[{"href":"https:\/\/www.mairie-chailly-en-biere.fr\/index.php?rest_route=\/wp\/v2\/pages"}],"about":[{"href":"https:\/\/www.mairie-chailly-en-biere.fr\/index.php?rest_route=\/wp\/v2\/types\/page"}],"author":[{"embeddable":true,"href":"https:\/\/www.mairie-chailly-en-biere.fr\/index.php?rest_route=\/wp\/v2\/users\/2"}],"replies":[{"embeddable":true,"href":"https:\/\/www.mairie-chailly-en-biere.fr\/index.php?rest_route=%2Fwp%2Fv2%2Fcomments&post=1358"}],"version-history":[{"count":10,"href":"https:\/\/www.mairie-chailly-en-biere.fr\/index.php?rest_route=\/wp\/v2\/pages\/1358\/revisions"}],"predecessor-version":[{"id":1506,"href":"https:\/\/www.mairie-chailly-en-biere.fr\/index.php?rest_route=\/wp\/v2\/pages\/1358\/revisions\/1506"}],"up":[{"embeddable":true,"href":"https:\/\/www.mairie-chailly-en-biere.fr\/index.php?rest_route=\/wp\/v2\/pages\/1361"}],"wp:attachment":[{"href":"https:\/\/www.mairie-chailly-en-biere.fr\/index.php?rest_route=%2Fwp%2Fv2%2Fmedia&parent=1358"}],"curies":[{"name":"wp","href":"https:\/\/api.w.org\/{rel}","templated":true}]}}