{"id":1356,"date":"2011-03-09T11:05:11","date_gmt":"2011-03-09T11:05:11","guid":{"rendered":"https:\/\/www.mairie-chailly-en-biere.fr\/?page_id=1356"},"modified":"2011-03-17T15:37:02","modified_gmt":"2011-03-17T15:37:02","slug":"les-egreneuses-du-temps","status":"publish","type":"page","link":"https:\/\/www.mairie-chailly-en-biere.fr\/?page_id=1356","title":{"rendered":"Les \u00e9greneuses du temps"},"content":{"rendered":"<div id=\"attachment_2092\" style=\"width: 400px\" class=\"wp-caption alignleft\"><a href=\"https:\/\/www.mairie-chailly-en-biere.fr\/?attachment_id=2092\" rel=\"attachment wp-att-2092\"><img loading=\"lazy\" decoding=\"async\" aria-describedby=\"caption-attachment-2092\" src=\"https:\/\/www.mairie-chailly-en-biere.fr\/wp-content\/uploads\/eglise21.jpg\" alt=\"Eglise\" title=\"Eglise \" width=\"400\" height=\"256\" class=\"size-full wp-image-2092\" srcset=\"https:\/\/www.mairie-chailly-en-biere.fr\/wp-content\/uploads\/eglise21.jpg 400w, https:\/\/www.mairie-chailly-en-biere.fr\/wp-content\/uploads\/eglise21-300x192.jpg 300w\" sizes=\"auto, (max-width: 400px) 100vw, 400px\" \/><\/a><p id=\"caption-attachment-2092\" class=\"wp-caption-text\">Eglise <\/p><\/div>\n<p>Depuis sa cr\u00e9ation, l\u2019\u00e9glise de Chailly-en-Bi\u00e8re poss\u00e9da de nombreuses cloches, bris\u00e9es bien souvent durant les invasions. J\u2019en d\u00e9nombre SEPT jusqu\u2019\u00e0 nos jours. Voici le texte du re\u00e7u du fondeur pour une cloche livr\u00e9e \u00e0 Chailly-en-Bi\u00e8re : \u00ab le 6 juin 1588, Claude Carmer, fondeur de cloche \u00e0 Pont-sur-Yonne, reconnais avoir re\u00e7u de Cl\u00e9ment Bouchore, marguillier en l\u2019\u00e9glise Saint-Paul de Chailly-en-Bi\u00e8re, la somme de 30 \u00e9cus d\u2019or soleil pour le prix d\u2019une cloche fabriqu\u00e9e et fournie \u00e0 l\u2019\u00e9glise de Chailly. Devant Ma\u00eetre David, notaire \u00e0 Melun*.<\/p>\n<p>Notre favorite : la cloche de l\u2019Ang\u00e9lus, une splendide \u0153uvre d\u2019art, fut b\u00e9nite le 29 mai 1823. Le parrain : Messire Charles Dubois Delaunay, chevalier de l\u2019ordre royal de Saint-Louis, maire de la commune ; la marraine : Demoiselle Charlotte de Champeron.<\/p>\n<p>L\u2019Ang\u00e9lus refl\u00e9ta tout le caract\u00e8re des gens de cette \u00e9poque, elles inspira une romance \u00e0 Marius Riccard, plut\u00f4t une oraison \u00ab la pri\u00e8re du soir \u00bb dont voici quelques vers :<\/p>\n<p>Tinte cloche pieuse<br \/>\nTa voix religieuse<br \/>\nRemplit l\u2019\u00e2me r\u00eaveuse<br \/>\nD\u2019un doux et saint espoir<br \/>\nEt quand ta voix expire<br \/>\nLa brise qui soupire<br \/>\nAu ciel s\u2019en va redire<br \/>\nla pri\u00e8re du soir<\/p>\n<p>L\u2019\u00e9cho de la vall\u00e9e<br \/>\nLa branche parfum\u00e9e<br \/>\nQui se berce embaum\u00e9e<br \/>\nAinsi qu\u2019un encensoir<br \/>\nL\u2019oiseau dans le feuillage<br \/>\nLe ruisseau dans l\u2019herbage<br \/>\nTout dit dans son langage<br \/>\nLa pri\u00e8re du soir<\/p>\n<p>Et triste sur la terre<br \/>\nJ\u2019\u00e9coute solitaire<br \/>\nCette douce pri\u00e8re<br \/>\nR\u00eavant \u00e0 mon devoir<br \/>\nPrie aussi toi mon \u00e2me<br \/>\nQue la foi qui t\u2019enflamme<br \/>\nRedise en mots de flamme<br \/>\nLa pri\u00e8re du soir<\/p>\n<p>D\u00e9funte, la cloche de l\u2019Ang\u00e9lus, f\u00eal\u00e9e \u00e0 force de carillonner, servit en partie \u00e0 la refonte de deux autres de 500 et 340 kilos, cr\u00e9ant carillon par leurs octaves.<\/p>\n<p>Les anciens se souviennent : le 4 septembre 1966, elles furent b\u00e9nites par son excellence Monseigneur Jacques M\u00e9nager, \u00e9v\u00eaque de Meaux, en pr\u00e9sence de Monsieur l\u2019abb\u00e9 Maurice Legros, cur\u00e9 doyen et de Monsieur Jacques Bertheau \u2013 Maire de Chailly.<\/p>\n<p>Les parrains et marraines :<\/p>\n<p>Monsieur Marcel Baurain et Madame Lucienne Billard, pour la premi\u00e8re,<br \/>\nMonsieur Gabriel Chambraud et Madame Lucie Drulle, pour la seconde, ancienne conseill\u00e8re municipale et habitant toujours le village.<\/p>\n<p>\u00ab\u00a0H\u00e9riti\u00e8res d\u2019une tradition, elles rythment les heures importantes de notre vie, chaque matin et chaque soir l\u2019ANGELUS \u00bb.<\/p>\n<p>J.P.L.<br \/>\nB.M. n\u00b0 22 \u2013 Septembre 1989<\/p>\n","protected":false},"excerpt":{"rendered":"<p>Depuis sa cr\u00e9ation, l\u2019\u00e9glise de Chailly-en-Bi\u00e8re poss\u00e9da de nombreuses cloches, bris\u00e9es bien souvent durant les invasions. J\u2019en d\u00e9nombre SEPT jusqu\u2019\u00e0 nos jours. Voici le texte du re\u00e7u du fondeur pour une cloche livr\u00e9e \u00e0 Chailly-en-Bi\u00e8re : \u00ab le 6 juin 1588, Claude Carmer, fondeur de cloche \u00e0 Pont-sur-Yonne, reconnais avoir re\u00e7u de Cl\u00e9ment Bouchore, marguillier &hellip; <\/p>\n<p><a class=\"more-link btn\" href=\"https:\/\/www.mairie-chailly-en-biere.fr\/?page_id=1356\">Lire la suite<\/a><\/p>\n","protected":false},"author":2,"featured_media":0,"parent":55,"menu_order":2,"comment_status":"closed","ping_status":"closed","template":"","meta":{"footnotes":""},"class_list":["post-1356","page","type-page","status-publish","hentry","nodate","item-wrap"],"_links":{"self":[{"href":"https:\/\/www.mairie-chailly-en-biere.fr\/index.php?rest_route=\/wp\/v2\/pages\/1356","targetHints":{"allow":["GET"]}}],"collection":[{"href":"https:\/\/www.mairie-chailly-en-biere.fr\/index.php?rest_route=\/wp\/v2\/pages"}],"about":[{"href":"https:\/\/www.mairie-chailly-en-biere.fr\/index.php?rest_route=\/wp\/v2\/types\/page"}],"author":[{"embeddable":true,"href":"https:\/\/www.mairie-chailly-en-biere.fr\/index.php?rest_route=\/wp\/v2\/users\/2"}],"replies":[{"embeddable":true,"href":"https:\/\/www.mairie-chailly-en-biere.fr\/index.php?rest_route=%2Fwp%2Fv2%2Fcomments&post=1356"}],"version-history":[{"count":5,"href":"https:\/\/www.mairie-chailly-en-biere.fr\/index.php?rest_route=\/wp\/v2\/pages\/1356\/revisions"}],"predecessor-version":[{"id":2096,"href":"https:\/\/www.mairie-chailly-en-biere.fr\/index.php?rest_route=\/wp\/v2\/pages\/1356\/revisions\/2096"}],"up":[{"embeddable":true,"href":"https:\/\/www.mairie-chailly-en-biere.fr\/index.php?rest_route=\/wp\/v2\/pages\/55"}],"wp:attachment":[{"href":"https:\/\/www.mairie-chailly-en-biere.fr\/index.php?rest_route=%2Fwp%2Fv2%2Fmedia&parent=1356"}],"curies":[{"name":"wp","href":"https:\/\/api.w.org\/{rel}","templated":true}]}}