{"id":13143,"date":"2020-03-12T11:04:08","date_gmt":"2020-03-12T11:04:08","guid":{"rendered":"https:\/\/www.mairie-chailly-en-biere.fr\/?page_id=13143"},"modified":"2020-03-12T11:10:50","modified_gmt":"2020-03-12T11:10:50","slug":"hippocrat","status":"publish","type":"page","link":"https:\/\/www.mairie-chailly-en-biere.fr\/?page_id=13143","title":{"rendered":"HippoCRAT"},"content":{"rendered":"<p style=\"text-align: justify;\"><img loading=\"lazy\" decoding=\"async\" class=\" wp-image-13142 alignleft\" src=\"https:\/\/www.mairie-chailly-en-biere.fr\/wp-content\/uploads\/LOGO-HippoCRAT-300x300.jpg\" alt=\"\" width=\"238\" height=\"238\" srcset=\"https:\/\/www.mairie-chailly-en-biere.fr\/wp-content\/uploads\/LOGO-HippoCRAT-300x300.jpg 300w, https:\/\/www.mairie-chailly-en-biere.fr\/wp-content\/uploads\/LOGO-HippoCRAT-150x150.jpg 150w, https:\/\/www.mairie-chailly-en-biere.fr\/wp-content\/uploads\/LOGO-HippoCRAT.jpg 500w\" sizes=\"auto, (max-width: 238px) 100vw, 238px\" \/><a href=\"https:\/\/www.helloasso.com\/associations\/hippocrat\">HippoCRAT<\/a> est une association \u00e0 but non lucratif cr\u00e9\u00e9e par des cavaliers afin d\u2019organiser des animations dans les centres \u00e9questres, de collecter des fonds pour le bien \u00eatre des \u00e9quid\u00e9s et de d\u00e9velopper l&rsquo;accessibilit\u00e9 \u00e0 la th\u00e9rapie avec les \u00e9quid\u00e9s.<\/p>\n<p style=\"text-align: justify;\">Contact par mail <a href=\"mailto:asso.hippoCRAT@gmail.com\">asso.hippoCRAT@gmail.com<\/a> ou au Poney Club de Chailly-en-Bi\u00e8re (77930) &#8211; 30 chemin vert.<\/p>\n<p><a href=\"https:\/\/www.mairie-chailly-en-biere.fr\/wp-content\/uploads\/Journal-Officiel-HippoCRAT.pdf\">Journal Officiel HippoCRAT<\/a><\/p>\n","protected":false},"excerpt":{"rendered":"<p>HippoCRAT est une association \u00e0 but non lucratif cr\u00e9\u00e9e par des cavaliers afin d\u2019organiser des animations dans les centres \u00e9questres, de collecter des fonds pour le bien \u00eatre des \u00e9quid\u00e9s et de d\u00e9velopper l&rsquo;accessibilit\u00e9 \u00e0 la th\u00e9rapie avec les \u00e9quid\u00e9s. Contact par mail asso.hippoCRAT@gmail.com ou au Poney Club de Chailly-en-Bi\u00e8re (77930) &#8211; 30 chemin vert. &hellip; <\/p>\n<p><a class=\"more-link btn\" href=\"https:\/\/www.mairie-chailly-en-biere.fr\/?page_id=13143\">Lire la suite<\/a><\/p>\n","protected":false},"author":2,"featured_media":0,"parent":12426,"menu_order":7,"comment_status":"closed","ping_status":"closed","template":"","meta":{"footnotes":""},"class_list":["post-13143","page","type-page","status-publish","hentry","nodate","item-wrap"],"_links":{"self":[{"href":"https:\/\/www.mairie-chailly-en-biere.fr\/index.php?rest_route=\/wp\/v2\/pages\/13143","targetHints":{"allow":["GET"]}}],"collection":[{"href":"https:\/\/www.mairie-chailly-en-biere.fr\/index.php?rest_route=\/wp\/v2\/pages"}],"about":[{"href":"https:\/\/www.mairie-chailly-en-biere.fr\/index.php?rest_route=\/wp\/v2\/types\/page"}],"author":[{"embeddable":true,"href":"https:\/\/www.mairie-chailly-en-biere.fr\/index.php?rest_route=\/wp\/v2\/users\/2"}],"replies":[{"embeddable":true,"href":"https:\/\/www.mairie-chailly-en-biere.fr\/index.php?rest_route=%2Fwp%2Fv2%2Fcomments&post=13143"}],"version-history":[{"count":5,"href":"https:\/\/www.mairie-chailly-en-biere.fr\/index.php?rest_route=\/wp\/v2\/pages\/13143\/revisions"}],"predecessor-version":[{"id":13153,"href":"https:\/\/www.mairie-chailly-en-biere.fr\/index.php?rest_route=\/wp\/v2\/pages\/13143\/revisions\/13153"}],"up":[{"embeddable":true,"href":"https:\/\/www.mairie-chailly-en-biere.fr\/index.php?rest_route=\/wp\/v2\/pages\/12426"}],"wp:attachment":[{"href":"https:\/\/www.mairie-chailly-en-biere.fr\/index.php?rest_route=%2Fwp%2Fv2%2Fmedia&parent=13143"}],"curies":[{"name":"wp","href":"https:\/\/api.w.org\/{rel}","templated":true}]}}