{"id":13017,"date":"2020-02-20T14:51:05","date_gmt":"2020-02-20T14:51:05","guid":{"rendered":"https:\/\/www.mairie-chailly-en-biere.fr\/?page_id=13017"},"modified":"2023-08-30T12:22:26","modified_gmt":"2023-08-30T12:22:26","slug":"chailly-un-avenir-sans-nuisance","status":"publish","type":"page","link":"https:\/\/www.mairie-chailly-en-biere.fr\/?page_id=13017","title":{"rendered":"Chailly : un avenir sans nuisance"},"content":{"rendered":"<p><img loading=\"lazy\" decoding=\"async\" class=\"size-medium wp-image-16833 alignleft\" src=\"https:\/\/www.mairie-chailly-en-biere.fr\/wp-content\/uploads\/CHAILLY-UNAVENIRSANSNUISANCE-291x300.jpg\" alt=\"\" width=\"291\" height=\"300\" srcset=\"https:\/\/www.mairie-chailly-en-biere.fr\/wp-content\/uploads\/CHAILLY-UNAVENIRSANSNUISANCE-291x300.jpg 291w, https:\/\/www.mairie-chailly-en-biere.fr\/wp-content\/uploads\/CHAILLY-UNAVENIRSANSNUISANCE-555x573.jpg 555w, https:\/\/www.mairie-chailly-en-biere.fr\/wp-content\/uploads\/CHAILLY-UNAVENIRSANSNUISANCE.jpg 593w\" sizes=\"auto, (max-width: 291px) 100vw, 291px\" \/><\/p>\n<p>\u00ab Chailly : Un avenir sans nuisance \u00bb a \u00e9t\u00e9 cr\u00e9\u00e9e le 11 d\u00e9cembre 2019. Elle a pour objet :<\/p>\n<ul>\n<li>la lutte contre les nuisances ;<\/li>\n<li>le droit au sommeil ;<\/li>\n<li>la pr\u00e9servation de la s\u00e9curit\u00e9 et de la sant\u00e9 ;<\/li>\n<li>la protection, l\u2019am\u00e9lioration du cadre de vie et de l\u2019environnement ;<\/li>\n<li>la repr\u00e9sentation et la d\u00e9fense des int\u00e9r\u00eats des habitants ;<\/li>\n<li>l\u2019action par toutes voies de droit, y compris par des actions de justice, \u00e0 l\u2019effet d\u2019assurer la s\u00e9curit\u00e9 et la qui\u00e9tude des habitants.<\/li>\n<\/ul>\n<p>&nbsp;<\/p>\n<p>Contact : Monsieur Didier MERCIER 06.25.80.39.76.<\/p>\n<p><a href=\"mailto:association.chailly.un.avenir.sans.nuisance@laposte.net\">association.chailly.un.avenir.sans.nuisance@laposte.net<\/a><\/p>\n","protected":false},"excerpt":{"rendered":"<p>\u00ab Chailly : Un avenir sans nuisance \u00bb a \u00e9t\u00e9 cr\u00e9\u00e9e le 11 d\u00e9cembre 2019. Elle a pour objet : la lutte contre les nuisances ; le droit au sommeil ; la pr\u00e9servation de la s\u00e9curit\u00e9 et de la sant\u00e9 ; la protection, l\u2019am\u00e9lioration du cadre de vie et de l\u2019environnement ; la repr\u00e9sentation et &hellip; <\/p>\n<p><a class=\"more-link btn\" href=\"https:\/\/www.mairie-chailly-en-biere.fr\/?page_id=13017\">Lire la suite<\/a><\/p>\n","protected":false},"author":2,"featured_media":0,"parent":12426,"menu_order":7,"comment_status":"closed","ping_status":"closed","template":"","meta":{"footnotes":""},"class_list":["post-13017","page","type-page","status-publish","hentry","nodate","item-wrap"],"_links":{"self":[{"href":"https:\/\/www.mairie-chailly-en-biere.fr\/index.php?rest_route=\/wp\/v2\/pages\/13017","targetHints":{"allow":["GET"]}}],"collection":[{"href":"https:\/\/www.mairie-chailly-en-biere.fr\/index.php?rest_route=\/wp\/v2\/pages"}],"about":[{"href":"https:\/\/www.mairie-chailly-en-biere.fr\/index.php?rest_route=\/wp\/v2\/types\/page"}],"author":[{"embeddable":true,"href":"https:\/\/www.mairie-chailly-en-biere.fr\/index.php?rest_route=\/wp\/v2\/users\/2"}],"replies":[{"embeddable":true,"href":"https:\/\/www.mairie-chailly-en-biere.fr\/index.php?rest_route=%2Fwp%2Fv2%2Fcomments&post=13017"}],"version-history":[{"count":6,"href":"https:\/\/www.mairie-chailly-en-biere.fr\/index.php?rest_route=\/wp\/v2\/pages\/13017\/revisions"}],"predecessor-version":[{"id":16838,"href":"https:\/\/www.mairie-chailly-en-biere.fr\/index.php?rest_route=\/wp\/v2\/pages\/13017\/revisions\/16838"}],"up":[{"embeddable":true,"href":"https:\/\/www.mairie-chailly-en-biere.fr\/index.php?rest_route=\/wp\/v2\/pages\/12426"}],"wp:attachment":[{"href":"https:\/\/www.mairie-chailly-en-biere.fr\/index.php?rest_route=%2Fwp%2Fv2%2Fmedia&parent=13017"}],"curies":[{"name":"wp","href":"https:\/\/api.w.org\/{rel}","templated":true}]}}