{"id":130,"date":"2010-12-17T06:26:22","date_gmt":"2010-12-17T06:26:22","guid":{"rendered":"https:\/\/www.mairie-chailly-en-biere.fr\/?page_id=130"},"modified":"2011-03-31T08:31:43","modified_gmt":"2011-03-31T08:31:43","slug":"la-vache-a-lait","status":"publish","type":"page","link":"https:\/\/www.mairie-chailly-en-biere.fr\/?page_id=130","title":{"rendered":"Barbizon&#8230;\u00a0\u00bbLa vache \u00e0 lait de Chailly\u00a0\u00bb"},"content":{"rendered":"<p>Aux environs de 1848, Millet et le m\u00e9lancolique Rousseau s\u2019installent \u00e0  Barbizon, c\u2019\u00e9tait un hameau perdu au milieu de landes et de bois habit\u00e9s par de  pauvres b\u00fbcherons et de laboureurs de \u00ab champs maigres \u00bb. Barbizon \u00e9tait alors  un hameau de Chailly-en-Bi\u00e8re.<\/p>\n<p>En moins d\u2019un demi-si\u00e8cle, le d\u00e9veloppement de Barbizon fut  impressionnant.<\/p>\n<p>A l\u2019aube de 20e si\u00e8cle, le chemin de fer du PLM amenait les  touristes jusqu\u2019\u00e0 Melun et bient\u00f4t le tramway les conduirait de Melun \u00e0 Barbizon  via Chailly-en-Bi\u00e8re. Chailly, vou\u00e9 \u00e0 l\u2019agriculture, fonctionnait au gr\u00e9 des  saisons, de r\u00e9coltes en r\u00e9coltes.<\/p>\n<p>Au conseil municipal, les 8 conseillers chaillotins disposaient  d\u2019une confortable majorit\u00e9. Un vent de r\u00e9volte grondait dans le hameau. Petit \u00e0  petit ses capacit\u00e9s d\u2019accueil augmentaient, on comptait bient\u00f4t 5 h\u00f4tels, des  villas, locations et meubl\u00e9s voyaient le jour. Les peintres, hommes de lettres  et excursionnistes affluaient.<\/p>\n<p>En 1896, la commune de Chailly compte 1162 habitants dont 391 \u00e0  Barbizon. La population du hameau gronde : le cantonnier communal est presque  inconnu \u00e0 Barbizon, l\u2019\u00e9glise, la mairie, le cimeti\u00e8re sont \u00e0 3 kilom\u00e8tres.<\/p>\n<p>Tous les commerces sont install\u00e9s \u00e0 Chailly, de la couturi\u00e8re  modiste au docteur, en passant par le boucher, le boulanger, les entreprises de  ma\u00e7onnerie, les peintres (en b\u00e2timent), les menuisiers, les man\u0153uvres et femmes  de journ\u00e9es viennent tous de Chailly. Tant de b\u00e9n\u00e9fices commerciaux joints aux  apports d\u2019imp\u00f4ts sont insupportables !<\/p>\n<p>Des propos autonomistes circulent, la cr\u00e9ation d\u2019une commission  syndicale est envisag\u00e9e. Le 24 juin 1900, le Maire de Chailly temp\u00eate et s\u2019\u00e9l\u00e8ve  vigoureusement contre le projet et met en demeure Barbizon de citer des faits  illustrant leurs revendications et griefs.<\/p>\n<p>Le 5 ao\u00fbt 1900 la section de Barbizon de la commune de  Chailly-en-Bi\u00e8re est appel\u00e9e \u00e0 \u00e9lire les cinq membres de la commission  syndicale. Tous de Barbizon charg\u00e9s de r\u00e9fl\u00e9chir \u00e0 \u00ab l\u2019\u00e9rection de Barbizon en  commune s\u00e9par\u00e9e \u00bb. La section de Barbizon comptait 128 \u00e9lecteurs inscrits, le  nombre de votes exprim\u00e9s en faveur du projet fut de 88, tous valables. La  majorit\u00e9 absolue requise est de 45. Le rituel de l\u2019\u00e9lection \u00e9tait alors en tous  points semblable \u00e0 ce que nous pratiquons de nos jours.<\/p>\n<p>La moyenne d\u2019\u00e2ge des membres du syndicat est de 43 ans. Des  cinq membres de la commission, trois sont cultivateurs : Meneux, Lamiraut et  Caron. Les deux autres, Delorme et Comble sont tous deux propri\u00e9taires. M.  Comble \u00e9tant en outre artiste peintre et sera \u00e9lu Pr\u00e9sident de la commission  syndicale. Il jouera un r\u00f4le d\u00e9cisif dans l\u2019adoption du projet. Le projet est  accablant pour Chailly et la r\u00e9plique malais\u00e9e.<\/p>\n<p>Le 19 juillet, les huit conseillers municipaux de Chailly  boycottent la s\u00e9ance o\u00f9 l\u2019on doit discuter du projet.<\/p>\n<p>Le Pr\u00e9fet tance s\u00e9v\u00e8rement les \u00e9lus de Chailly.<\/p>\n<p>Le 20 novembre 1903, une loi ins\u00e9r\u00e9e au Journal Officiel le 26  novembre consacre la division. La dissolution du conseil municipal de Chailly  est prononc\u00e9e, la mise en place d\u2019une d\u00e9l\u00e9gation charg\u00e9e d\u2019exp\u00e9dier les affaires  courantes pr\u00e9sid\u00e9es par M. R\u00e9my Moreau (l\u2019ancien maire) assist\u00e9 de Messieurs  Gr\u00e9goire et Lambelin, est mise en place.<\/p>\n<p>Viennent ensuite les discussions interminables sur la  r\u00e9partition du budget de 1904.<\/p>\n<p>Il ne fait aucun doute que le Pr\u00e9sident de la commission  syndicale, propri\u00e9taire et artiste peintre, avait \u00able bras long \u00bb mais il faut  bien reconna\u00eetre que cette s\u00e9paration \u00e9tait in\u00e9luctable.<\/p>\n<p>Bien entendu, je vous fais gr\u00e2ce des chicaneries, des insultes,  noms d\u2019oiseaux, entorses \u00e0 la v\u00e9rit\u00e9 qui \u00e9maill\u00e8rent le processus \u00ab d\u2019\u00e9rection \u00bb  de Barbizon au statut de commune s\u00e9par\u00e9e.<br \/>\n(1) Extrait du projet de la commission  syndicale<br \/>\nL.F.B.B.M. n\u00b0 54 \u2013 juin 2001<\/p>\n","protected":false},"excerpt":{"rendered":"<p>Aux environs de 1848, Millet et le m\u00e9lancolique Rousseau s\u2019installent \u00e0 Barbizon, c\u2019\u00e9tait un hameau perdu au milieu de landes et de bois habit\u00e9s par de pauvres b\u00fbcherons et de laboureurs de \u00ab champs maigres \u00bb. Barbizon \u00e9tait alors un hameau de Chailly-en-Bi\u00e8re. En moins d\u2019un demi-si\u00e8cle, le d\u00e9veloppement de Barbizon fut impressionnant. A l\u2019aube &hellip; <\/p>\n<p><a class=\"more-link btn\" href=\"https:\/\/www.mairie-chailly-en-biere.fr\/?page_id=130\">Lire la suite<\/a><\/p>\n","protected":false},"author":2,"featured_media":0,"parent":101,"menu_order":3,"comment_status":"closed","ping_status":"closed","template":"","meta":{"footnotes":""},"class_list":["post-130","page","type-page","status-publish","hentry","nodate","item-wrap"],"_links":{"self":[{"href":"https:\/\/www.mairie-chailly-en-biere.fr\/index.php?rest_route=\/wp\/v2\/pages\/130","targetHints":{"allow":["GET"]}}],"collection":[{"href":"https:\/\/www.mairie-chailly-en-biere.fr\/index.php?rest_route=\/wp\/v2\/pages"}],"about":[{"href":"https:\/\/www.mairie-chailly-en-biere.fr\/index.php?rest_route=\/wp\/v2\/types\/page"}],"author":[{"embeddable":true,"href":"https:\/\/www.mairie-chailly-en-biere.fr\/index.php?rest_route=\/wp\/v2\/users\/2"}],"replies":[{"embeddable":true,"href":"https:\/\/www.mairie-chailly-en-biere.fr\/index.php?rest_route=%2Fwp%2Fv2%2Fcomments&post=130"}],"version-history":[{"count":12,"href":"https:\/\/www.mairie-chailly-en-biere.fr\/index.php?rest_route=\/wp\/v2\/pages\/130\/revisions"}],"predecessor-version":[{"id":2379,"href":"https:\/\/www.mairie-chailly-en-biere.fr\/index.php?rest_route=\/wp\/v2\/pages\/130\/revisions\/2379"}],"up":[{"embeddable":true,"href":"https:\/\/www.mairie-chailly-en-biere.fr\/index.php?rest_route=\/wp\/v2\/pages\/101"}],"wp:attachment":[{"href":"https:\/\/www.mairie-chailly-en-biere.fr\/index.php?rest_route=%2Fwp%2Fv2%2Fmedia&parent=130"}],"curies":[{"name":"wp","href":"https:\/\/api.w.org\/{rel}","templated":true}]}}