{"id":12460,"date":"2019-08-14T07:54:19","date_gmt":"2019-08-14T07:54:19","guid":{"rendered":"https:\/\/www.mairie-chailly-en-biere.fr\/?page_id=12460"},"modified":"2023-08-31T08:18:54","modified_gmt":"2023-08-31T08:18:54","slug":"larbre-a-palabres-songo","status":"publish","type":"page","link":"https:\/\/www.mairie-chailly-en-biere.fr\/?page_id=12460","title":{"rendered":"L&rsquo;arbre \u00e0 palabres Songo"},"content":{"rendered":"<p><img loading=\"lazy\" decoding=\"async\" class=\"aligncenter wp-image-15321 size-full\" src=\"https:\/\/www.mairie-chailly-en-biere.fr\/wp-content\/uploads\/ARBREAPALABRES.jpg\" alt=\"\" width=\"541\" height=\"151\" srcset=\"https:\/\/www.mairie-chailly-en-biere.fr\/wp-content\/uploads\/ARBREAPALABRES.jpg 541w, https:\/\/www.mairie-chailly-en-biere.fr\/wp-content\/uploads\/ARBREAPALABRES-300x84.jpg 300w\" sizes=\"auto, (max-width: 541px) 100vw, 541px\" \/><\/p>\n<blockquote>\n<p style=\"text-align: center;\"><strong><em>\u00ab Semez, patientez et r\u00e9coltez \u00bb (proverbe \u00ab d\u2019inspiration burkinab\u00e9e)\u00bb<\/em><\/strong><\/p>\n<\/blockquote>\n<p>&nbsp;<\/p>\n<p style=\"text-align: justify;\">Notre association a f\u00eat\u00e9 ses dix ans d\u2019existence en 2021. Elle a pour objectif d\u2019apporter une aide \u00e0 la scolarit\u00e9 de jeunes \u00e9l\u00e8ves d\u2019un village situ\u00e9 au sud du Burkina Faso. En 2021, ils sont plus d\u2019une centaine \u00e0 b\u00e9n\u00e9ficier de son soutien et certains \u00ab parrain\u00e9s \u00bb ont d\u2019ailleurs obtenu leur baccalaur\u00e9at et poursuivent des \u00e9tudes sup\u00e9rieures.<\/p>\n<p style=\"text-align: justify;\">Le co\u00fbt annuel\u00a0 par \u00e9l\u00e8ve en cycle primaire s\u2019\u00e9l\u00e8ve \u00e0 50 ou 70\u20ac (dont 66 % rembours\u00e9s par l\u2019\u00e9tat au titre de l\u2019aide aux associations d\u00e9clar\u00e9es d\u2019int\u00e9r\u00eat g\u00e9n\u00e9ral).<\/p>\n<p>Le Burkina Faso est un pays o\u00f9 l\u2019\u00e9cole est payante et o\u00f9 chaque classe accueille environ 70 \u00e9l\u00e8ves\u00a0!<\/p>\n<p>Plus que jamais, ils ont besoin de nous.<\/p>\n<p>Venez nous rejoindre, merci d\u2019avance.<\/p>\n<p>Visitez notre site Web\u2026\u2026Vous y d\u00e9couvrirez un pays attachant et des gamins souriants.<\/p>\n<p style=\"text-align: center;\">T\u00e9l\u00a0: 06 80 10 24 40<\/p>\n<p style=\"text-align: center;\">Mail\u00a0: <a href=\"mailto:songoburkina@free.fr\">songoburkina@free.fr<\/a><\/p>\n<p style=\"text-align: center;\"><a href=\"https:\/\/arbre-a-palabres.asso-web.com\/\" target=\"_blank\" rel=\"noopener\">https:\/\/arbre-a-palabres.asso-web.com\/<\/a><\/p>\n","protected":false},"excerpt":{"rendered":"<p>\u00ab Semez, patientez et r\u00e9coltez \u00bb (proverbe \u00ab d\u2019inspiration burkinab\u00e9e)\u00bb &nbsp; Notre association a f\u00eat\u00e9 ses dix ans d\u2019existence en 2021. Elle a pour objectif d\u2019apporter une aide \u00e0 la scolarit\u00e9 de jeunes \u00e9l\u00e8ves d\u2019un village situ\u00e9 au sud du Burkina Faso. En 2021, ils sont plus d\u2019une centaine \u00e0 b\u00e9n\u00e9ficier de son soutien et &hellip; <\/p>\n<p><a class=\"more-link btn\" href=\"https:\/\/www.mairie-chailly-en-biere.fr\/?page_id=12460\">Lire la suite<\/a><\/p>\n","protected":false},"author":2,"featured_media":0,"parent":12426,"menu_order":1,"comment_status":"closed","ping_status":"closed","template":"","meta":{"footnotes":""},"class_list":["post-12460","page","type-page","status-publish","hentry","nodate","item-wrap"],"_links":{"self":[{"href":"https:\/\/www.mairie-chailly-en-biere.fr\/index.php?rest_route=\/wp\/v2\/pages\/12460","targetHints":{"allow":["GET"]}}],"collection":[{"href":"https:\/\/www.mairie-chailly-en-biere.fr\/index.php?rest_route=\/wp\/v2\/pages"}],"about":[{"href":"https:\/\/www.mairie-chailly-en-biere.fr\/index.php?rest_route=\/wp\/v2\/types\/page"}],"author":[{"embeddable":true,"href":"https:\/\/www.mairie-chailly-en-biere.fr\/index.php?rest_route=\/wp\/v2\/users\/2"}],"replies":[{"embeddable":true,"href":"https:\/\/www.mairie-chailly-en-biere.fr\/index.php?rest_route=%2Fwp%2Fv2%2Fcomments&post=12460"}],"version-history":[{"count":4,"href":"https:\/\/www.mairie-chailly-en-biere.fr\/index.php?rest_route=\/wp\/v2\/pages\/12460\/revisions"}],"predecessor-version":[{"id":16852,"href":"https:\/\/www.mairie-chailly-en-biere.fr\/index.php?rest_route=\/wp\/v2\/pages\/12460\/revisions\/16852"}],"up":[{"embeddable":true,"href":"https:\/\/www.mairie-chailly-en-biere.fr\/index.php?rest_route=\/wp\/v2\/pages\/12426"}],"wp:attachment":[{"href":"https:\/\/www.mairie-chailly-en-biere.fr\/index.php?rest_route=%2Fwp%2Fv2%2Fmedia&parent=12460"}],"curies":[{"name":"wp","href":"https:\/\/api.w.org\/{rel}","templated":true}]}}