{"id":12438,"date":"2019-08-13T13:41:25","date_gmt":"2019-08-13T13:41:25","guid":{"rendered":"https:\/\/www.mairie-chailly-en-biere.fr\/?page_id=12438"},"modified":"2019-08-13T14:01:36","modified_gmt":"2019-08-13T14:01:36","slug":"universite-inter-ages","status":"publish","type":"page","link":"https:\/\/www.mairie-chailly-en-biere.fr\/?page_id=12438","title":{"rendered":"Universit\u00e9 inter \u00e2ges"},"content":{"rendered":"<p><img loading=\"lazy\" decoding=\"async\" class=\"aligncenter wp-image-12238 size-large\" src=\"https:\/\/www.mairie-chailly-en-biere.fr\/wp-content\/uploads\/UNIVERSITE-INTER-AGES-700x199.jpg\" alt=\"\" width=\"555\" height=\"158\" srcset=\"https:\/\/www.mairie-chailly-en-biere.fr\/wp-content\/uploads\/UNIVERSITE-INTER-AGES-700x199.jpg 700w, https:\/\/www.mairie-chailly-en-biere.fr\/wp-content\/uploads\/UNIVERSITE-INTER-AGES-300x85.jpg 300w, https:\/\/www.mairie-chailly-en-biere.fr\/wp-content\/uploads\/UNIVERSITE-INTER-AGES.jpg 750w\" sizes=\"auto, (max-width: 555px) 100vw, 555px\" \/>L\u2019UIA, Universit\u00e9 inter \u00e2ges de Melun Val de Seine, est ouverte \u00e0 tous ceux qui souhaitent approfondir leurs connaissances, d\u00e9couvrir, partager dans de multiples domaines (cuisine, informatique, arts, sciences, histoire, litt\u00e9rature, botanique etc\u2026). L\u2019UIA vous propose une journ\u00e9e \u00abPortes ouvertes\u00bb le Samedi 7 septembre 2019, de 10 h \u00e0 18 h,\u00a0 23 rue du Ch\u00e2teau \u00e0 Melun.<\/p>\n<p>Les calendriers des cours, le dossier d\u2019inscription sont disponibles sur le site internet de la Communaut\u00e9 d\u2019agglom\u00e9ration Melun Val de Seine <a href=\"https:\/\/www.melunvaldeseine.fr\/envie-de-bouger\/luniversite-inter-ages-melun-val-de-seine\" target=\"_blank\" rel=\"noopener noreferrer\">https:\/\/www.melunvaldeseine.fr\/envie-de-bouger\/luniversite-inter-ages-melun-val-de-seine (t\u00e9l. 01.64.52.01.21.)<\/a><\/p>\n<p><em>Information : Les conf\u00e9rences d&rsquo;Annette GELINET, conf\u00e9renci\u00e8re de la Ville de Melun (Reg\u2019art), sont d\u00e9sormais donn\u00e9es dans\u00a0 le cadre de la\u00a0 ville de Melun. <\/em><em>Elle se tiennent toujours les lundis apr\u00e8s-midi et vendredis soir. Ces conf\u00e9rences <\/em><strong><i>sont enti\u00e8rement gratuites pour tous<\/i><\/strong><em>. La saison d\u00e9butera d\u00e8s le 30 septembre. <\/em><em>Si vous d\u00e9sirez le programme de ces conf\u00e9rences n&rsquo;h\u00e9sitez pas \u00e0 \u00e9crire \u00e0 l&rsquo;adresse mail suivante\u00a0 : <\/em><em><a href=\"mailto:agelinet@ville-melun.fr\">agelinet@ville-melun.fr<\/a><\/em><\/p>\n","protected":false},"excerpt":{"rendered":"<p>L\u2019UIA, Universit\u00e9 inter \u00e2ges de Melun Val de Seine, est ouverte \u00e0 tous ceux qui souhaitent approfondir leurs connaissances, d\u00e9couvrir, partager dans de multiples domaines (cuisine, informatique, arts, sciences, histoire, litt\u00e9rature, botanique etc\u2026). L\u2019UIA vous propose une journ\u00e9e \u00abPortes ouvertes\u00bb le Samedi 7 septembre 2019, de 10 h \u00e0 18 h,\u00a0 23 rue du Ch\u00e2teau &hellip; <\/p>\n<p><a class=\"more-link btn\" href=\"https:\/\/www.mairie-chailly-en-biere.fr\/?page_id=12438\">Lire la suite<\/a><\/p>\n","protected":false},"author":2,"featured_media":0,"parent":12430,"menu_order":8,"comment_status":"closed","ping_status":"closed","template":"","meta":{"footnotes":""},"class_list":["post-12438","page","type-page","status-publish","hentry","nodate","item-wrap"],"_links":{"self":[{"href":"https:\/\/www.mairie-chailly-en-biere.fr\/index.php?rest_route=\/wp\/v2\/pages\/12438","targetHints":{"allow":["GET"]}}],"collection":[{"href":"https:\/\/www.mairie-chailly-en-biere.fr\/index.php?rest_route=\/wp\/v2\/pages"}],"about":[{"href":"https:\/\/www.mairie-chailly-en-biere.fr\/index.php?rest_route=\/wp\/v2\/types\/page"}],"author":[{"embeddable":true,"href":"https:\/\/www.mairie-chailly-en-biere.fr\/index.php?rest_route=\/wp\/v2\/users\/2"}],"replies":[{"embeddable":true,"href":"https:\/\/www.mairie-chailly-en-biere.fr\/index.php?rest_route=%2Fwp%2Fv2%2Fcomments&post=12438"}],"version-history":[{"count":2,"href":"https:\/\/www.mairie-chailly-en-biere.fr\/index.php?rest_route=\/wp\/v2\/pages\/12438\/revisions"}],"predecessor-version":[{"id":12440,"href":"https:\/\/www.mairie-chailly-en-biere.fr\/index.php?rest_route=\/wp\/v2\/pages\/12438\/revisions\/12440"}],"up":[{"embeddable":true,"href":"https:\/\/www.mairie-chailly-en-biere.fr\/index.php?rest_route=\/wp\/v2\/pages\/12430"}],"wp:attachment":[{"href":"https:\/\/www.mairie-chailly-en-biere.fr\/index.php?rest_route=%2Fwp%2Fv2%2Fmedia&parent=12438"}],"curies":[{"name":"wp","href":"https:\/\/api.w.org\/{rel}","templated":true}]}}