{"id":12430,"date":"2019-08-13T13:33:32","date_gmt":"2019-08-13T13:33:32","guid":{"rendered":"https:\/\/www.mairie-chailly-en-biere.fr\/?page_id=12430"},"modified":"2024-03-22T10:40:00","modified_gmt":"2024-03-22T10:40:00","slug":"associations-exterieures","status":"publish","type":"page","link":"https:\/\/www.mairie-chailly-en-biere.fr\/?page_id=12430","title":{"rendered":"Associations ext\u00e9rieures"},"content":{"rendered":"<ul>\n<li><a href=\"https:\/\/www.mairie-chailly-en-biere.fr\/?page_id=12434\">Arts martiaux du Pays de Bi\u00e8re (AMPB77)<\/a><\/li>\n<li><a href=\"https:\/\/www.mairie-chailly-en-biere.fr\/?page_id=12460\">L\u2019arbre \u00e0 palabres Songo<\/a><\/li>\n<li><a href=\"https:\/\/www.barbizonjudo.fr\/\">Barbizon judo club<\/a><\/li>\n<li><a href=\"https:\/\/www.mairie-chailly-en-biere.fr\/?page_id=12532\">BUDO SHOTOKAN \u2013 KARATE CLUB ORGENOY \u2013 BOISSISE-LE-ROI<\/a><\/li>\n<li><a href=\"https:\/\/esdtt.jimdofree.com\/\">Cobras du lys<\/a><\/li>\n<li><a href=\"https:\/\/www.mairie-chailly-en-biere.fr\/?page_id=12525\">La grue blanche<\/a><\/li>\n<li><a href=\"https:\/\/www.mairie-chailly-en-biere.fr\/?page_id=12436\">H\u00e9risson 77 \u2013 Festival du Pays de Bi\u00e8re<\/a><\/li>\n<li><a href=\"https:\/\/www.mairie-chailly-en-biere.fr\/?page_id=12432\">Retraite Sportive F\u00e9r\u00e9opontaine<\/a><\/li>\n<li><a href=\"https:\/\/www.mairie-chailly-en-biere.fr\/?page_id=12428\">Roller Skating club de Boissise \u2013 Orgenoy (RSCBO)<\/a><\/li>\n<li><a href=\"https:\/\/www.mairie-chailly-en-biere.fr\/?page_id=12438\">Universit\u00e9 inter \u00e2ges<\/a><\/li>\n<\/ul>\n","protected":false},"excerpt":{"rendered":"<p>Arts martiaux du Pays de Bi\u00e8re (AMPB77) L\u2019arbre \u00e0 palabres Songo Barbizon judo club BUDO SHOTOKAN \u2013 KARATE CLUB ORGENOY \u2013 BOISSISE-LE-ROI Cobras du lys La grue blanche H\u00e9risson 77 \u2013 Festival du Pays de Bi\u00e8re Retraite Sportive F\u00e9r\u00e9opontaine Roller Skating club de Boissise \u2013 Orgenoy (RSCBO) Universit\u00e9 inter \u00e2ges<\/p>\n","protected":false},"author":2,"featured_media":0,"parent":12369,"menu_order":6,"comment_status":"closed","ping_status":"closed","template":"","meta":{"footnotes":""},"class_list":["post-12430","page","type-page","status-publish","hentry","nodate","item-wrap"],"_links":{"self":[{"href":"https:\/\/www.mairie-chailly-en-biere.fr\/index.php?rest_route=\/wp\/v2\/pages\/12430","targetHints":{"allow":["GET"]}}],"collection":[{"href":"https:\/\/www.mairie-chailly-en-biere.fr\/index.php?rest_route=\/wp\/v2\/pages"}],"about":[{"href":"https:\/\/www.mairie-chailly-en-biere.fr\/index.php?rest_route=\/wp\/v2\/types\/page"}],"author":[{"embeddable":true,"href":"https:\/\/www.mairie-chailly-en-biere.fr\/index.php?rest_route=\/wp\/v2\/users\/2"}],"replies":[{"embeddable":true,"href":"https:\/\/www.mairie-chailly-en-biere.fr\/index.php?rest_route=%2Fwp%2Fv2%2Fcomments&post=12430"}],"version-history":[{"count":8,"href":"https:\/\/www.mairie-chailly-en-biere.fr\/index.php?rest_route=\/wp\/v2\/pages\/12430\/revisions"}],"predecessor-version":[{"id":15202,"href":"https:\/\/www.mairie-chailly-en-biere.fr\/index.php?rest_route=\/wp\/v2\/pages\/12430\/revisions\/15202"}],"up":[{"embeddable":true,"href":"https:\/\/www.mairie-chailly-en-biere.fr\/index.php?rest_route=\/wp\/v2\/pages\/12369"}],"wp:attachment":[{"href":"https:\/\/www.mairie-chailly-en-biere.fr\/index.php?rest_route=%2Fwp%2Fv2%2Fmedia&parent=12430"}],"curies":[{"name":"wp","href":"https:\/\/api.w.org\/{rel}","templated":true}]}}