{"id":12426,"date":"2019-08-13T13:24:52","date_gmt":"2019-08-13T13:24:52","guid":{"rendered":"https:\/\/www.mairie-chailly-en-biere.fr\/?page_id=12426"},"modified":"2025-03-24T09:23:33","modified_gmt":"2025-03-24T09:23:33","slug":"associations-environnement","status":"publish","type":"page","link":"https:\/\/www.mairie-chailly-en-biere.fr\/?page_id=12426","title":{"rendered":"Associations diverses (environnement, parents d&rsquo;\u00e9l\u00e8ves&#8230;)"},"content":{"rendered":"<ul>\n<li><a href=\"https:\/\/www.mairie-chailly-en-biere.fr\/?page_id=18496\" target=\"_blank\" rel=\"noopener\">Chailly &#8211; Harmonie sociale et environnementale<\/a><\/li>\n<li><a href=\"https:\/\/www.mairie-chailly-en-biere.fr\/?page_id=12388\">Les amis de la for\u00eat de Fontainebleau<\/a><\/li>\n<li><a href=\"https:\/\/www.mairie-chailly-en-biere.fr\/?page_id=12390\">Eco Chailly<\/a><\/li>\n<li><a href=\"https:\/\/www.mairie-chailly-en-biere.fr\/?page_id=12418\">Fa\u00ff environnement<\/a><\/li>\n<li><a href=\"https:\/\/www.mairie-chailly-en-biere.fr\/?page_id=13017\">Chailly : un avenir sans nuisances<\/a><\/li>\n<li><a href=\"https:\/\/www.mairie-chailly-en-biere.fr\/?page_id=13143\">HippoCrat<\/a><\/li>\n<li><a href=\"https:\/\/www.mairie-chailly-en-biere.fr\/?page_id=13612\">Les entrepreneurs de Chailly-Fa\u00ff<\/a><\/li>\n<li><a href=\"https:\/\/www.mairie-chailly-en-biere.fr\/?page_id=16260\">Les lutins chaillotins<\/a><\/li>\n<\/ul>\n","protected":false},"excerpt":{"rendered":"<p>Chailly &#8211; Harmonie sociale et environnementale Les amis de la for\u00eat de Fontainebleau Eco Chailly Fa\u00ff environnement Chailly : un avenir sans nuisances HippoCrat Les entrepreneurs de Chailly-Fa\u00ff Les lutins chaillotins<\/p>\n","protected":false},"author":2,"featured_media":0,"parent":12369,"menu_order":3,"comment_status":"closed","ping_status":"closed","template":"","meta":{"footnotes":""},"class_list":["post-12426","page","type-page","status-publish","hentry","nodate","item-wrap"],"_links":{"self":[{"href":"https:\/\/www.mairie-chailly-en-biere.fr\/index.php?rest_route=\/wp\/v2\/pages\/12426","targetHints":{"allow":["GET"]}}],"collection":[{"href":"https:\/\/www.mairie-chailly-en-biere.fr\/index.php?rest_route=\/wp\/v2\/pages"}],"about":[{"href":"https:\/\/www.mairie-chailly-en-biere.fr\/index.php?rest_route=\/wp\/v2\/types\/page"}],"author":[{"embeddable":true,"href":"https:\/\/www.mairie-chailly-en-biere.fr\/index.php?rest_route=\/wp\/v2\/users\/2"}],"replies":[{"embeddable":true,"href":"https:\/\/www.mairie-chailly-en-biere.fr\/index.php?rest_route=%2Fwp%2Fv2%2Fcomments&post=12426"}],"version-history":[{"count":11,"href":"https:\/\/www.mairie-chailly-en-biere.fr\/index.php?rest_route=\/wp\/v2\/pages\/12426\/revisions"}],"predecessor-version":[{"id":18498,"href":"https:\/\/www.mairie-chailly-en-biere.fr\/index.php?rest_route=\/wp\/v2\/pages\/12426\/revisions\/18498"}],"up":[{"embeddable":true,"href":"https:\/\/www.mairie-chailly-en-biere.fr\/index.php?rest_route=\/wp\/v2\/pages\/12369"}],"wp:attachment":[{"href":"https:\/\/www.mairie-chailly-en-biere.fr\/index.php?rest_route=%2Fwp%2Fv2%2Fmedia&parent=12426"}],"curies":[{"name":"wp","href":"https:\/\/api.w.org\/{rel}","templated":true}]}}