{"id":12424,"date":"2019-08-13T13:22:34","date_gmt":"2019-08-13T13:22:34","guid":{"rendered":"https:\/\/www.mairie-chailly-en-biere.fr\/?page_id=12424"},"modified":"2023-08-31T08:17:26","modified_gmt":"2023-08-31T08:17:26","slug":"associations-loisirs-culture","status":"publish","type":"page","link":"https:\/\/www.mairie-chailly-en-biere.fr\/?page_id=12424","title":{"rendered":"Associations loisirs &#8211; culture &#8211; patrimoine"},"content":{"rendered":"<ol>\n<li><a href=\"https:\/\/www.mairie-chailly-en-biere.fr\/?page_id=12382\">Acad\u00e9mie des Arts<\/a><\/li>\n<li><a href=\"https:\/\/www.mairie-chailly-en-biere.fr\/?page_id=12386\">Comit\u00e9 des loisirs<\/a><\/li>\n<li>Amicale franco portugaise<\/li>\n<li><a href=\"https:\/\/www.mairie-chailly-en-biere.fr\/?page_id=12401\">Famille et Loisirs<\/a><\/li>\n<li><a href=\"https:\/\/www.mairie-chailly-en-biere.fr\/?page_id=15252\">Chailly-Fa\u00ff Patrimoine et culture<\/a><\/li>\n<\/ol>\n","protected":false},"excerpt":{"rendered":"<p>Acad\u00e9mie des Arts Comit\u00e9 des loisirs Amicale franco portugaise Famille et Loisirs Chailly-Fa\u00ff Patrimoine et culture<\/p>\n","protected":false},"author":2,"featured_media":0,"parent":12369,"menu_order":2,"comment_status":"closed","ping_status":"closed","template":"","meta":{"footnotes":""},"class_list":["post-12424","page","type-page","status-publish","hentry","nodate","item-wrap"],"_links":{"self":[{"href":"https:\/\/www.mairie-chailly-en-biere.fr\/index.php?rest_route=\/wp\/v2\/pages\/12424","targetHints":{"allow":["GET"]}}],"collection":[{"href":"https:\/\/www.mairie-chailly-en-biere.fr\/index.php?rest_route=\/wp\/v2\/pages"}],"about":[{"href":"https:\/\/www.mairie-chailly-en-biere.fr\/index.php?rest_route=\/wp\/v2\/types\/page"}],"author":[{"embeddable":true,"href":"https:\/\/www.mairie-chailly-en-biere.fr\/index.php?rest_route=\/wp\/v2\/users\/2"}],"replies":[{"embeddable":true,"href":"https:\/\/www.mairie-chailly-en-biere.fr\/index.php?rest_route=%2Fwp%2Fv2%2Fcomments&post=12424"}],"version-history":[{"count":6,"href":"https:\/\/www.mairie-chailly-en-biere.fr\/index.php?rest_route=\/wp\/v2\/pages\/12424\/revisions"}],"predecessor-version":[{"id":16851,"href":"https:\/\/www.mairie-chailly-en-biere.fr\/index.php?rest_route=\/wp\/v2\/pages\/12424\/revisions\/16851"}],"up":[{"embeddable":true,"href":"https:\/\/www.mairie-chailly-en-biere.fr\/index.php?rest_route=\/wp\/v2\/pages\/12369"}],"wp:attachment":[{"href":"https:\/\/www.mairie-chailly-en-biere.fr\/index.php?rest_route=%2Fwp%2Fv2%2Fmedia&parent=12424"}],"curies":[{"name":"wp","href":"https:\/\/api.w.org\/{rel}","templated":true}]}}