{"id":12418,"date":"2019-08-13T13:18:26","date_gmt":"2019-08-13T13:18:26","guid":{"rendered":"https:\/\/www.mairie-chailly-en-biere.fr\/?page_id=12418"},"modified":"2020-03-12T10:50:49","modified_gmt":"2020-03-12T10:50:49","slug":"fay-environnement","status":"publish","type":"page","link":"https:\/\/www.mairie-chailly-en-biere.fr\/?page_id=12418","title":{"rendered":"Fa\u00ff environnement"},"content":{"rendered":"<p><img loading=\"lazy\" decoding=\"async\" class=\"alignleft wp-image-11810 size-thumbnail\" src=\"https:\/\/www.mairie-chailly-en-biere.fr\/wp-content\/uploads\/ASSOCIATION-FAY_001-150x150.jpg\" alt=\"\" width=\"150\" height=\"150\" \/>Les habitants de Fa\u00ff ont souhait\u00e9 se rassembler dans une association pour prot\u00e9ger le patrimoine de leur hameau tant sur le plan architectural que sur le plan environnemental.<\/p>\n<p>Contact : <a href=\"mailto:fay.environnement@free.fr\">fay.environnement@free.fr<\/a><\/p>\n<p>&nbsp;<\/p>\n","protected":false},"excerpt":{"rendered":"<p>Les habitants de Fa\u00ff ont souhait\u00e9 se rassembler dans une association pour prot\u00e9ger le patrimoine de leur hameau tant sur le plan architectural que sur le plan environnemental. Contact : fay.environnement@free.fr &nbsp;<\/p>\n","protected":false},"author":2,"featured_media":0,"parent":12426,"menu_order":6,"comment_status":"closed","ping_status":"closed","template":"","meta":{"footnotes":""},"class_list":["post-12418","page","type-page","status-publish","hentry","nodate","item-wrap"],"_links":{"self":[{"href":"https:\/\/www.mairie-chailly-en-biere.fr\/index.php?rest_route=\/wp\/v2\/pages\/12418","targetHints":{"allow":["GET"]}}],"collection":[{"href":"https:\/\/www.mairie-chailly-en-biere.fr\/index.php?rest_route=\/wp\/v2\/pages"}],"about":[{"href":"https:\/\/www.mairie-chailly-en-biere.fr\/index.php?rest_route=\/wp\/v2\/types\/page"}],"author":[{"embeddable":true,"href":"https:\/\/www.mairie-chailly-en-biere.fr\/index.php?rest_route=\/wp\/v2\/users\/2"}],"replies":[{"embeddable":true,"href":"https:\/\/www.mairie-chailly-en-biere.fr\/index.php?rest_route=%2Fwp%2Fv2%2Fcomments&post=12418"}],"version-history":[{"count":1,"href":"https:\/\/www.mairie-chailly-en-biere.fr\/index.php?rest_route=\/wp\/v2\/pages\/12418\/revisions"}],"predecessor-version":[{"id":12419,"href":"https:\/\/www.mairie-chailly-en-biere.fr\/index.php?rest_route=\/wp\/v2\/pages\/12418\/revisions\/12419"}],"up":[{"embeddable":true,"href":"https:\/\/www.mairie-chailly-en-biere.fr\/index.php?rest_route=\/wp\/v2\/pages\/12426"}],"wp:attachment":[{"href":"https:\/\/www.mairie-chailly-en-biere.fr\/index.php?rest_route=%2Fwp%2Fv2%2Fmedia&parent=12418"}],"curies":[{"name":"wp","href":"https:\/\/api.w.org\/{rel}","templated":true}]}}