{"id":12413,"date":"2019-08-13T13:13:47","date_gmt":"2019-08-13T13:13:47","guid":{"rendered":"https:\/\/www.mairie-chailly-en-biere.fr\/?page_id=12413"},"modified":"2023-08-31T08:04:01","modified_gmt":"2023-08-31T08:04:01","slug":"escrime","status":"publish","type":"page","link":"https:\/\/www.mairie-chailly-en-biere.fr\/?page_id=12413","title":{"rendered":"Pays de Fontainebleau Escrime club 77"},"content":{"rendered":"<p style=\"text-align: justify;\"><a href=\"https:\/\/www.mairie-chailly-en-biere.fr\/wp-content\/uploads\/ESCRIME.jpg\"><img loading=\"lazy\" decoding=\"async\" class=\"aligncenter size-full wp-image-16821\" src=\"https:\/\/www.mairie-chailly-en-biere.fr\/wp-content\/uploads\/PAYSDEFONTAINEBLEAU-ESCRIME.jpg\" alt=\"\" width=\"198\" height=\"200\" \/><img loading=\"lazy\" decoding=\"async\" class=\"alignleft size-thumbnail wp-image-6380\" src=\"https:\/\/www.mairie-chailly-en-biere.fr\/wp-content\/uploads\/ESCRIME-150x150.jpg\" alt=\"ESCRIME\" width=\"150\" height=\"150\" \/><\/a>Ce club d&rsquo;\u00e9p\u00e9istes propose, \u00e0 partir de 4-5ans, <a href=\"https:\/\/www.mairie-chailly-en-biere.fr\/wp-content\/uploads\/flyerESCRIME_PFEC77_clubEPEE_AOUT21.pdf\">des cours du lundi au vendredi.<\/a><\/p>\n<p>Pour tout renseignement : Sophie FREYERMUTH-MABIKA au 06.10.57.83.66 ou <a href=\"mailto:smfreyermuth@yahoo.fr\">smfreyermuth@yahoo.fr<\/a><\/p>\n<p><a href=\"https:\/\/www.facebook.com\/PaysDeFontainebleauEscrime77\" target=\"_blank\" rel=\"noopener\">https:\/\/www.facebook.com\/PaysDeFontainebleauEscrime77<\/a><\/p>\n<p>&nbsp;<\/p>\n<p>&nbsp;<\/p>\n<p>&nbsp;<\/p>\n<p>&nbsp;<\/p>\n","protected":false},"excerpt":{"rendered":"<p>Ce club d&rsquo;\u00e9p\u00e9istes propose, \u00e0 partir de 4-5ans, des cours du lundi au vendredi. Pour tout renseignement : Sophie FREYERMUTH-MABIKA au 06.10.57.83.66 ou smfreyermuth@yahoo.fr https:\/\/www.facebook.com\/PaysDeFontainebleauEscrime77 &nbsp; &nbsp; &nbsp; &nbsp;<\/p>\n","protected":false},"author":2,"featured_media":0,"parent":12422,"menu_order":6,"comment_status":"closed","ping_status":"closed","template":"","meta":{"footnotes":""},"class_list":["post-12413","page","type-page","status-publish","hentry","nodate","item-wrap"],"_links":{"self":[{"href":"https:\/\/www.mairie-chailly-en-biere.fr\/index.php?rest_route=\/wp\/v2\/pages\/12413","targetHints":{"allow":["GET"]}}],"collection":[{"href":"https:\/\/www.mairie-chailly-en-biere.fr\/index.php?rest_route=\/wp\/v2\/pages"}],"about":[{"href":"https:\/\/www.mairie-chailly-en-biere.fr\/index.php?rest_route=\/wp\/v2\/types\/page"}],"author":[{"embeddable":true,"href":"https:\/\/www.mairie-chailly-en-biere.fr\/index.php?rest_route=\/wp\/v2\/users\/2"}],"replies":[{"embeddable":true,"href":"https:\/\/www.mairie-chailly-en-biere.fr\/index.php?rest_route=%2Fwp%2Fv2%2Fcomments&post=12413"}],"version-history":[{"count":9,"href":"https:\/\/www.mairie-chailly-en-biere.fr\/index.php?rest_route=\/wp\/v2\/pages\/12413\/revisions"}],"predecessor-version":[{"id":16822,"href":"https:\/\/www.mairie-chailly-en-biere.fr\/index.php?rest_route=\/wp\/v2\/pages\/12413\/revisions\/16822"}],"up":[{"embeddable":true,"href":"https:\/\/www.mairie-chailly-en-biere.fr\/index.php?rest_route=\/wp\/v2\/pages\/12422"}],"wp:attachment":[{"href":"https:\/\/www.mairie-chailly-en-biere.fr\/index.php?rest_route=%2Fwp%2Fv2%2Fmedia&parent=12413"}],"curies":[{"name":"wp","href":"https:\/\/api.w.org\/{rel}","templated":true}]}}