{"id":12408,"date":"2019-08-13T13:09:20","date_gmt":"2019-08-13T13:09:20","guid":{"rendered":"https:\/\/www.mairie-chailly-en-biere.fr\/?page_id=12408"},"modified":"2019-08-13T13:46:46","modified_gmt":"2019-08-13T13:46:46","slug":"le-souvenir-francais","status":"publish","type":"page","link":"https:\/\/www.mairie-chailly-en-biere.fr\/?page_id=12408","title":{"rendered":"Le Souvenir Fran\u00e7ais"},"content":{"rendered":"<div id=\"attachment_887\" style=\"width: 484px\" class=\"wp-caption aligncenter\"><a href=\"https:\/\/www.mairie-chailly-en-biere.fr\/?attachment_id=887\" rel=\"attachment wp-att-887\"><img loading=\"lazy\" decoding=\"async\" aria-describedby=\"caption-attachment-887\" class=\"size-full wp-image-887\" title=\"Souvenir Fran\u00e7ais\" src=\"https:\/\/www.mairie-chailly-en-biere.fr\/wp-content\/uploads\/SOUVENIRFRANCAIS-LOGO.jpg\" alt=\"Comit\u00e9 de Dammarie-L\u00e8s-Lys - Pays de Bi\u00e8re\" width=\"484\" height=\"127\" srcset=\"https:\/\/www.mairie-chailly-en-biere.fr\/wp-content\/uploads\/SOUVENIRFRANCAIS-LOGO.jpg 410w, https:\/\/www.mairie-chailly-en-biere.fr\/wp-content\/uploads\/SOUVENIRFRANCAIS-LOGO-300x79.jpg 300w\" sizes=\"auto, (max-width: 484px) 100vw, 484px\" \/><\/a><p id=\"caption-attachment-887\" class=\"wp-caption-text\">Comit\u00e9 de Dammarie-L\u00e8s-Lys &#8211; Pays de Bi\u00e8re<\/p><\/div>\n<p><a href=\"https:\/\/www.souvenir-francais-77.org\/\">Comit\u00e9 de Dammarie-L\u00e8s-Lys &#8211; Pays de Bi\u00e8re<\/a><\/p>\n<p>contact : <a href=\"mailto:maurice.alinc@sfr.fr\">maurice.alinc@sfr.fr<\/a><\/p>\n<p>&nbsp;<\/p>\n","protected":false},"excerpt":{"rendered":"<p>Comit\u00e9 de Dammarie-L\u00e8s-Lys &#8211; Pays de Bi\u00e8re contact : maurice.alinc@sfr.fr &nbsp;<\/p>\n","protected":false},"author":2,"featured_media":0,"parent":12441,"menu_order":2,"comment_status":"closed","ping_status":"closed","template":"","meta":{"footnotes":""},"class_list":["post-12408","page","type-page","status-publish","hentry","nodate","item-wrap"],"_links":{"self":[{"href":"https:\/\/www.mairie-chailly-en-biere.fr\/index.php?rest_route=\/wp\/v2\/pages\/12408","targetHints":{"allow":["GET"]}}],"collection":[{"href":"https:\/\/www.mairie-chailly-en-biere.fr\/index.php?rest_route=\/wp\/v2\/pages"}],"about":[{"href":"https:\/\/www.mairie-chailly-en-biere.fr\/index.php?rest_route=\/wp\/v2\/types\/page"}],"author":[{"embeddable":true,"href":"https:\/\/www.mairie-chailly-en-biere.fr\/index.php?rest_route=\/wp\/v2\/users\/2"}],"replies":[{"embeddable":true,"href":"https:\/\/www.mairie-chailly-en-biere.fr\/index.php?rest_route=%2Fwp%2Fv2%2Fcomments&post=12408"}],"version-history":[{"count":1,"href":"https:\/\/www.mairie-chailly-en-biere.fr\/index.php?rest_route=\/wp\/v2\/pages\/12408\/revisions"}],"predecessor-version":[{"id":12409,"href":"https:\/\/www.mairie-chailly-en-biere.fr\/index.php?rest_route=\/wp\/v2\/pages\/12408\/revisions\/12409"}],"up":[{"embeddable":true,"href":"https:\/\/www.mairie-chailly-en-biere.fr\/index.php?rest_route=\/wp\/v2\/pages\/12441"}],"wp:attachment":[{"href":"https:\/\/www.mairie-chailly-en-biere.fr\/index.php?rest_route=%2Fwp%2Fv2%2Fmedia&parent=12408"}],"curies":[{"name":"wp","href":"https:\/\/api.w.org\/{rel}","templated":true}]}}