{"id":12401,"date":"2019-08-13T13:04:10","date_gmt":"2019-08-13T13:04:10","guid":{"rendered":"https:\/\/www.mairie-chailly-en-biere.fr\/?page_id=12401"},"modified":"2019-08-13T14:09:14","modified_gmt":"2019-08-13T14:09:14","slug":"famille-et-loisirs","status":"publish","type":"page","link":"https:\/\/www.mairie-chailly-en-biere.fr\/?page_id=12401","title":{"rendered":"Famille et Loisirs"},"content":{"rendered":"<p>Dans une ambiance chaleureuse, Familles Loisirs propose des activit\u00e9s diverses.<\/p>\n<p>Au programme :<\/p>\n<ul>\n<li>couture\/broderie (confection sac, valisette, trousse, coussin,)<\/li>\n<li>Peinture\/patine sur support bois<\/li>\n<li>d\u00e9corations de No\u00ebl et de P\u00e2ques (sujets feutrine, orange\/clou girofle, boules,couronnes)<\/li>\n<li>\u00a0d\u00e9coration florale<\/li>\n<li>Dentelle de carton, d\u00e9co sur toile<\/li>\n<li>\u00a0Mosa\u00efque<\/li>\n<\/ul>\n<p>Rendez-vous \u00e0 la maison des associations le vendredi de 14 h \u00e0 17 h.<\/p>\n<p>Pour tous renseignements, vous pouvez contacter Chantal AUBRY par mail <a href=\"mailto:aubrychantal@gmail.com\">aubrychantal@gmail.com<\/a><\/p>\n","protected":false},"excerpt":{"rendered":"<p>Dans une ambiance chaleureuse, Familles Loisirs propose des activit\u00e9s diverses. Au programme : couture\/broderie (confection sac, valisette, trousse, coussin,) Peinture\/patine sur support bois d\u00e9corations de No\u00ebl et de P\u00e2ques (sujets feutrine, orange\/clou girofle, boules,couronnes) \u00a0d\u00e9coration florale Dentelle de carton, d\u00e9co sur toile \u00a0Mosa\u00efque Rendez-vous \u00e0 la maison des associations le vendredi de 14 h \u00e0 &hellip; <\/p>\n<p><a class=\"more-link btn\" href=\"https:\/\/www.mairie-chailly-en-biere.fr\/?page_id=12401\">Lire la suite<\/a><\/p>\n","protected":false},"author":2,"featured_media":0,"parent":12424,"menu_order":6,"comment_status":"closed","ping_status":"closed","template":"","meta":{"footnotes":""},"class_list":["post-12401","page","type-page","status-publish","hentry","nodate","item-wrap"],"_links":{"self":[{"href":"https:\/\/www.mairie-chailly-en-biere.fr\/index.php?rest_route=\/wp\/v2\/pages\/12401","targetHints":{"allow":["GET"]}}],"collection":[{"href":"https:\/\/www.mairie-chailly-en-biere.fr\/index.php?rest_route=\/wp\/v2\/pages"}],"about":[{"href":"https:\/\/www.mairie-chailly-en-biere.fr\/index.php?rest_route=\/wp\/v2\/types\/page"}],"author":[{"embeddable":true,"href":"https:\/\/www.mairie-chailly-en-biere.fr\/index.php?rest_route=\/wp\/v2\/users\/2"}],"replies":[{"embeddable":true,"href":"https:\/\/www.mairie-chailly-en-biere.fr\/index.php?rest_route=%2Fwp%2Fv2%2Fcomments&post=12401"}],"version-history":[{"count":3,"href":"https:\/\/www.mairie-chailly-en-biere.fr\/index.php?rest_route=\/wp\/v2\/pages\/12401\/revisions"}],"predecessor-version":[{"id":12452,"href":"https:\/\/www.mairie-chailly-en-biere.fr\/index.php?rest_route=\/wp\/v2\/pages\/12401\/revisions\/12452"}],"up":[{"embeddable":true,"href":"https:\/\/www.mairie-chailly-en-biere.fr\/index.php?rest_route=\/wp\/v2\/pages\/12424"}],"wp:attachment":[{"href":"https:\/\/www.mairie-chailly-en-biere.fr\/index.php?rest_route=%2Fwp%2Fv2%2Fmedia&parent=12401"}],"curies":[{"name":"wp","href":"https:\/\/api.w.org\/{rel}","templated":true}]}}