{"id":124,"date":"2010-12-17T06:19:52","date_gmt":"2010-12-17T06:19:52","guid":{"rendered":"https:\/\/www.mairie-chailly-en-biere.fr\/?page_id=124"},"modified":"2018-01-31T08:42:26","modified_gmt":"2018-01-31T08:42:26","slug":"divers","status":"publish","type":"page","link":"https:\/\/www.mairie-chailly-en-biere.fr\/?page_id=124","title":{"rendered":"Souvenirs d&rsquo;antan"},"content":{"rendered":"<p>Quelques souvenirs de la vie chaillotine<\/p>\n<p>&#8211; <a href=\"https:\/\/www.mairie-chailly-en-biere.fr\/?page_id=154\">Les inondations de Chailly-en-Bi\u00e8re<\/a><br \/>\n&#8211; <a href=\"https:\/\/www.mairie-chailly-en-biere.fr\/?page_id=69\">les moulins d&rsquo;antan<\/a><br \/>\n&#8211; <a href=\"https:\/\/www.mairie-chailly-en-biere.fr\/?page_id=73\">Activit\u00e9 commerciale<\/a><br \/>\n&#8211; <a href=\"https:\/\/www.mairie-chailly-en-biere.fr\/?page_id=75\">Le bon viveur<\/a><br \/>\n&#8211; <a href=\"https:\/\/www.mairie-chailly-en-biere.fr\/?page_id=137\">l&rsquo;\u00e9cole d&rsquo;antan<\/a><br \/>\n&#8211; <a href=\"https:\/\/www.mairie-chailly-en-biere.fr\/?page_id=140\">Biscotterie Hutteau<\/a><br \/>\n&#8211; <a href=\"https:\/\/www.mairie-chailly-en-biere.fr\/?page_id=143\">Le p\u00e9trole chaillotin<\/a><br \/>\n&#8211; <a href=\"https:\/\/www.mairie-chailly-en-biere.fr\/?page_id=145\">Les anciens racontent<\/a><br \/>\n&#8211; <a href=\"https:\/\/www.mairie-chailly-en-biere.fr\/?page_id=147\">Les sapeurs pompiers<\/a><\/p>\n","protected":false},"excerpt":{"rendered":"<p>Quelques souvenirs de la vie chaillotine &#8211; Les inondations de Chailly-en-Bi\u00e8re &#8211; les moulins d&rsquo;antan &#8211; Activit\u00e9 commerciale &#8211; Le bon viveur &#8211; l&rsquo;\u00e9cole d&rsquo;antan &#8211; Biscotterie Hutteau &#8211; Le p\u00e9trole chaillotin &#8211; Les anciens racontent &#8211; Les sapeurs pompiers<\/p>\n","protected":false},"author":2,"featured_media":0,"parent":18,"menu_order":11,"comment_status":"closed","ping_status":"closed","template":"","meta":{"footnotes":""},"class_list":["post-124","page","type-page","status-publish","hentry","nodate","item-wrap"],"_links":{"self":[{"href":"https:\/\/www.mairie-chailly-en-biere.fr\/index.php?rest_route=\/wp\/v2\/pages\/124","targetHints":{"allow":["GET"]}}],"collection":[{"href":"https:\/\/www.mairie-chailly-en-biere.fr\/index.php?rest_route=\/wp\/v2\/pages"}],"about":[{"href":"https:\/\/www.mairie-chailly-en-biere.fr\/index.php?rest_route=\/wp\/v2\/types\/page"}],"author":[{"embeddable":true,"href":"https:\/\/www.mairie-chailly-en-biere.fr\/index.php?rest_route=\/wp\/v2\/users\/2"}],"replies":[{"embeddable":true,"href":"https:\/\/www.mairie-chailly-en-biere.fr\/index.php?rest_route=%2Fwp%2Fv2%2Fcomments&post=124"}],"version-history":[{"count":15,"href":"https:\/\/www.mairie-chailly-en-biere.fr\/index.php?rest_route=\/wp\/v2\/pages\/124\/revisions"}],"predecessor-version":[{"id":2814,"href":"https:\/\/www.mairie-chailly-en-biere.fr\/index.php?rest_route=\/wp\/v2\/pages\/124\/revisions\/2814"}],"up":[{"embeddable":true,"href":"https:\/\/www.mairie-chailly-en-biere.fr\/index.php?rest_route=\/wp\/v2\/pages\/18"}],"wp:attachment":[{"href":"https:\/\/www.mairie-chailly-en-biere.fr\/index.php?rest_route=%2Fwp%2Fv2%2Fmedia&parent=124"}],"curies":[{"name":"wp","href":"https:\/\/api.w.org\/{rel}","templated":true}]}}