{"id":12386,"date":"0202-02-13T12:46:20","date_gmt":"0202-02-13T12:46:20","guid":{"rendered":"https:\/\/www.mairie-chailly-en-biere.fr\/?page_id=12386"},"modified":"2023-08-31T07:50:29","modified_gmt":"2023-08-31T07:50:29","slug":"comite-des-loisirs","status":"publish","type":"page","link":"https:\/\/www.mairie-chailly-en-biere.fr\/?page_id=12386","title":{"rendered":"Comit\u00e9 des Loisirs"},"content":{"rendered":"<p><img loading=\"lazy\" decoding=\"async\" class=\"wp-image-12217 size-large aligncenter\" src=\"https:\/\/www.mairie-chailly-en-biere.fr\/wp-content\/uploads\/LOGO-COMITE-DES-LOISIRS-700x480.jpg\" alt=\"\" width=\"555\" height=\"381\" srcset=\"https:\/\/www.mairie-chailly-en-biere.fr\/wp-content\/uploads\/LOGO-COMITE-DES-LOISIRS-700x480.jpg 700w, https:\/\/www.mairie-chailly-en-biere.fr\/wp-content\/uploads\/LOGO-COMITE-DES-LOISIRS-300x206.jpg 300w, https:\/\/www.mairie-chailly-en-biere.fr\/wp-content\/uploads\/LOGO-COMITE-DES-LOISIRS.jpg 800w\" sizes=\"auto, (max-width: 555px) 100vw, 555px\" \/>Le Comit\u00e9 des Loisirs organise de nombreuses manifestations sur la commune : vide-greniers, f\u00eate du village&#8230;<\/p>\n<p>Contact : <a href=\"mailto:comitedesloisirschaillyenbiere@gmail.com\">comitedesloisirschaillyenbiere@gmail.com<\/a><\/p>\n<p>par t\u00e9l\u00e9phone : 06.30.16.55.61.<\/p>\n<p>site internet : <a href=\"https:\/\/comitedesloisirsch.wixsite.com\/comite-chailly-biere\" target=\"_blank\" rel=\"noopener\">https:\/\/comitedesloisirsch.wixsite.com\/comite-chailly-biere<\/a><\/p>\n<p style=\"padding-left: 200px;\">Le Pr\u00e9sident,<\/p>\n<p style=\"padding-left: 200px;\">Judica\u00ebl BERGER<\/p>\n<p>&nbsp;<\/p>\n","protected":false},"excerpt":{"rendered":"<p>Le Comit\u00e9 des Loisirs organise de nombreuses manifestations sur la commune : vide-greniers, f\u00eate du village&#8230; Contact : comitedesloisirschaillyenbiere@gmail.com par t\u00e9l\u00e9phone : 06.30.16.55.61. site internet : https:\/\/comitedesloisirsch.wixsite.com\/comite-chailly-biere Le Pr\u00e9sident, Judica\u00ebl BERGER &nbsp;<\/p>\n","protected":false},"author":2,"featured_media":0,"parent":12424,"menu_order":3,"comment_status":"closed","ping_status":"closed","template":"","meta":{"footnotes":""},"class_list":["post-12386","page","type-page","status-publish","hentry","nodate","item-wrap"],"_links":{"self":[{"href":"https:\/\/www.mairie-chailly-en-biere.fr\/index.php?rest_route=\/wp\/v2\/pages\/12386","targetHints":{"allow":["GET"]}}],"collection":[{"href":"https:\/\/www.mairie-chailly-en-biere.fr\/index.php?rest_route=\/wp\/v2\/pages"}],"about":[{"href":"https:\/\/www.mairie-chailly-en-biere.fr\/index.php?rest_route=\/wp\/v2\/types\/page"}],"author":[{"embeddable":true,"href":"https:\/\/www.mairie-chailly-en-biere.fr\/index.php?rest_route=\/wp\/v2\/users\/2"}],"replies":[{"embeddable":true,"href":"https:\/\/www.mairie-chailly-en-biere.fr\/index.php?rest_route=%2Fwp%2Fv2%2Fcomments&post=12386"}],"version-history":[{"count":8,"href":"https:\/\/www.mairie-chailly-en-biere.fr\/index.php?rest_route=\/wp\/v2\/pages\/12386\/revisions"}],"predecessor-version":[{"id":16839,"href":"https:\/\/www.mairie-chailly-en-biere.fr\/index.php?rest_route=\/wp\/v2\/pages\/12386\/revisions\/16839"}],"up":[{"embeddable":true,"href":"https:\/\/www.mairie-chailly-en-biere.fr\/index.php?rest_route=\/wp\/v2\/pages\/12424"}],"wp:attachment":[{"href":"https:\/\/www.mairie-chailly-en-biere.fr\/index.php?rest_route=%2Fwp%2Fv2%2Fmedia&parent=12386"}],"curies":[{"name":"wp","href":"https:\/\/api.w.org\/{rel}","templated":true}]}}