{"id":12382,"date":"2019-08-13T12:41:33","date_gmt":"2019-08-13T12:41:33","guid":{"rendered":"https:\/\/www.mairie-chailly-en-biere.fr\/?page_id=12382"},"modified":"2025-11-24T14:48:07","modified_gmt":"2025-11-24T14:48:07","slug":"academie-des-arts","status":"publish","type":"page","link":"https:\/\/www.mairie-chailly-en-biere.fr\/?page_id=12382","title":{"rendered":"Acad\u00e9mie des Arts"},"content":{"rendered":"<p><img loading=\"lazy\" decoding=\"async\" class=\"aligncenter wp-image-19227 size-medium\" src=\"https:\/\/www.mairie-chailly-en-biere.fr\/wp-content\/uploads\/logo-ACA-300x203.jpg\" alt=\"\" width=\"300\" height=\"203\" srcset=\"https:\/\/www.mairie-chailly-en-biere.fr\/wp-content\/uploads\/logo-ACA-300x203.jpg 300w, https:\/\/www.mairie-chailly-en-biere.fr\/wp-content\/uploads\/logo-ACA-555x375.jpg 555w, https:\/\/www.mairie-chailly-en-biere.fr\/wp-content\/uploads\/logo-ACA.jpg 780w\" sizes=\"auto, (max-width: 300px) 100vw, 300px\" \/><\/p>\n<p style=\"text-align: center;\"><a href=\"https:\/\/academiedesartscha.wixsite.com\/website\" target=\"_blank\" rel=\"noopener noreferrer\">L&rsquo;Acad\u00e9mie des Arts<\/a> s&rsquo;adresse \u00e0 toutes personnes, enfants adolescents, adultes d\u00e9sirant s&rsquo;initier ou se perfectionner en dessin, pastel, ou peinture (aquarelle, huile, acrylique), modelage sans cuisson.<\/p>\n<p style=\"text-align: center;\">Chaque ann\u00e9e, l&rsquo;Acad\u00e9mie des Arts organise une exposition de peinture, sculpture.<\/p>\n<p style=\"text-align: center;\">Pour tous renseignements :Denis Watel &#8211; <a href=\"mailto:denis.watel@orange.fr\">denis.watel@orange.fr<\/a> ou 06.88.85.55.23. \/ Fran\u00e7oise Alban\u00e8se : 06.08.07.51.22.<\/p>\n<h3><img loading=\"lazy\" decoding=\"async\" class=\"aligncenter wp-image-19223 size-large\" src=\"https:\/\/www.mairie-chailly-en-biere.fr\/wp-content\/uploads\/ACA-DEC2025-543x768.jpg\" alt=\"\" width=\"543\" height=\"768\" srcset=\"https:\/\/www.mairie-chailly-en-biere.fr\/wp-content\/uploads\/ACA-DEC2025-543x768.jpg 543w, https:\/\/www.mairie-chailly-en-biere.fr\/wp-content\/uploads\/ACA-DEC2025-212x300.jpg 212w, https:\/\/www.mairie-chailly-en-biere.fr\/wp-content\/uploads\/ACA-DEC2025-1086x1536.jpg 1086w, https:\/\/www.mairie-chailly-en-biere.fr\/wp-content\/uploads\/ACA-DEC2025-1448x2048.jpg 1448w, https:\/\/www.mairie-chailly-en-biere.fr\/wp-content\/uploads\/ACA-DEC2025-555x785.jpg 555w, https:\/\/www.mairie-chailly-en-biere.fr\/wp-content\/uploads\/ACA-DEC2025.jpg 1653w\" sizes=\"auto, (max-width: 543px) 100vw, 543px\" \/><\/h3>\n<p>Les cours de peinture sont assur\u00e9s par un professeur, et se d\u00e9roulent \u00e0 la Maison des Associations de Chailly-en-Bi\u00e8re :<\/p>\n<ul>\n<li><strong>Atelier enfants <\/strong>: le mercredi de 10 h \u00e0 12 h et de 14 h \u00e0 16 h ,<\/li>\n<li><strong>Atelier adultes <\/strong>: le lundi de 14 h \u00e0 17 h, le mardi de 14 h 30 \u00e0 17 h 30<\/li>\n<li><strong>Atelier adultes sans professeur <\/strong>: le\u00a0 jeudi de 14 h \u00e0 17 h<\/li>\n<\/ul>\n<p>&nbsp;<\/p>\n<p>&nbsp;<\/p>\n","protected":false},"excerpt":{"rendered":"<p>L&rsquo;Acad\u00e9mie des Arts s&rsquo;adresse \u00e0 toutes personnes, enfants adolescents, adultes d\u00e9sirant s&rsquo;initier ou se perfectionner en dessin, pastel, ou peinture (aquarelle, huile, acrylique), modelage sans cuisson. Chaque ann\u00e9e, l&rsquo;Acad\u00e9mie des Arts organise une exposition de peinture, sculpture. Pour tous renseignements :Denis Watel &#8211; denis.watel@orange.fr ou 06.88.85.55.23. \/ Fran\u00e7oise Alban\u00e8se : 06.08.07.51.22. Les cours de peinture &hellip; <\/p>\n<p><a class=\"more-link btn\" href=\"https:\/\/www.mairie-chailly-en-biere.fr\/?page_id=12382\">Lire la suite<\/a><\/p>\n","protected":false},"author":2,"featured_media":0,"parent":12424,"menu_order":1,"comment_status":"closed","ping_status":"closed","template":"","meta":{"footnotes":""},"class_list":["post-12382","page","type-page","status-publish","hentry","nodate","item-wrap"],"_links":{"self":[{"href":"https:\/\/www.mairie-chailly-en-biere.fr\/index.php?rest_route=\/wp\/v2\/pages\/12382","targetHints":{"allow":["GET"]}}],"collection":[{"href":"https:\/\/www.mairie-chailly-en-biere.fr\/index.php?rest_route=\/wp\/v2\/pages"}],"about":[{"href":"https:\/\/www.mairie-chailly-en-biere.fr\/index.php?rest_route=\/wp\/v2\/types\/page"}],"author":[{"embeddable":true,"href":"https:\/\/www.mairie-chailly-en-biere.fr\/index.php?rest_route=\/wp\/v2\/users\/2"}],"replies":[{"embeddable":true,"href":"https:\/\/www.mairie-chailly-en-biere.fr\/index.php?rest_route=%2Fwp%2Fv2%2Fcomments&post=12382"}],"version-history":[{"count":25,"href":"https:\/\/www.mairie-chailly-en-biere.fr\/index.php?rest_route=\/wp\/v2\/pages\/12382\/revisions"}],"predecessor-version":[{"id":19228,"href":"https:\/\/www.mairie-chailly-en-biere.fr\/index.php?rest_route=\/wp\/v2\/pages\/12382\/revisions\/19228"}],"up":[{"embeddable":true,"href":"https:\/\/www.mairie-chailly-en-biere.fr\/index.php?rest_route=\/wp\/v2\/pages\/12424"}],"wp:attachment":[{"href":"https:\/\/www.mairie-chailly-en-biere.fr\/index.php?rest_route=%2Fwp%2Fv2%2Fmedia&parent=12382"}],"curies":[{"name":"wp","href":"https:\/\/api.w.org\/{rel}","templated":true}]}}