{"id":12380,"date":"2019-08-13T12:40:10","date_gmt":"2019-08-13T12:40:10","guid":{"rendered":"https:\/\/www.mairie-chailly-en-biere.fr\/?page_id=12380"},"modified":"2025-11-24T14:53:44","modified_gmt":"2025-11-24T14:53:44","slug":"entente-sportive-du-pays-de-biere","status":"publish","type":"page","link":"https:\/\/www.mairie-chailly-en-biere.fr\/?page_id=12380","title":{"rendered":"Entente sportive du Pays de Bi\u00e8re"},"content":{"rendered":"<address>\n<h3><strong><img loading=\"lazy\" decoding=\"async\" class=\"size-full wp-image-16819 alignleft\" src=\"https:\/\/www.mairie-chailly-en-biere.fr\/wp-content\/uploads\/ESPB.jpg\" alt=\"\" width=\"174\" height=\"174\" srcset=\"https:\/\/www.mairie-chailly-en-biere.fr\/wp-content\/uploads\/ESPB.jpg 174w, https:\/\/www.mairie-chailly-en-biere.fr\/wp-content\/uploads\/ESPB-150x150.jpg 150w\" sizes=\"auto, (max-width: 174px) 100vw, 174px\" \/><\/strong><\/h3>\n<\/address>\n<p>Pr\u00e9sident : Frankie MESSAOUD<\/p>\n<p>Secr\u00e9taire : Yves GOURTAY<\/p>\n<p>Vice-Pr\u00e9sident : Christian VERDIER<\/p>\n<p>Site internet : <a href=\"https:\/\/paysdebiere.footeo.com\/\">https:\/\/paysdebiere.footeo.com\/<\/a><\/p>\n<ul>\n<li style=\"list-style-type: none;\">\n<ul>\n<li style=\"list-style-type: none;\">\n<ul>\n<li style=\"list-style-type: none;\">\n<ul>\n<li style=\"list-style-type: none;\">\n<ul>\n<li style=\"list-style-type: none;\">\n<ul>\n<li><a href=\"https:\/\/www.mairie-chailly-en-biere.fr\/wp-content\/uploads\/ESPB-2025-2026.pdf\">ESPB 2025-2026<\/a><\/li>\n<\/ul>\n<\/li>\n<\/ul>\n<\/li>\n<\/ul>\n<\/li>\n<\/ul>\n<\/li>\n<\/ul>\n<\/li>\n<\/ul>\n","protected":false},"excerpt":{"rendered":"<p>Pr\u00e9sident : Frankie MESSAOUD Secr\u00e9taire : Yves GOURTAY Vice-Pr\u00e9sident : Christian VERDIER Site internet : https:\/\/paysdebiere.footeo.com\/ ESPB 2025-2026<\/p>\n","protected":false},"author":2,"featured_media":0,"parent":12422,"menu_order":3,"comment_status":"closed","ping_status":"closed","template":"","meta":{"footnotes":""},"class_list":["post-12380","page","type-page","status-publish","hentry","nodate","item-wrap"],"_links":{"self":[{"href":"https:\/\/www.mairie-chailly-en-biere.fr\/index.php?rest_route=\/wp\/v2\/pages\/12380","targetHints":{"allow":["GET"]}}],"collection":[{"href":"https:\/\/www.mairie-chailly-en-biere.fr\/index.php?rest_route=\/wp\/v2\/pages"}],"about":[{"href":"https:\/\/www.mairie-chailly-en-biere.fr\/index.php?rest_route=\/wp\/v2\/types\/page"}],"author":[{"embeddable":true,"href":"https:\/\/www.mairie-chailly-en-biere.fr\/index.php?rest_route=\/wp\/v2\/users\/2"}],"replies":[{"embeddable":true,"href":"https:\/\/www.mairie-chailly-en-biere.fr\/index.php?rest_route=%2Fwp%2Fv2%2Fcomments&post=12380"}],"version-history":[{"count":13,"href":"https:\/\/www.mairie-chailly-en-biere.fr\/index.php?rest_route=\/wp\/v2\/pages\/12380\/revisions"}],"predecessor-version":[{"id":19230,"href":"https:\/\/www.mairie-chailly-en-biere.fr\/index.php?rest_route=\/wp\/v2\/pages\/12380\/revisions\/19230"}],"up":[{"embeddable":true,"href":"https:\/\/www.mairie-chailly-en-biere.fr\/index.php?rest_route=\/wp\/v2\/pages\/12422"}],"wp:attachment":[{"href":"https:\/\/www.mairie-chailly-en-biere.fr\/index.php?rest_route=%2Fwp%2Fv2%2Fmedia&parent=12380"}],"curies":[{"name":"wp","href":"https:\/\/api.w.org\/{rel}","templated":true}]}}