{"id":12378,"date":"2019-08-13T12:38:11","date_gmt":"2019-08-13T12:38:11","guid":{"rendered":"https:\/\/www.mairie-chailly-en-biere.fr\/?page_id=12378"},"modified":"2023-08-29T08:14:01","modified_gmt":"2023-08-29T08:14:01","slug":"c-s-c-c-b-salsa","status":"publish","type":"page","link":"https:\/\/www.mairie-chailly-en-biere.fr\/?page_id=12378","title":{"rendered":"C.S.C.C.B. Salsa"},"content":{"rendered":"<p><img loading=\"lazy\" decoding=\"async\" class=\"aligncenter wp-image-5548 size-full\" src=\"https:\/\/www.mairie-chailly-en-biere.fr\/wp-content\/uploads\/lbsalsa.jpg\" alt=\"\" width=\"301\" height=\"418\" srcset=\"https:\/\/www.mairie-chailly-en-biere.fr\/wp-content\/uploads\/lbsalsa.jpg 301w, https:\/\/www.mairie-chailly-en-biere.fr\/wp-content\/uploads\/lbsalsa-216x300.jpg 216w\" sizes=\"auto, (max-width: 301px) 100vw, 301px\" \/>L&rsquo;\u00e9cole lbsalsa est une \u00e9cole de danses latines, d&rsquo;\u00e9coute musicale et bien plus !<\/p>\n<p style=\"text-align: center;\">Salsa cubaine et portoricaine, avec<\/p>\n<p style=\"text-align: center;\"><a href=\"https:\/\/www.mairie-chailly-en-biere.fr\/wp-content\/uploads\/SALSAFLYER.pdf\">au 6 rue du presbyt\u00e8re \u00e0 Chailly-en-Bi\u00e8re,\u00a0 ou \u00e0 la salle des f\u00eates de Samois-sur-Seine<\/a>.<\/p>\n<p>Mais lbsalsa, ce n&rsquo;est pas seulement des cours de danse ! C&rsquo;est aussi des stages, des ateliers de danses, de tr\u00e8s belle soir\u00e9es latines pour que les \u00e9l\u00e8ves puissent s&rsquo;exercer et mettre en pratique leur enseignement : D\u00e9mos de grands danseurs mais aussi de nos \u00e9l\u00e8ves \u00e0 la fin de l&rsquo;ann\u00e9e, de nombreux concerts live vous sont propos\u00e9s, percutions, guitare, fl\u00fbte traversi\u00e8re&#8230; Mais encore des voyages en France et \u00e0 l&rsquo;\u00e9tranger tout cela dans un climat de joie et de bonne humeur.<\/p>\n<p>N&rsquo;h\u00e9sitez pas \u00e0 consulter leur site <a href=\"https:\/\/www.lbsalsa.com\/\" target=\"_blank\" rel=\"noopener\">https:\/\/www.lbsalsa.com\/<\/a>et \u00e0 contacter les professeurs Victor et Marie-Claire pour plus d&rsquo;informations : 06.66.94.53.76.\/06.87.42.56.76.<\/p>\n<p>&nbsp;<\/p>\n","protected":false},"excerpt":{"rendered":"<p>L&rsquo;\u00e9cole lbsalsa est une \u00e9cole de danses latines, d&rsquo;\u00e9coute musicale et bien plus ! Salsa cubaine et portoricaine, avec au 6 rue du presbyt\u00e8re \u00e0 Chailly-en-Bi\u00e8re,\u00a0 ou \u00e0 la salle des f\u00eates de Samois-sur-Seine. Mais lbsalsa, ce n&rsquo;est pas seulement des cours de danse ! C&rsquo;est aussi des stages, des ateliers de danses, de tr\u00e8s &hellip; <\/p>\n<p><a class=\"more-link btn\" href=\"https:\/\/www.mairie-chailly-en-biere.fr\/?page_id=12378\">Lire la suite<\/a><\/p>\n","protected":false},"author":2,"featured_media":0,"parent":12422,"menu_order":2,"comment_status":"closed","ping_status":"closed","template":"","meta":{"footnotes":""},"class_list":["post-12378","page","type-page","status-publish","hentry","nodate","item-wrap"],"_links":{"self":[{"href":"https:\/\/www.mairie-chailly-en-biere.fr\/index.php?rest_route=\/wp\/v2\/pages\/12378","targetHints":{"allow":["GET"]}}],"collection":[{"href":"https:\/\/www.mairie-chailly-en-biere.fr\/index.php?rest_route=\/wp\/v2\/pages"}],"about":[{"href":"https:\/\/www.mairie-chailly-en-biere.fr\/index.php?rest_route=\/wp\/v2\/types\/page"}],"author":[{"embeddable":true,"href":"https:\/\/www.mairie-chailly-en-biere.fr\/index.php?rest_route=\/wp\/v2\/users\/2"}],"replies":[{"embeddable":true,"href":"https:\/\/www.mairie-chailly-en-biere.fr\/index.php?rest_route=%2Fwp%2Fv2%2Fcomments&post=12378"}],"version-history":[{"count":8,"href":"https:\/\/www.mairie-chailly-en-biere.fr\/index.php?rest_route=\/wp\/v2\/pages\/12378\/revisions"}],"predecessor-version":[{"id":16818,"href":"https:\/\/www.mairie-chailly-en-biere.fr\/index.php?rest_route=\/wp\/v2\/pages\/12378\/revisions\/16818"}],"up":[{"embeddable":true,"href":"https:\/\/www.mairie-chailly-en-biere.fr\/index.php?rest_route=\/wp\/v2\/pages\/12422"}],"wp:attachment":[{"href":"https:\/\/www.mairie-chailly-en-biere.fr\/index.php?rest_route=%2Fwp%2Fv2%2Fmedia&parent=12378"}],"curies":[{"name":"wp","href":"https:\/\/api.w.org\/{rel}","templated":true}]}}