{"id":12374,"date":"2019-08-13T12:32:15","date_gmt":"2019-08-13T12:32:15","guid":{"rendered":"https:\/\/www.mairie-chailly-en-biere.fr\/?page_id=12374"},"modified":"2026-03-12T08:29:39","modified_gmt":"2026-03-12T08:29:39","slug":"c-s-c-c-b","status":"publish","type":"page","link":"https:\/\/www.mairie-chailly-en-biere.fr\/?page_id=12374","title":{"rendered":"C.S.C.C.B."},"content":{"rendered":"<p style=\"text-align: justify;\"><img loading=\"lazy\" decoding=\"async\" class=\"size-full wp-image-12608 aligncenter\" src=\"https:\/\/www.mairie-chailly-en-biere.fr\/wp-content\/uploads\/LOGO-CSCCB-1.jpg\" alt=\"\" width=\"329\" height=\"174\" srcset=\"https:\/\/www.mairie-chailly-en-biere.fr\/wp-content\/uploads\/LOGO-CSCCB-1.jpg 329w, https:\/\/www.mairie-chailly-en-biere.fr\/wp-content\/uploads\/LOGO-CSCCB-1-300x159.jpg 300w\" sizes=\"auto, (max-width: 329px) 100vw, 329px\" \/>Le bureau du Cercle Sportif et Culturel de Chailly-en-Bi\u00e8re est compos\u00e9 de :<\/p>\n<ul>\n<li>Cyril LINARD, Pr\u00e9sident\u00a0 (<a href=\"mailto:cyril.csccb@gmail.com\" target=\"_blank\" rel=\"noopener\">cyril.csccb@gmail.com)<\/a><\/li>\n<li>Th\u00e9r\u00e8se GAGNEUX, Tr\u00e9sori\u00e8re,<\/li>\n<li>Philippe DELACROIX, secr\u00e9taire<\/li>\n<\/ul>\n<p>&nbsp;<\/p>\n<p style=\"text-align: justify;\">L&rsquo;association regroupe plusieurs sections r\u00e9parties de la mani\u00e8re suivante :<\/p>\n<h1><strong>Section danse modern\u2019jazz <\/strong><\/h1>\n<p>Cours Laura Fardel<br \/>\nLieu d\u2019activit\u00e9 : salle Claude Cottereau\u00a0(mezzanine)<\/p>\n<p>Contact : Laura Fardel\u00a0 07.69.07.67.56. &#8211; <a href=\"mailto:laura.fardel4@gmail.com\" target=\"_blank\" rel=\"noopener\">laura.fardel4@gmail.com<\/a><\/p>\n<h1><strong>Section danse de salon<\/strong><\/h1>\n<p>Cours Pablo GONZALEZ<\/p>\n<p>Lieu d\u2019activit\u00e9 : 6 rue du presbyt\u00e8re<br \/>\nle mercredi de 20 h \u00e0 22 h<br \/>\nRenseignements aupr\u00e8s de Mme Liliane CARRE 01.60.66.43.83. &#8211;<a href=\"mailto:liliane.carre0035@orange.fr\" target=\"_blank\" rel=\"noopener noreferrer\">liliane.carre0035@orange.fr<\/a><\/p>\n<p><a href=\"https:\/\/pabgonzalez.wixsite.com\/danse-avec-pablo\" target=\"_blank\" rel=\"noopener\">https:\/\/pabgonzalez.wixsite.com\/danse-avec-pablo<\/a><\/p>\n<h1><strong><img loading=\"lazy\" decoding=\"async\" class=\"alignleft wp-image-5394 size-thumbnail\" src=\"https:\/\/www.mairie-chailly-en-biere.fr\/wp-content\/uploads\/GRS1-150x150.jpg\" alt=\"\" width=\"150\" height=\"150\" \/><\/strong><\/h1>\n<h1><strong>Section G.R.S. <\/strong><\/h1>\n<h2>(gymnastique rythmique et sportive)<\/h2>\n<p>Cours\u00a0Ga\u00ebl HERV\u00c9\u00a0et Morgane VOISIN<\/p>\n<p>Gymnase du Coll\u00e8ge de Perthes &#8211; Salle sp\u00e9cialis\u00e9e<\/p>\n<p>Tous les vendredis\u00a0de 18 h \u00e0 19 h 30<\/p>\n<p>Pour tout renseignement : 06.87.32.00.11. ou <a href=\"mailto:hervegael4@gmail.com\">hervegael4@gmail.com<\/a>\u00a0\/ 06.82.94.51.64. ou <a href=\"mailto:hervemorgane@yahoo.fr\">hervemorgane@yahoo.fr<\/a><\/p>\n<h1><strong>Section gymnastique douce<\/strong><\/h1>\n<p><img loading=\"lazy\" decoding=\"async\" class=\"aligncenter wp-image-17879 size-large\" src=\"https:\/\/www.mairie-chailly-en-biere.fr\/wp-content\/uploads\/AFFICHE-GYMNASTIQUE-DOUCE-494x700.jpg\" alt=\"\" width=\"494\" height=\"700\" srcset=\"https:\/\/www.mairie-chailly-en-biere.fr\/wp-content\/uploads\/AFFICHE-GYMNASTIQUE-DOUCE-494x700.jpg 494w, https:\/\/www.mairie-chailly-en-biere.fr\/wp-content\/uploads\/AFFICHE-GYMNASTIQUE-DOUCE-212x300.jpg 212w, https:\/\/www.mairie-chailly-en-biere.fr\/wp-content\/uploads\/AFFICHE-GYMNASTIQUE-DOUCE.jpg 551w\" sizes=\"auto, (max-width: 494px) 100vw, 494px\" \/><\/p>\n<p>Contact : Mme No\u00eblle Verdier \u00a006.15.91.07.12. &#8211; <a href=\"mailto:noelleverdier@free.fr\">noelleverdier@free.fr<\/a>. ou Mme Liliane CARRE 01.60.66.43.83. &#8211; <a href=\"mailto:liliane.carre0035@orange.fr\" target=\"_blank\" rel=\"noopener noreferrer\">liliane.carre0035@orange.fr<\/a><\/p>\n<p>&nbsp;<\/p>\n<h1><strong>Section Yoga &#8211; B\u00e9atrice Volpert<br \/>\n<\/strong><\/h1>\n<p><img loading=\"lazy\" decoding=\"async\" class=\"aligncenter wp-image-18933 size-large\" src=\"https:\/\/www.mairie-chailly-en-biere.fr\/wp-content\/uploads\/FLYER-YOGA-2025-2026-543x768.jpg\" alt=\"\" width=\"543\" height=\"768\" srcset=\"https:\/\/www.mairie-chailly-en-biere.fr\/wp-content\/uploads\/FLYER-YOGA-2025-2026-543x768.jpg 543w, https:\/\/www.mairie-chailly-en-biere.fr\/wp-content\/uploads\/FLYER-YOGA-2025-2026-212x300.jpg 212w, https:\/\/www.mairie-chailly-en-biere.fr\/wp-content\/uploads\/FLYER-YOGA-2025-2026-555x784.jpg 555w, https:\/\/www.mairie-chailly-en-biere.fr\/wp-content\/uploads\/FLYER-YOGA-2025-2026.jpg 559w\" sizes=\"auto, (max-width: 543px) 100vw, 543px\" \/><\/p>\n<p style=\"text-align: justify;\"><em>\u00ab\u00a0Vous aimeriez essayer le yoga, vous en avez beaucoup entendu parler mais finalement de quoi s&rsquo;agit-il ? Le yoga est une activit\u00e9 qui s&rsquo;appuie sur des postures physiques dites Asanas et des techniques respiratoires appel\u00e9es Pranayama, pour parvenir \u00e0 un \u00e9tat d&rsquo;apaisement. La pratique est toujours compl\u00e9t\u00e9e par un temps de relaxation. C&rsquo;est une activit\u00e9 accessible \u00e0 tout \u00e2ge et \u00e0 tous niveaux, tant que votre sant\u00e9 vous le permet. Originaire de l&rsquo;Inde, cette pratique s&rsquo;appuie sur des textes mill\u00e9naires qui apportent notamment la symbolique des postures\u00a0: h\u00e9ros, oiseau, pont, arbre&#8230;.<\/em><\/p>\n<p style=\"text-align: justify;\"><em>Voici ce que disent les participants au cours de Chailly-en-Bi\u00e8re\u00a0 sur les bienfaits que le yoga leur apporte : \u00ab d\u00e9tente \u00bb, \u00ab souplesse \u00bb et \u00ab s\u00e9r\u00e9nit\u00e9 \u00bb mais aussi\u00a0 \u00ab r\u00e9duit le stress, l&rsquo;anxi\u00e9t\u00e9 et les tensions musculaires \u00bb ou encore \u00ab Mon heure de bien-\u00eatre, que du positif ! \u00bb et celle-ci \u00ab Une bulle de d\u00e9tente et de s\u00e9r\u00e9nit\u00e9 dans une ambiance toujours bienveillante \u00bb et \u00ab Apaisement physique et mental. Souplesse et \u00e9quilibre du corps, le yoga m&rsquo;est devenu un besoin \u00bb et enfin : \u00ab au del\u00e0 des bienfaits du yoga cela permet une v\u00e9ritable pause dans le tumulte de nos soci\u00e9t\u00e9s.<\/em><\/p>\n<p style=\"text-align: justify;\"><em>Au fil du cours, vous pratiquerez 45 minutes de postures puis 15 minutes de relaxation ou Yoga Nidra. Les cours de yoga sont pour adultes de tous \u00e2ges et de tous niveaux. Ils se d\u00e9roulent le mercredi de 11 h \u00e0 12 h ou de 19 h \u00e0 20 h, en dehors des vacances scolaires. La pratique se d\u00e9roule dans la mezzanine en parquet de la salle Claude Cottereau. Le cours d&rsquo;essai est gratuit. Des tapis de yoga sont \u00e0 votre disposition dans la salle. Des v\u00eatements souples sont conseill\u00e9s ainsi qu&rsquo;un plaid ou une couverture pour la relaxation.\u00a0\u00bb<\/em><\/p>\n","protected":false},"excerpt":{"rendered":"<p>Le bureau du Cercle Sportif et Culturel de Chailly-en-Bi\u00e8re est compos\u00e9 de : Cyril LINARD, Pr\u00e9sident\u00a0 (cyril.csccb@gmail.com) Th\u00e9r\u00e8se GAGNEUX, Tr\u00e9sori\u00e8re, Philippe DELACROIX, secr\u00e9taire &nbsp; L&rsquo;association regroupe plusieurs sections r\u00e9parties de la mani\u00e8re suivante : Section danse modern\u2019jazz Cours Laura Fardel Lieu d\u2019activit\u00e9 : salle Claude Cottereau\u00a0(mezzanine) Contact : Laura Fardel\u00a0 07.69.07.67.56. &#8211; laura.fardel4@gmail.com Section danse &hellip; <\/p>\n<p><a class=\"more-link btn\" href=\"https:\/\/www.mairie-chailly-en-biere.fr\/?page_id=12374\">Lire la suite<\/a><\/p>\n","protected":false},"author":2,"featured_media":0,"parent":12422,"menu_order":1,"comment_status":"closed","ping_status":"closed","template":"","meta":{"footnotes":""},"class_list":["post-12374","page","type-page","status-publish","hentry","nodate","item-wrap"],"_links":{"self":[{"href":"https:\/\/www.mairie-chailly-en-biere.fr\/index.php?rest_route=\/wp\/v2\/pages\/12374","targetHints":{"allow":["GET"]}}],"collection":[{"href":"https:\/\/www.mairie-chailly-en-biere.fr\/index.php?rest_route=\/wp\/v2\/pages"}],"about":[{"href":"https:\/\/www.mairie-chailly-en-biere.fr\/index.php?rest_route=\/wp\/v2\/types\/page"}],"author":[{"embeddable":true,"href":"https:\/\/www.mairie-chailly-en-biere.fr\/index.php?rest_route=\/wp\/v2\/users\/2"}],"replies":[{"embeddable":true,"href":"https:\/\/www.mairie-chailly-en-biere.fr\/index.php?rest_route=%2Fwp%2Fv2%2Fcomments&post=12374"}],"version-history":[{"count":33,"href":"https:\/\/www.mairie-chailly-en-biere.fr\/index.php?rest_route=\/wp\/v2\/pages\/12374\/revisions"}],"predecessor-version":[{"id":19626,"href":"https:\/\/www.mairie-chailly-en-biere.fr\/index.php?rest_route=\/wp\/v2\/pages\/12374\/revisions\/19626"}],"up":[{"embeddable":true,"href":"https:\/\/www.mairie-chailly-en-biere.fr\/index.php?rest_route=\/wp\/v2\/pages\/12422"}],"wp:attachment":[{"href":"https:\/\/www.mairie-chailly-en-biere.fr\/index.php?rest_route=%2Fwp%2Fv2%2Fmedia&parent=12374"}],"curies":[{"name":"wp","href":"https:\/\/api.w.org\/{rel}","templated":true}]}}