{"id":12366,"date":"2019-08-13T11:55:38","date_gmt":"2019-08-13T11:55:38","guid":{"rendered":"https:\/\/www.mairie-chailly-en-biere.fr\/?page_id=12366"},"modified":"2019-08-13T11:56:23","modified_gmt":"2019-08-13T11:56:23","slug":"charte-de-gestion-ecologique-des-espaces-communaux","status":"publish","type":"page","link":"https:\/\/www.mairie-chailly-en-biere.fr\/?page_id=12366","title":{"rendered":"Charte de gestion \u00e9cologique des espaces communaux"},"content":{"rendered":"<p><img loading=\"lazy\" decoding=\"async\" class=\"aligncenter wp-image-11535 size-large\" src=\"https:\/\/www.mairie-chailly-en-biere.fr\/wp-content\/uploads\/ZERO-PHYTEAU-700x452.jpg\" alt=\"\" width=\"555\" height=\"358\" srcset=\"https:\/\/www.mairie-chailly-en-biere.fr\/wp-content\/uploads\/ZERO-PHYTEAU-700x452.jpg 700w, https:\/\/www.mairie-chailly-en-biere.fr\/wp-content\/uploads\/ZERO-PHYTEAU-300x194.jpg 300w\" sizes=\"auto, (max-width: 555px) 100vw, 555px\" \/>La charte de gestion \u00e9cologique des espaces communaux a pour vocation d&rsquo;accompagner les communes du Parc Naturel R\u00e9gional du G\u00e2tinais fran\u00e7ais dans :<\/p>\n<ul>\n<li>la r\u00e9duction, voire la suppression, de l&rsquo;utilisation des pesticides et des amendements pour l&rsquo;entretien des espaces communaux ;<\/li>\n<li>la mise en \u0153uvre progressive de nouvelles pratiques d&rsquo;entretien favorables \u00e0 la biodiversit\u00e9.<\/li>\n<\/ul>\n<p>C&rsquo;est un premier pas volontaire vers une gestion durable des espaces publics, une am\u00e9lioration du cadre de vie mais aussi vers une d\u00e9marche exemplaire \u00e0 reproduire par les habitants.<\/p>\n<p>La commune de Chailly-en-Bi\u00e8re s&rsquo;est engag\u00e9e \u00e0 atteindre le 2e niveau de la charte, \u00e0 savoir notamment :<\/p>\n<ul>\n<li>sur au moins 50 % de la surface des espaces communaux, mettre en \u0153uvre la d\u00e9marche \u00ab\u00a00 phyto\u00a0\u00bb en ayant recours aux techniques alternatives ;<\/li>\n<li>raisonner la tonte des pelouses (fauche tardive, exportation des coupes&#8230;) sur les secteurs communaux n&rsquo;ayant pas une priorit\u00e9 ornementale (espaces naturels, zones de refuge pour la flore et la faune dans les parcs et jardins&#8230;) et pratiquer la \u00ab\u00a0taille douce\u00a0\u00bb des arbres d&rsquo;ornement et d&rsquo;alignement.<\/li>\n<li>r\u00e9aliser un bilan \u00e9valuatif de la d\u00e9marche entreprise par la commune.<\/li>\n<\/ul>\n<p>Depuis plusieurs ann\u00e9es d\u00e9j\u00e0, la commune a r\u00e9duit l&#8217;emploi des pesticides pour le traitement des espaces verts.<\/p>\n<p>Cette pratique doit \u00eatre engag\u00e9e progressivement sur le territoire communal.<\/p>\n","protected":false},"excerpt":{"rendered":"<p>La charte de gestion \u00e9cologique des espaces communaux a pour vocation d&rsquo;accompagner les communes du Parc Naturel R\u00e9gional du G\u00e2tinais fran\u00e7ais dans : la r\u00e9duction, voire la suppression, de l&rsquo;utilisation des pesticides et des amendements pour l&rsquo;entretien des espaces communaux ; la mise en \u0153uvre progressive de nouvelles pratiques d&rsquo;entretien favorables \u00e0 la biodiversit\u00e9. C&rsquo;est &hellip; <\/p>\n<p><a class=\"more-link btn\" href=\"https:\/\/www.mairie-chailly-en-biere.fr\/?page_id=12366\">Lire la suite<\/a><\/p>\n","protected":false},"author":2,"featured_media":0,"parent":12339,"menu_order":10,"comment_status":"closed","ping_status":"closed","template":"","meta":{"footnotes":""},"class_list":["post-12366","page","type-page","status-publish","hentry","nodate","item-wrap"],"_links":{"self":[{"href":"https:\/\/www.mairie-chailly-en-biere.fr\/index.php?rest_route=\/wp\/v2\/pages\/12366","targetHints":{"allow":["GET"]}}],"collection":[{"href":"https:\/\/www.mairie-chailly-en-biere.fr\/index.php?rest_route=\/wp\/v2\/pages"}],"about":[{"href":"https:\/\/www.mairie-chailly-en-biere.fr\/index.php?rest_route=\/wp\/v2\/types\/page"}],"author":[{"embeddable":true,"href":"https:\/\/www.mairie-chailly-en-biere.fr\/index.php?rest_route=\/wp\/v2\/users\/2"}],"replies":[{"embeddable":true,"href":"https:\/\/www.mairie-chailly-en-biere.fr\/index.php?rest_route=%2Fwp%2Fv2%2Fcomments&post=12366"}],"version-history":[{"count":2,"href":"https:\/\/www.mairie-chailly-en-biere.fr\/index.php?rest_route=\/wp\/v2\/pages\/12366\/revisions"}],"predecessor-version":[{"id":12368,"href":"https:\/\/www.mairie-chailly-en-biere.fr\/index.php?rest_route=\/wp\/v2\/pages\/12366\/revisions\/12368"}],"up":[{"embeddable":true,"href":"https:\/\/www.mairie-chailly-en-biere.fr\/index.php?rest_route=\/wp\/v2\/pages\/12339"}],"wp:attachment":[{"href":"https:\/\/www.mairie-chailly-en-biere.fr\/index.php?rest_route=%2Fwp%2Fv2%2Fmedia&parent=12366"}],"curies":[{"name":"wp","href":"https:\/\/api.w.org\/{rel}","templated":true}]}}