{"id":12364,"date":"2019-08-13T11:53:11","date_gmt":"2019-08-13T11:53:11","guid":{"rendered":"https:\/\/www.mairie-chailly-en-biere.fr\/?page_id=12364"},"modified":"2019-08-13T11:53:11","modified_gmt":"2019-08-13T11:53:11","slug":"observatoire-photographique-des-paysages","status":"publish","type":"page","link":"https:\/\/www.mairie-chailly-en-biere.fr\/?page_id=12364","title":{"rendered":"Observatoire photographique des paysages"},"content":{"rendered":"<p>Afin de suivre l&rsquo;\u00e9volution du patrimoine paysager du Parc Naturel R\u00e9gional du G\u00e2tinais fran\u00e7ais, les services de celui-ci ont mis en place, dans chacune des communes qui le composent, des bornes d&rsquo;observation en gr\u00e8s (ou un clou d&rsquo;arpentage en contexte urbain), avec une rondelle verte mentionnant le parc.<\/p>\n<p>Chailly-en-Bi\u00e8re en a cinq : une rue Chamaillard, une dans un chemin pr\u00e8s de la fromagerie, une sur la RD 607 en direction de Fontainebleau, une sur la RD 607 en direction de Paris vers le lieudit la Porcherie et une derni\u00e8re sur la route de Melun avant la for\u00eat.<\/p>\n<p>Ces points d&rsquo;observation ont pour objectif de suivre au mieux les \u00e9volutions du paysage. Des prises de vues seront r\u00e9alis\u00e9es p\u00e9riodiquement afin de veiller sur l&rsquo;\u00e9volution des paysages et prendre conscience de leur fragilit\u00e9.<\/p>\n","protected":false},"excerpt":{"rendered":"<p>Afin de suivre l&rsquo;\u00e9volution du patrimoine paysager du Parc Naturel R\u00e9gional du G\u00e2tinais fran\u00e7ais, les services de celui-ci ont mis en place, dans chacune des communes qui le composent, des bornes d&rsquo;observation en gr\u00e8s (ou un clou d&rsquo;arpentage en contexte urbain), avec une rondelle verte mentionnant le parc. Chailly-en-Bi\u00e8re en a cinq : une rue &hellip; <\/p>\n<p><a class=\"more-link btn\" href=\"https:\/\/www.mairie-chailly-en-biere.fr\/?page_id=12364\">Lire la suite<\/a><\/p>\n","protected":false},"author":2,"featured_media":0,"parent":12339,"menu_order":8,"comment_status":"closed","ping_status":"closed","template":"","meta":{"footnotes":""},"class_list":["post-12364","page","type-page","status-publish","hentry","nodate","item-wrap"],"_links":{"self":[{"href":"https:\/\/www.mairie-chailly-en-biere.fr\/index.php?rest_route=\/wp\/v2\/pages\/12364","targetHints":{"allow":["GET"]}}],"collection":[{"href":"https:\/\/www.mairie-chailly-en-biere.fr\/index.php?rest_route=\/wp\/v2\/pages"}],"about":[{"href":"https:\/\/www.mairie-chailly-en-biere.fr\/index.php?rest_route=\/wp\/v2\/types\/page"}],"author":[{"embeddable":true,"href":"https:\/\/www.mairie-chailly-en-biere.fr\/index.php?rest_route=\/wp\/v2\/users\/2"}],"replies":[{"embeddable":true,"href":"https:\/\/www.mairie-chailly-en-biere.fr\/index.php?rest_route=%2Fwp%2Fv2%2Fcomments&post=12364"}],"version-history":[{"count":1,"href":"https:\/\/www.mairie-chailly-en-biere.fr\/index.php?rest_route=\/wp\/v2\/pages\/12364\/revisions"}],"predecessor-version":[{"id":12365,"href":"https:\/\/www.mairie-chailly-en-biere.fr\/index.php?rest_route=\/wp\/v2\/pages\/12364\/revisions\/12365"}],"up":[{"embeddable":true,"href":"https:\/\/www.mairie-chailly-en-biere.fr\/index.php?rest_route=\/wp\/v2\/pages\/12339"}],"wp:attachment":[{"href":"https:\/\/www.mairie-chailly-en-biere.fr\/index.php?rest_route=%2Fwp%2Fv2%2Fmedia&parent=12364"}],"curies":[{"name":"wp","href":"https:\/\/api.w.org\/{rel}","templated":true}]}}