{"id":12360,"date":"2019-08-13T11:51:01","date_gmt":"2019-08-13T11:51:01","guid":{"rendered":"https:\/\/www.mairie-chailly-en-biere.fr\/?page_id=12360"},"modified":"2023-12-20T09:01:30","modified_gmt":"2023-12-20T09:01:30","slug":"protection-des-arbres-contre-labattage-et-les-degradations","status":"publish","type":"page","link":"https:\/\/www.mairie-chailly-en-biere.fr\/?page_id=12360","title":{"rendered":"Protection des arbres contre l&rsquo;abattage et les d\u00e9gradations"},"content":{"rendered":"<p><img loading=\"lazy\" decoding=\"async\" class=\"wp-image-2360 size-large aligncenter\" src=\"https:\/\/www.mairie-chailly-en-biere.fr\/wp-content\/uploads\/DELAMBRE-TABLEAU-560x322.jpg\" alt=\"Tableau de L\u00e9on DELAMBRE\" width=\"555\" height=\"319\" srcset=\"https:\/\/www.mairie-chailly-en-biere.fr\/wp-content\/uploads\/DELAMBRE-TABLEAU-560x322.jpg 560w, https:\/\/www.mairie-chailly-en-biere.fr\/wp-content\/uploads\/DELAMBRE-TABLEAU-300x172.jpg 300w, https:\/\/www.mairie-chailly-en-biere.fr\/wp-content\/uploads\/DELAMBRE-TABLEAU.jpg 650w\" sizes=\"auto, (max-width: 555px) 100vw, 555px\" \/><\/p>\n<p style=\"text-align: justify;\">Le CAUE (Conseil d&rsquo;Architecture d&rsquo;Urbanisme et de l&rsquo;Environnement) de Seine-et-Marne\u00a0 est une <strong>association<\/strong> qui a pour but de promouvoir une architecture, un urbanisme et un environnement de qualit\u00e9.<\/p>\n<p style=\"text-align: justify;\">Il assure sur l\u2018ensemble du d\u00e9partement une fonction de <strong>service public<\/strong> aupr\u00e8s des collectivit\u00e9s, des professionnels et des particuliers. De nombreuses conseils sont consultables en ligne sur leur site comme par exemple sur le patrimoine arbor\u00e9 (<a href=\"https:\/\/www.mairie-chailly-en-biere.fr\/wp-content\/uploads\/protection-arbres-contre-abattage-et-degradations-2020-05-14.pdf\">protection-arbres-contre-abattage-et-degradations-2020-05-14<\/a>).<\/p>\n<p><a href=\"https:\/\/www.caue77.fr\/\">Site du Caue 77<\/a><\/p>\n","protected":false},"excerpt":{"rendered":"<p>Le CAUE (Conseil d&rsquo;Architecture d&rsquo;Urbanisme et de l&rsquo;Environnement) de Seine-et-Marne\u00a0 est une association qui a pour but de promouvoir une architecture, un urbanisme et un environnement de qualit\u00e9. Il assure sur l\u2018ensemble du d\u00e9partement une fonction de service public aupr\u00e8s des collectivit\u00e9s, des professionnels et des particuliers. De nombreuses conseils sont consultables en ligne sur &hellip; <\/p>\n<p><a class=\"more-link btn\" href=\"https:\/\/www.mairie-chailly-en-biere.fr\/?page_id=12360\">Lire la suite<\/a><\/p>\n","protected":false},"author":2,"featured_media":0,"parent":12339,"menu_order":7,"comment_status":"closed","ping_status":"closed","template":"","meta":{"footnotes":""},"class_list":["post-12360","page","type-page","status-publish","hentry","nodate","item-wrap"],"_links":{"self":[{"href":"https:\/\/www.mairie-chailly-en-biere.fr\/index.php?rest_route=\/wp\/v2\/pages\/12360","targetHints":{"allow":["GET"]}}],"collection":[{"href":"https:\/\/www.mairie-chailly-en-biere.fr\/index.php?rest_route=\/wp\/v2\/pages"}],"about":[{"href":"https:\/\/www.mairie-chailly-en-biere.fr\/index.php?rest_route=\/wp\/v2\/types\/page"}],"author":[{"embeddable":true,"href":"https:\/\/www.mairie-chailly-en-biere.fr\/index.php?rest_route=\/wp\/v2\/users\/2"}],"replies":[{"embeddable":true,"href":"https:\/\/www.mairie-chailly-en-biere.fr\/index.php?rest_route=%2Fwp%2Fv2%2Fcomments&post=12360"}],"version-history":[{"count":6,"href":"https:\/\/www.mairie-chailly-en-biere.fr\/index.php?rest_route=\/wp\/v2\/pages\/12360\/revisions"}],"predecessor-version":[{"id":17211,"href":"https:\/\/www.mairie-chailly-en-biere.fr\/index.php?rest_route=\/wp\/v2\/pages\/12360\/revisions\/17211"}],"up":[{"embeddable":true,"href":"https:\/\/www.mairie-chailly-en-biere.fr\/index.php?rest_route=\/wp\/v2\/pages\/12339"}],"wp:attachment":[{"href":"https:\/\/www.mairie-chailly-en-biere.fr\/index.php?rest_route=%2Fwp%2Fv2%2Fmedia&parent=12360"}],"curies":[{"name":"wp","href":"https:\/\/api.w.org\/{rel}","templated":true}]}}