{"id":12356,"date":"2019-08-13T11:40:37","date_gmt":"2019-08-13T11:40:37","guid":{"rendered":"https:\/\/www.mairie-chailly-en-biere.fr\/?page_id=12356"},"modified":"2019-08-13T11:47:36","modified_gmt":"2019-08-13T11:47:36","slug":"mediateur-de-lenergie","status":"publish","type":"page","link":"https:\/\/www.mairie-chailly-en-biere.fr\/?page_id=12356","title":{"rendered":"M\u00e9diateur national de l&rsquo;\u00e9nergie"},"content":{"rendered":"<p>Vous avez un diff\u00e9rend avec votre fournisseur d&rsquo;\u00e9lectricit\u00e9 ou de gaz naturel : apr\u00e8s une premi\u00e8re r\u00e9clamation, votre litige persiste. Une solution, adressez votre dossier au :<\/p>\n<p><strong>M\u00e9diateur national de l&rsquo;Energie<\/strong><\/p>\n<p><strong>Libre r\u00e9ponse n\u00b0 59252<\/strong><\/p>\n<p><strong>75443 PARIS CEDEX 09<\/strong><\/p>\n<p>Le recours au m\u00e9diateur est <strong>gratuit<\/strong>\u00a0(n&rsquo;affranchissez pas votre courrier). Vous pouvez aussi le saisir en ligne <a href=\"https:\/\/www.energie-mediateur.fr\/\">energie-mediateur.fr<\/a><\/p>\n<p>&nbsp;<\/p>\n","protected":false},"excerpt":{"rendered":"<p>Vous avez un diff\u00e9rend avec votre fournisseur d&rsquo;\u00e9lectricit\u00e9 ou de gaz naturel : apr\u00e8s une premi\u00e8re r\u00e9clamation, votre litige persiste. Une solution, adressez votre dossier au : M\u00e9diateur national de l&rsquo;Energie Libre r\u00e9ponse n\u00b0 59252 75443 PARIS CEDEX 09 Le recours au m\u00e9diateur est gratuit\u00a0(n&rsquo;affranchissez pas votre courrier). Vous pouvez aussi le saisir en ligne &hellip; <\/p>\n<p><a class=\"more-link btn\" href=\"https:\/\/www.mairie-chailly-en-biere.fr\/?page_id=12356\">Lire la suite<\/a><\/p>\n","protected":false},"author":2,"featured_media":0,"parent":35,"menu_order":10,"comment_status":"closed","ping_status":"closed","template":"","meta":{"footnotes":""},"class_list":["post-12356","page","type-page","status-publish","hentry","nodate","item-wrap"],"_links":{"self":[{"href":"https:\/\/www.mairie-chailly-en-biere.fr\/index.php?rest_route=\/wp\/v2\/pages\/12356","targetHints":{"allow":["GET"]}}],"collection":[{"href":"https:\/\/www.mairie-chailly-en-biere.fr\/index.php?rest_route=\/wp\/v2\/pages"}],"about":[{"href":"https:\/\/www.mairie-chailly-en-biere.fr\/index.php?rest_route=\/wp\/v2\/types\/page"}],"author":[{"embeddable":true,"href":"https:\/\/www.mairie-chailly-en-biere.fr\/index.php?rest_route=\/wp\/v2\/users\/2"}],"replies":[{"embeddable":true,"href":"https:\/\/www.mairie-chailly-en-biere.fr\/index.php?rest_route=%2Fwp%2Fv2%2Fcomments&post=12356"}],"version-history":[{"count":2,"href":"https:\/\/www.mairie-chailly-en-biere.fr\/index.php?rest_route=\/wp\/v2\/pages\/12356\/revisions"}],"predecessor-version":[{"id":12359,"href":"https:\/\/www.mairie-chailly-en-biere.fr\/index.php?rest_route=\/wp\/v2\/pages\/12356\/revisions\/12359"}],"up":[{"embeddable":true,"href":"https:\/\/www.mairie-chailly-en-biere.fr\/index.php?rest_route=\/wp\/v2\/pages\/35"}],"wp:attachment":[{"href":"https:\/\/www.mairie-chailly-en-biere.fr\/index.php?rest_route=%2Fwp%2Fv2%2Fmedia&parent=12356"}],"curies":[{"name":"wp","href":"https:\/\/api.w.org\/{rel}","templated":true}]}}