{"id":12354,"date":"2019-08-13T11:38:12","date_gmt":"2019-08-13T11:38:12","guid":{"rendered":"https:\/\/www.mairie-chailly-en-biere.fr\/?page_id=12354"},"modified":"2019-08-13T11:38:12","modified_gmt":"2019-08-13T11:38:12","slug":"destruction-des-chardons","status":"publish","type":"page","link":"https:\/\/www.mairie-chailly-en-biere.fr\/?page_id=12354","title":{"rendered":"Destruction des chardons"},"content":{"rendered":"<p><img loading=\"lazy\" decoding=\"async\" class=\"alignleft size-full wp-image-568\" src=\"https:\/\/www.mairie-chailly-en-biere.fr\/wp-content\/uploads\/chardons.jpg\" alt=\"\" width=\"167\" height=\"250\" \/>Par <a href=\"https:\/\/www.mairie-chailly-en-biere.fr\/wp-content\/uploads\/Arrete_chardons_2013_dept77_cle0f1395.pdf\">arr\u00eat\u00e9 pr\u00e9fectoral n\u00b0 2013\/DDT\/SADR\/088 du 17 juillet 2013<\/a>, la destruction des chardons est rendue obligatoire sur l&rsquo;ensemble du d\u00e9partement, du 1er mai au 31 octobre.<\/p>\n<p>Les chardons appartiennent \u00e0 la liste nationale des organismes nuisibles.<\/p>\n","protected":false},"excerpt":{"rendered":"<p>Par arr\u00eat\u00e9 pr\u00e9fectoral n\u00b0 2013\/DDT\/SADR\/088 du 17 juillet 2013, la destruction des chardons est rendue obligatoire sur l&rsquo;ensemble du d\u00e9partement, du 1er mai au 31 octobre. Les chardons appartiennent \u00e0 la liste nationale des organismes nuisibles.<\/p>\n","protected":false},"author":2,"featured_media":0,"parent":12339,"menu_order":7,"comment_status":"closed","ping_status":"closed","template":"","meta":{"footnotes":""},"class_list":["post-12354","page","type-page","status-publish","hentry","nodate","item-wrap"],"_links":{"self":[{"href":"https:\/\/www.mairie-chailly-en-biere.fr\/index.php?rest_route=\/wp\/v2\/pages\/12354","targetHints":{"allow":["GET"]}}],"collection":[{"href":"https:\/\/www.mairie-chailly-en-biere.fr\/index.php?rest_route=\/wp\/v2\/pages"}],"about":[{"href":"https:\/\/www.mairie-chailly-en-biere.fr\/index.php?rest_route=\/wp\/v2\/types\/page"}],"author":[{"embeddable":true,"href":"https:\/\/www.mairie-chailly-en-biere.fr\/index.php?rest_route=\/wp\/v2\/users\/2"}],"replies":[{"embeddable":true,"href":"https:\/\/www.mairie-chailly-en-biere.fr\/index.php?rest_route=%2Fwp%2Fv2%2Fcomments&post=12354"}],"version-history":[{"count":1,"href":"https:\/\/www.mairie-chailly-en-biere.fr\/index.php?rest_route=\/wp\/v2\/pages\/12354\/revisions"}],"predecessor-version":[{"id":12355,"href":"https:\/\/www.mairie-chailly-en-biere.fr\/index.php?rest_route=\/wp\/v2\/pages\/12354\/revisions\/12355"}],"up":[{"embeddable":true,"href":"https:\/\/www.mairie-chailly-en-biere.fr\/index.php?rest_route=\/wp\/v2\/pages\/12339"}],"wp:attachment":[{"href":"https:\/\/www.mairie-chailly-en-biere.fr\/index.php?rest_route=%2Fwp%2Fv2%2Fmedia&parent=12354"}],"curies":[{"name":"wp","href":"https:\/\/api.w.org\/{rel}","templated":true}]}}