{"id":12349,"date":"2019-08-13T11:33:44","date_gmt":"2019-08-13T11:33:44","guid":{"rendered":"https:\/\/www.mairie-chailly-en-biere.fr\/?page_id=12349"},"modified":"2019-08-13T11:33:44","modified_gmt":"2019-08-13T11:33:44","slug":"compostage","status":"publish","type":"page","link":"https:\/\/www.mairie-chailly-en-biere.fr\/?page_id=12349","title":{"rendered":"Compostage"},"content":{"rendered":"<h5><img loading=\"lazy\" decoding=\"async\" class=\"alignleft size-medium wp-image-7936\" src=\"https:\/\/www.mairie-chailly-en-biere.fr\/wp-content\/uploads\/COMPOSTEUR-220x300.jpg\" alt=\"\" width=\"220\" height=\"300\" srcset=\"https:\/\/www.mairie-chailly-en-biere.fr\/wp-content\/uploads\/COMPOSTEUR-220x300.jpg 220w, https:\/\/www.mairie-chailly-en-biere.fr\/wp-content\/uploads\/COMPOSTEUR.jpg 266w\" sizes=\"auto, (max-width: 220px) 100vw, 220px\" \/>Faire du compost, c&rsquo;est naturel et donc \u00e9cologique ! Recycler soi-m\u00eame les d\u00e9chets du jardin permet \u00e9galement d&rsquo;avoir du compost \u00e0 moindre co\u00fbt sans trop d&rsquo;effort.<\/h5>\n<h5>Pour les habitants du Pays de Fontainebleau, le <a href=\"https:\/\/www.smictom-fontainebleau.fr\/\">SMICTOM<\/a> propose toute une gamme de composteurs \u00e0 moiti\u00e9 prix ! N&rsquo;h\u00e9sitez pas \u00e0 les contacter au 0800 133 895.<\/h5>\n<p>&nbsp;<\/p>\n","protected":false},"excerpt":{"rendered":"<p>Faire du compost, c&rsquo;est naturel et donc \u00e9cologique ! Recycler soi-m\u00eame les d\u00e9chets du jardin permet \u00e9galement d&rsquo;avoir du compost \u00e0 moindre co\u00fbt sans trop d&rsquo;effort. Pour les habitants du Pays de Fontainebleau, le SMICTOM propose toute une gamme de composteurs \u00e0 moiti\u00e9 prix ! N&rsquo;h\u00e9sitez pas \u00e0 les contacter au 0800 133 895. &nbsp;<\/p>\n","protected":false},"author":2,"featured_media":0,"parent":12339,"menu_order":3,"comment_status":"closed","ping_status":"closed","template":"","meta":{"footnotes":""},"class_list":["post-12349","page","type-page","status-publish","hentry","nodate","item-wrap"],"_links":{"self":[{"href":"https:\/\/www.mairie-chailly-en-biere.fr\/index.php?rest_route=\/wp\/v2\/pages\/12349","targetHints":{"allow":["GET"]}}],"collection":[{"href":"https:\/\/www.mairie-chailly-en-biere.fr\/index.php?rest_route=\/wp\/v2\/pages"}],"about":[{"href":"https:\/\/www.mairie-chailly-en-biere.fr\/index.php?rest_route=\/wp\/v2\/types\/page"}],"author":[{"embeddable":true,"href":"https:\/\/www.mairie-chailly-en-biere.fr\/index.php?rest_route=\/wp\/v2\/users\/2"}],"replies":[{"embeddable":true,"href":"https:\/\/www.mairie-chailly-en-biere.fr\/index.php?rest_route=%2Fwp%2Fv2%2Fcomments&post=12349"}],"version-history":[{"count":1,"href":"https:\/\/www.mairie-chailly-en-biere.fr\/index.php?rest_route=\/wp\/v2\/pages\/12349\/revisions"}],"predecessor-version":[{"id":12350,"href":"https:\/\/www.mairie-chailly-en-biere.fr\/index.php?rest_route=\/wp\/v2\/pages\/12349\/revisions\/12350"}],"up":[{"embeddable":true,"href":"https:\/\/www.mairie-chailly-en-biere.fr\/index.php?rest_route=\/wp\/v2\/pages\/12339"}],"wp:attachment":[{"href":"https:\/\/www.mairie-chailly-en-biere.fr\/index.php?rest_route=%2Fwp%2Fv2%2Fmedia&parent=12349"}],"curies":[{"name":"wp","href":"https:\/\/api.w.org\/{rel}","templated":true}]}}