{"id":12345,"date":"2019-08-13T11:30:54","date_gmt":"2019-08-13T11:30:54","guid":{"rendered":"https:\/\/www.mairie-chailly-en-biere.fr\/?page_id=12345"},"modified":"2019-08-13T11:36:27","modified_gmt":"2019-08-13T11:36:27","slug":"chenilles-processionnaires","status":"publish","type":"page","link":"https:\/\/www.mairie-chailly-en-biere.fr\/?page_id=12345","title":{"rendered":"Chenilles processionnaires"},"content":{"rendered":"<p><img loading=\"lazy\" decoding=\"async\" class=\"alignleft size-medium wp-image-11915\" src=\"https:\/\/www.mairie-chailly-en-biere.fr\/wp-content\/uploads\/CHENILLES-PROCESSIONNAIRES_-212x300.jpg\" alt=\"\" width=\"212\" height=\"300\" srcset=\"https:\/\/www.mairie-chailly-en-biere.fr\/wp-content\/uploads\/CHENILLES-PROCESSIONNAIRES_-212x300.jpg 212w, https:\/\/www.mairie-chailly-en-biere.fr\/wp-content\/uploads\/CHENILLES-PROCESSIONNAIRES_.jpg 494w\" sizes=\"auto, (max-width: 212px) 100vw, 212px\" \/>L&rsquo;Agence R\u00e9gionale de Sant\u00e9 de l&rsquo;Ile-de-France (A.R.S.) , par mesure de pr\u00e9vention, alerte sur les dangers que repr\u00e9sentent les colonies de chenilles processionnaires du ch\u00eane et du pin en \u00cele-de-France. En effet, ces chenilles aux poils urticants peuvent occasionner des r\u00e9actions cutan\u00e9es, oculaires ou encore des difficult\u00e9s respiratoires.<\/p>\n<p><a href=\"https:\/\/www.iledefrance.ars.sante.fr\/chenilles-urticantes-1\">https:\/\/www.iledefrance.ars.sante.fr\/chenilles-urticantes-1<\/a><\/p>\n<p>La vigilance est donc de mise et il est <strong>important<\/strong> de rappeler d\u2019\u00e9viter tout contact avec les chenilles, leur nid et les zones \u00e0 proximit\u00e9 des arbres infest\u00e9s. <a href=\"https:\/\/www.mairie-chailly-en-biere.fr\/wp-content\/uploads\/ARRETE-Chenilles-processionnaires.pdf\">Par arr\u00eat\u00e9 municipal, il est \u00e9galement demand\u00e9 de prendre toutes mesures n\u00e9cessaires pour la s\u00e9curit\u00e9 de tous.<\/a><\/p>\n<p>&nbsp;<\/p>\n<p style=\"text-align: justify;\">La chenille processionnaire du pin est la larve d&rsquo;un papillon de nuit, le Thaumetopoea pityocampa. Les papillons sont nocturnes et ne vivent g\u00e9n\u00e9ralement pas plus d&rsquo;une nuit. Ils ont peu de pr\u00e9dateurs. Les oiseaux en g\u00e9n\u00e9ral ne les mangent pas \u00e0 cause de leurs poils urticants et de leur mauvais go\u00fbt. Seuls le coucou et la m\u00e9sange s&rsquo;attaquent \u00e0 elles. Leur principal pr\u00e9dateur est le grand calosome, insecte col\u00e9opt\u00e8re vivant ordinairement sur le sol, aux \u00e9lytres avec des reflets verts m\u00e9talliques.<\/p>\n<p style=\"text-align: justify;\"><img loading=\"lazy\" decoding=\"async\" class=\"size-medium wp-image-7150 alignright\" src=\"https:\/\/www.mairie-chailly-en-biere.fr\/wp-content\/uploads\/Chenilles-processionnaires-300x218.jpg\" alt=\"\" width=\"300\" height=\"218\" srcset=\"https:\/\/www.mairie-chailly-en-biere.fr\/wp-content\/uploads\/Chenilles-processionnaires-300x218.jpg 300w, https:\/\/www.mairie-chailly-en-biere.fr\/wp-content\/uploads\/Chenilles-processionnaires.jpg 391w\" sizes=\"auto, (max-width: 300px) 100vw, 300px\" \/>Les chenilles processionnaires sont recouvertes de poils qui, dispers\u00e9s par le vent ou par nous-m\u00eame (tonte de la pelouse, en essayant de d\u00e9truire une procession&#8230;) peuvent provoquer une irritation chez les personnes et les animaux.\u00a0 Lorsque le poil se brise, d\u00e8s le premier contact, la substance urticante et allergisante qu&rsquo;il contient, la \u00ab thaum\u00e9topo\u00e9\u00efne \u00bb, se lib\u00e8re provoquant des d\u00e9mangeaisons tr\u00e8s vives. Ces irritations se caract\u00e9risent par des \u00e9ryth\u00e8mes ou des \u00e9ruptions prurigineux accompagn\u00e9s parfois d&rsquo;atteintes oculaires ou pulmonaires voire des r\u00e9actions allergiques plus graves telles que les \u0153d\u00e8mes de Quincke ou les chocs anaphylactiques.<\/p>\n<p>Vous pouvez vous rapprocher \u00e9galement de l&rsquo;association Le Fredon sur le site : <a href=\"https:\/\/www.fredonidf.com\/\" target=\"_blank\" rel=\"noopener noreferrer\">fredonidf.com<\/a>\u00a0ou par mail \u00e0 <a href=\"mailto:ornement.fredonidf@wanadoo.fr\">ornement.fredonidf@wanadoo.fr<\/a>.<\/p>\n","protected":false},"excerpt":{"rendered":"<p>L&rsquo;Agence R\u00e9gionale de Sant\u00e9 de l&rsquo;Ile-de-France (A.R.S.) , par mesure de pr\u00e9vention, alerte sur les dangers que repr\u00e9sentent les colonies de chenilles processionnaires du ch\u00eane et du pin en \u00cele-de-France. En effet, ces chenilles aux poils urticants peuvent occasionner des r\u00e9actions cutan\u00e9es, oculaires ou encore des difficult\u00e9s respiratoires. https:\/\/www.iledefrance.ars.sante.fr\/chenilles-urticantes-1 La vigilance est donc de mise &hellip; <\/p>\n<p><a class=\"more-link btn\" href=\"https:\/\/www.mairie-chailly-en-biere.fr\/?page_id=12345\">Lire la suite<\/a><\/p>\n","protected":false},"author":2,"featured_media":0,"parent":12339,"menu_order":5,"comment_status":"closed","ping_status":"closed","template":"","meta":{"footnotes":""},"class_list":["post-12345","page","type-page","status-publish","hentry","nodate","item-wrap"],"_links":{"self":[{"href":"https:\/\/www.mairie-chailly-en-biere.fr\/index.php?rest_route=\/wp\/v2\/pages\/12345","targetHints":{"allow":["GET"]}}],"collection":[{"href":"https:\/\/www.mairie-chailly-en-biere.fr\/index.php?rest_route=\/wp\/v2\/pages"}],"about":[{"href":"https:\/\/www.mairie-chailly-en-biere.fr\/index.php?rest_route=\/wp\/v2\/types\/page"}],"author":[{"embeddable":true,"href":"https:\/\/www.mairie-chailly-en-biere.fr\/index.php?rest_route=\/wp\/v2\/users\/2"}],"replies":[{"embeddable":true,"href":"https:\/\/www.mairie-chailly-en-biere.fr\/index.php?rest_route=%2Fwp%2Fv2%2Fcomments&post=12345"}],"version-history":[{"count":3,"href":"https:\/\/www.mairie-chailly-en-biere.fr\/index.php?rest_route=\/wp\/v2\/pages\/12345\/revisions"}],"predecessor-version":[{"id":12353,"href":"https:\/\/www.mairie-chailly-en-biere.fr\/index.php?rest_route=\/wp\/v2\/pages\/12345\/revisions\/12353"}],"up":[{"embeddable":true,"href":"https:\/\/www.mairie-chailly-en-biere.fr\/index.php?rest_route=\/wp\/v2\/pages\/12339"}],"wp:attachment":[{"href":"https:\/\/www.mairie-chailly-en-biere.fr\/index.php?rest_route=%2Fwp%2Fv2%2Fmedia&parent=12345"}],"curies":[{"name":"wp","href":"https:\/\/api.w.org\/{rel}","templated":true}]}}