{"id":12343,"date":"2025-03-07T11:28:45","date_gmt":"2025-03-07T11:28:45","guid":{"rendered":"https:\/\/www.mairie-chailly-en-biere.fr\/?page_id=12343"},"modified":"2025-05-12T10:03:03","modified_gmt":"2025-05-12T10:03:03","slug":"frelons-identification","status":"publish","type":"page","link":"https:\/\/www.mairie-chailly-en-biere.fr\/?page_id=12343","title":{"rendered":"Frelons : identification"},"content":{"rendered":"<p style=\"text-align: justify;\"><img loading=\"lazy\" decoding=\"async\" class=\"alignleft size-medium wp-image-11891\" src=\"https:\/\/www.mairie-chailly-en-biere.fr\/wp-content\/uploads\/FRELONS-ASIATIQUES-300x201.jpg\" alt=\"\" width=\"300\" height=\"201\" srcset=\"https:\/\/www.mairie-chailly-en-biere.fr\/wp-content\/uploads\/FRELONS-ASIATIQUES-300x201.jpg 300w, https:\/\/www.mairie-chailly-en-biere.fr\/wp-content\/uploads\/FRELONS-ASIATIQUES.jpg 308w\" sizes=\"auto, (max-width: 300px) 100vw, 300px\" \/>La pr\u00e9sence de frelons asiatiques, en Seine-et-Marne, a \u00e9t\u00e9 confirm\u00e9e pour la premi\u00e8re fois en 2014. Aid\u00e9e par l&rsquo;absence d&rsquo;hivers rigoureux, l&rsquo;implantation des frelons asiatiques, redoutables pr\u00e9dateurs pour nos colonies d&rsquo;abeilles domestiques, s&rsquo;\u00e9tend. Pour en savoir +, vous pouvez consulter le site de la <a href=\"https:\/\/www.seine-et-marne.gouv.fr\/Politiques-publiques\/Agriculture-et-sante-animale\/Sante-animale\/Le-Frelon-asiatique-en-Seine-et-Marne\" target=\"_blank\" rel=\"noopener noreferrer\">Pr\u00e9fecture<\/a> et le site de la <a href=\"https:\/\/www.fredonidf.fr\/actualites\/saison-frelons-asiatiques\" target=\"_blank\" rel=\"noopener\">FREDON Ile-de-France<\/a>, sur lequel vous trouverez des fiches pratiques.<\/p>\n<p>Vous pouvez agir aussi d\u00e8s maintenant en installant <a href=\"https:\/\/www.mairie-chailly-en-biere.fr\/wp-content\/uploads\/IMPORTANT-FRELONS.pdf\">un simple pi\u00e8ge r\u00e9alis\u00e9 avec une bouteille plastique<\/a>.<\/p>\n","protected":false},"excerpt":{"rendered":"<p>La pr\u00e9sence de frelons asiatiques, en Seine-et-Marne, a \u00e9t\u00e9 confirm\u00e9e pour la premi\u00e8re fois en 2014. Aid\u00e9e par l&rsquo;absence d&rsquo;hivers rigoureux, l&rsquo;implantation des frelons asiatiques, redoutables pr\u00e9dateurs pour nos colonies d&rsquo;abeilles domestiques, s&rsquo;\u00e9tend. Pour en savoir +, vous pouvez consulter le site de la Pr\u00e9fecture et le site de la FREDON Ile-de-France, sur lequel vous &hellip; <\/p>\n<p><a class=\"more-link btn\" href=\"https:\/\/www.mairie-chailly-en-biere.fr\/?page_id=12343\">Lire la suite<\/a><\/p>\n","protected":false},"author":2,"featured_media":0,"parent":12339,"menu_order":4,"comment_status":"closed","ping_status":"closed","template":"","meta":{"footnotes":""},"class_list":["post-12343","page","type-page","status-publish","hentry","nodate","item-wrap"],"_links":{"self":[{"href":"https:\/\/www.mairie-chailly-en-biere.fr\/index.php?rest_route=\/wp\/v2\/pages\/12343","targetHints":{"allow":["GET"]}}],"collection":[{"href":"https:\/\/www.mairie-chailly-en-biere.fr\/index.php?rest_route=\/wp\/v2\/pages"}],"about":[{"href":"https:\/\/www.mairie-chailly-en-biere.fr\/index.php?rest_route=\/wp\/v2\/types\/page"}],"author":[{"embeddable":true,"href":"https:\/\/www.mairie-chailly-en-biere.fr\/index.php?rest_route=\/wp\/v2\/users\/2"}],"replies":[{"embeddable":true,"href":"https:\/\/www.mairie-chailly-en-biere.fr\/index.php?rest_route=%2Fwp%2Fv2%2Fcomments&post=12343"}],"version-history":[{"count":7,"href":"https:\/\/www.mairie-chailly-en-biere.fr\/index.php?rest_route=\/wp\/v2\/pages\/12343\/revisions"}],"predecessor-version":[{"id":18700,"href":"https:\/\/www.mairie-chailly-en-biere.fr\/index.php?rest_route=\/wp\/v2\/pages\/12343\/revisions\/18700"}],"up":[{"embeddable":true,"href":"https:\/\/www.mairie-chailly-en-biere.fr\/index.php?rest_route=\/wp\/v2\/pages\/12339"}],"wp:attachment":[{"href":"https:\/\/www.mairie-chailly-en-biere.fr\/index.php?rest_route=%2Fwp%2Fv2%2Fmedia&parent=12343"}],"curies":[{"name":"wp","href":"https:\/\/api.w.org\/{rel}","templated":true}]}}