{"id":12339,"date":"2019-08-13T11:20:38","date_gmt":"2019-08-13T11:20:38","guid":{"rendered":"https:\/\/www.mairie-chailly-en-biere.fr\/?page_id=12339"},"modified":"2024-08-14T07:31:15","modified_gmt":"2024-08-14T07:31:15","slug":"environnement-voirie","status":"publish","type":"page","link":"https:\/\/www.mairie-chailly-en-biere.fr\/?page_id=12339","title":{"rendered":"Collecte des ordures m\u00e9nag\u00e8res et s\u00e9lective, environnement, voirie&#8230;"},"content":{"rendered":"<p>&nbsp;<\/p>\n<ol>\n<li><a href=\"https:\/\/www.mairie-chailly-en-biere.fr\/?page_id=12307\">Collecte des ordures m\u00e9nag\u00e8res, collecte s\u00e9lective<\/a><\/li>\n<li><a href=\"https:\/\/www.mairie-chailly-en-biere.fr\/?page_id=12324\" target=\"_blank\" rel=\"noopener\">Entretien des trottoirs<\/a><\/li>\n<li><a href=\"https:\/\/www.mairie-chailly-en-biere.fr\/?page_id=12320\" target=\"_blank\" rel=\"noopener\">Br\u00fblage \u00e0 l&rsquo;air libre<\/a><\/li>\n<li><a href=\"https:\/\/www.mairie-chailly-en-biere.fr\/?page_id=12349\">Compostage<\/a><\/li>\n<li><a href=\"https:\/\/www.mairie-chailly-en-biere.fr\/?page_id=12343\">Frelons &#8211; identification<\/a><\/li>\n<li><a href=\"https:\/\/www.mairie-chailly-en-biere.fr\/?page_id=12345\">Chenilles processionnaires<\/a><\/li>\n<li><a href=\"https:\/\/www.mairie-chailly-en-biere.fr\/?page_id=12347\">Nid de gu\u00eapes<\/a><\/li>\n<li><a href=\"https:\/\/www.mairie-chailly-en-biere.fr\/?page_id=12354\">Destruction des chardons<\/a><\/li>\n<li><a href=\"https:\/\/www.mairie-chailly-en-biere.fr\/?page_id=12360\">Protection des arbres contre l&rsquo;abattage et les d\u00e9gradations<\/a><\/li>\n<li><a href=\"https:\/\/www.mairie-chailly-en-biere.fr\/?page_id=12364\">Observatoire photographique des paysages<\/a><\/li>\n<li><a href=\"https:\/\/www.mairie-chailly-en-biere.fr\/?page_id=12366\">Charte de gestion \u00e9cologique des espaces communaux<\/a><\/li>\n<\/ol>\n<p>&nbsp;<\/p>\n<p style=\"text-align: center;\"><a href=\"https:\/\/www.smictom-fontainebleau.fr\/\" target=\"_blank\" rel=\"noopener\">SMICTOM de la R\u00e9gion de Fontainebleau<\/a><\/p>\n<p style=\"text-align: center;\"><a href=\"https:\/\/www.caue77.fr\/\" target=\"_blank\" rel=\"noopener\">https:\/\/www.caue77.fr\/<\/a><\/p>\n<p>&nbsp;<\/p>\n<p>&nbsp;<\/p>\n<p>&nbsp;<\/p>\n<p>&nbsp;<\/p>\n","protected":false},"excerpt":{"rendered":"<p>&nbsp; Collecte des ordures m\u00e9nag\u00e8res, collecte s\u00e9lective Entretien des trottoirs Br\u00fblage \u00e0 l&rsquo;air libre Compostage Frelons &#8211; identification Chenilles processionnaires Nid de gu\u00eapes Destruction des chardons Protection des arbres contre l&rsquo;abattage et les d\u00e9gradations Observatoire photographique des paysages Charte de gestion \u00e9cologique des espaces communaux &nbsp; SMICTOM de la R\u00e9gion de Fontainebleau https:\/\/www.caue77.fr\/ &nbsp; &nbsp; &hellip; <\/p>\n<p><a class=\"more-link btn\" href=\"https:\/\/www.mairie-chailly-en-biere.fr\/?page_id=12339\">Lire la suite<\/a><\/p>\n","protected":false},"author":2,"featured_media":0,"parent":35,"menu_order":3,"comment_status":"closed","ping_status":"closed","template":"","meta":{"footnotes":""},"class_list":["post-12339","page","type-page","status-publish","hentry","nodate","item-wrap"],"_links":{"self":[{"href":"https:\/\/www.mairie-chailly-en-biere.fr\/index.php?rest_route=\/wp\/v2\/pages\/12339","targetHints":{"allow":["GET"]}}],"collection":[{"href":"https:\/\/www.mairie-chailly-en-biere.fr\/index.php?rest_route=\/wp\/v2\/pages"}],"about":[{"href":"https:\/\/www.mairie-chailly-en-biere.fr\/index.php?rest_route=\/wp\/v2\/types\/page"}],"author":[{"embeddable":true,"href":"https:\/\/www.mairie-chailly-en-biere.fr\/index.php?rest_route=\/wp\/v2\/users\/2"}],"replies":[{"embeddable":true,"href":"https:\/\/www.mairie-chailly-en-biere.fr\/index.php?rest_route=%2Fwp%2Fv2%2Fcomments&post=12339"}],"version-history":[{"count":10,"href":"https:\/\/www.mairie-chailly-en-biere.fr\/index.php?rest_route=\/wp\/v2\/pages\/12339\/revisions"}],"predecessor-version":[{"id":17808,"href":"https:\/\/www.mairie-chailly-en-biere.fr\/index.php?rest_route=\/wp\/v2\/pages\/12339\/revisions\/17808"}],"up":[{"embeddable":true,"href":"https:\/\/www.mairie-chailly-en-biere.fr\/index.php?rest_route=\/wp\/v2\/pages\/35"}],"wp:attachment":[{"href":"https:\/\/www.mairie-chailly-en-biere.fr\/index.php?rest_route=%2Fwp%2Fv2%2Fmedia&parent=12339"}],"curies":[{"name":"wp","href":"https:\/\/api.w.org\/{rel}","templated":true}]}}