{"id":12335,"date":"2019-08-12T14:35:47","date_gmt":"2019-08-12T14:35:47","guid":{"rendered":"https:\/\/www.mairie-chailly-en-biere.fr\/?page_id=12335"},"modified":"2022-03-01T12:54:14","modified_gmt":"2022-03-01T12:54:14","slug":"elagage-des-arbres-bordant-les-voies-publiques","status":"publish","type":"page","link":"https:\/\/www.mairie-chailly-en-biere.fr\/?page_id=12335","title":{"rendered":"\u00c9lagage des arbres bordant les voies publiques"},"content":{"rendered":"<p><i>(extrait de l&rsquo;arr\u00eat\u00e9 n\u00b0 8\/2018 du 19 janvier 2018)<\/i><\/p>\n<p><i>\u00c9<\/i><i>LAGAGE DES ARBRES BORDANT LES VOIES PUBLIQUES<\/i><\/p>\n<p style=\"text-align: justify;\"><b>Article 6 : Les propri\u00e9taires riverains des voies publiques et de tout espace public de la commune, doivent effectuer l\u2019\u00e9lagage des arbres, arbustes et autres plantations situ\u00e9s sur leur propri\u00e9t\u00e9 et dont les branches, branchages ou feuillages forment saillie sur le domaine public<\/b>.<\/p>\n<p style=\"text-align: justify;\">Cet \u00e9lagage aura lieu suivant un plan vertical men\u00e9 par le parement ext\u00e9rieur des cl\u00f4tures sur toute la hauteur des plantations.<\/p>\n<p style=\"text-align: justify;\">Les propri\u00e9taires devront prendre toutes les pr\u00e9cautions n\u00e9cessaires pour pr\u00e9venir les accidents dont ils seront d\u2019ailleurs tenus responsables.<\/p>\n<p style=\"text-align: justify;\">En cas d\u2019urgence et dans le cas o\u00f9 les propri\u00e9taires riverains n\u00e9gligeraient de se conformer \u00e0 ces prescriptions, la commune peut faire effectuer d\u2019office les travaux d\u2019\u00e9lagage n\u00e9cessaires, aux frais des propri\u00e9taires, apr\u00e8s une mise en demeure rest\u00e9e sans effet.<\/p>\n","protected":false},"excerpt":{"rendered":"<p>(extrait de l&rsquo;arr\u00eat\u00e9 n\u00b0 8\/2018 du 19 janvier 2018) \u00c9LAGAGE DES ARBRES BORDANT LES VOIES PUBLIQUES Article 6 : Les propri\u00e9taires riverains des voies publiques et de tout espace public de la commune, doivent effectuer l\u2019\u00e9lagage des arbres, arbustes et autres plantations situ\u00e9s sur leur propri\u00e9t\u00e9 et dont les branches, branchages ou feuillages forment saillie &hellip; <\/p>\n<p><a class=\"more-link btn\" href=\"https:\/\/www.mairie-chailly-en-biere.fr\/?page_id=12335\">Lire la suite<\/a><\/p>\n","protected":false},"author":2,"featured_media":0,"parent":12037,"menu_order":5,"comment_status":"closed","ping_status":"closed","template":"","meta":{"footnotes":""},"class_list":["post-12335","page","type-page","status-publish","hentry","nodate","item-wrap"],"_links":{"self":[{"href":"https:\/\/www.mairie-chailly-en-biere.fr\/index.php?rest_route=\/wp\/v2\/pages\/12335","targetHints":{"allow":["GET"]}}],"collection":[{"href":"https:\/\/www.mairie-chailly-en-biere.fr\/index.php?rest_route=\/wp\/v2\/pages"}],"about":[{"href":"https:\/\/www.mairie-chailly-en-biere.fr\/index.php?rest_route=\/wp\/v2\/types\/page"}],"author":[{"embeddable":true,"href":"https:\/\/www.mairie-chailly-en-biere.fr\/index.php?rest_route=\/wp\/v2\/users\/2"}],"replies":[{"embeddable":true,"href":"https:\/\/www.mairie-chailly-en-biere.fr\/index.php?rest_route=%2Fwp%2Fv2%2Fcomments&post=12335"}],"version-history":[{"count":3,"href":"https:\/\/www.mairie-chailly-en-biere.fr\/index.php?rest_route=\/wp\/v2\/pages\/12335\/revisions"}],"predecessor-version":[{"id":15346,"href":"https:\/\/www.mairie-chailly-en-biere.fr\/index.php?rest_route=\/wp\/v2\/pages\/12335\/revisions\/15346"}],"up":[{"embeddable":true,"href":"https:\/\/www.mairie-chailly-en-biere.fr\/index.php?rest_route=\/wp\/v2\/pages\/12037"}],"wp:attachment":[{"href":"https:\/\/www.mairie-chailly-en-biere.fr\/index.php?rest_route=%2Fwp%2Fv2%2Fmedia&parent=12335"}],"curies":[{"name":"wp","href":"https:\/\/api.w.org\/{rel}","templated":true}]}}