{"id":12332,"date":"2019-08-12T14:33:08","date_gmt":"2019-08-12T14:33:08","guid":{"rendered":"https:\/\/www.mairie-chailly-en-biere.fr\/?page_id=12332"},"modified":"2025-10-20T14:26:00","modified_gmt":"2025-10-20T14:26:00","slug":"permission-de-voirie","status":"publish","type":"page","link":"https:\/\/www.mairie-chailly-en-biere.fr\/?page_id=12332","title":{"rendered":"Permission de voirie"},"content":{"rendered":"<p>Les travaux soumis \u00e0 permission de voirie concernent :<\/p>\n<p>&#8211; le raccordement \u00e0 caniveau des eaux pluviales,<br \/>\n&#8211; le montage d&rsquo;un \u00e9chafaudage sur le domaine public,<br \/>\n&#8211; le stationnement d&rsquo;une benne \u00e0 gravats ou le d\u00e9p\u00f4t de sable sur le trottoir,<br \/>\n&#8211; l\u2019am\u00e9nagement d&rsquo;une zone de protection de chantier lors d&rsquo;une construction,<br \/>\n&#8211; l&rsquo;occupation du domaine public pour un d\u00e9m\u00e9nagement,<br \/>\n&#8211; l&rsquo;am\u00e9nagement d&rsquo;un surbaiss\u00e9 de trottoir,<br \/>\n&#8211; le changement ou la pose d&rsquo;enseigne pour les commerces et entreprises.<\/p>\n<p>En Mairie, la demande d&rsquo;autorisation fait l&rsquo;objet d&rsquo;un arr\u00eat\u00e9 du maire ou d\u2019une autorisation de voirie.<\/p>\n<p>Par d\u00e9lib\u00e9ration n\u00b0 03\/2024 du conseil municipal du 15\/12\/2024, les tarifs sont les suivants :<\/p>\n<ul>\n<li>Benne : 8 euros\/jour<\/li>\n<li>\u00c9chafaudage sur domaine public : 1 euro\/m\u00e8tre lin\u00e9aire\/jour<\/li>\n<\/ul>\n","protected":false},"excerpt":{"rendered":"<p>Les travaux soumis \u00e0 permission de voirie concernent : &#8211; le raccordement \u00e0 caniveau des eaux pluviales, &#8211; le montage d&rsquo;un \u00e9chafaudage sur le domaine public, &#8211; le stationnement d&rsquo;une benne \u00e0 gravats ou le d\u00e9p\u00f4t de sable sur le trottoir, &#8211; l\u2019am\u00e9nagement d&rsquo;une zone de protection de chantier lors d&rsquo;une construction, &#8211; l&rsquo;occupation du &hellip; <\/p>\n<p><a class=\"more-link btn\" href=\"https:\/\/www.mairie-chailly-en-biere.fr\/?page_id=12332\">Lire la suite<\/a><\/p>\n","protected":false},"author":2,"featured_media":0,"parent":12037,"menu_order":4,"comment_status":"closed","ping_status":"closed","template":"","meta":{"footnotes":""},"class_list":["post-12332","page","type-page","status-publish","hentry","nodate","item-wrap"],"_links":{"self":[{"href":"https:\/\/www.mairie-chailly-en-biere.fr\/index.php?rest_route=\/wp\/v2\/pages\/12332","targetHints":{"allow":["GET"]}}],"collection":[{"href":"https:\/\/www.mairie-chailly-en-biere.fr\/index.php?rest_route=\/wp\/v2\/pages"}],"about":[{"href":"https:\/\/www.mairie-chailly-en-biere.fr\/index.php?rest_route=\/wp\/v2\/types\/page"}],"author":[{"embeddable":true,"href":"https:\/\/www.mairie-chailly-en-biere.fr\/index.php?rest_route=\/wp\/v2\/users\/2"}],"replies":[{"embeddable":true,"href":"https:\/\/www.mairie-chailly-en-biere.fr\/index.php?rest_route=%2Fwp%2Fv2%2Fcomments&post=12332"}],"version-history":[{"count":3,"href":"https:\/\/www.mairie-chailly-en-biere.fr\/index.php?rest_route=\/wp\/v2\/pages\/12332\/revisions"}],"predecessor-version":[{"id":19146,"href":"https:\/\/www.mairie-chailly-en-biere.fr\/index.php?rest_route=\/wp\/v2\/pages\/12332\/revisions\/19146"}],"up":[{"embeddable":true,"href":"https:\/\/www.mairie-chailly-en-biere.fr\/index.php?rest_route=\/wp\/v2\/pages\/12037"}],"wp:attachment":[{"href":"https:\/\/www.mairie-chailly-en-biere.fr\/index.php?rest_route=%2Fwp%2Fv2%2Fmedia&parent=12332"}],"curies":[{"name":"wp","href":"https:\/\/api.w.org\/{rel}","templated":true}]}}