{"id":12324,"date":"2019-08-12T14:19:12","date_gmt":"2019-08-12T14:19:12","guid":{"rendered":"https:\/\/www.mairie-chailly-en-biere.fr\/?page_id=12324"},"modified":"2019-08-13T11:24:34","modified_gmt":"2019-08-13T11:24:34","slug":"entretien-des-trottoirs","status":"publish","type":"page","link":"https:\/\/www.mairie-chailly-en-biere.fr\/?page_id=12324","title":{"rendered":"Entretien des trottoirs"},"content":{"rendered":"<p><em><a href=\"https:\/\/www.mairie-chailly-en-biere.fr\/wp-content\/uploads\/ARRETE-8-2018-TROTTOIRS-BRUITS-BRULAGE.pdf\">(arr\u00eat\u00e9 n\u00b0 8\/2018 du 19 janvier 2018)<\/a><\/em><\/p>\n<p><i><img loading=\"lazy\" decoding=\"async\" class=\"alignleft size-medium wp-image-10740\" src=\"https:\/\/www.mairie-chailly-en-biere.fr\/wp-content\/uploads\/trottoirs-enneiges-300x199.jpg\" alt=\"\" width=\"300\" height=\"199\" srcset=\"https:\/\/www.mairie-chailly-en-biere.fr\/wp-content\/uploads\/trottoirs-enneiges-300x199.jpg 300w, https:\/\/www.mairie-chailly-en-biere.fr\/wp-content\/uploads\/trottoirs-enneiges-700x465.jpg 700w, https:\/\/www.mairie-chailly-en-biere.fr\/wp-content\/uploads\/trottoirs-enneiges.jpg 800w\" sizes=\"auto, (max-width: 300px) 100vw, 300px\" \/>B<\/i><i>ALAYAGE ET NETTOYAGE DE LA VOIE PUBLIQUE<\/i><\/p>\n<address><b>Article 1 : Balayage et entretien des trottoirs et caniveaux<\/b><\/address>\n<address>Le balayage est une charge incombant au propri\u00e9taire, \u00e0 son repr\u00e9sentant ou \u00e0 son locataire des propri\u00e9t\u00e9s jouxtant les voies communales.<\/address>\n<address>Chacun est tenu de balayer le trottoir (si celui-ci est goudronn\u00e9) et son caniveau dans toute sa largeur et sur toute sa longueur au-devant de leurs immeubles b\u00e2tis ou non b\u00e2tis.<\/address>\n<address>Les r\u00e9sidus du balayage doivent \u00eatre mis dans des sacs poubelles ou des bacs roulants afin d\u2019\u00eatre enlev\u00e9s dans les m\u00eames conditions que les ordures m\u00e9nag\u00e8res.<\/address>\n<address>Outre ce balayage, les propri\u00e9taires, leurs repr\u00e9sentants ou leurs locataires devront :\u00a0<\/address>\n<ul>\n<li>op\u00e9rer r\u00e9guli\u00e8rement le lavage des caniveaux et trottoirs goudronn\u00e9s sur toute la longueur de leurs immeubles b\u00e2tis ou non b\u00e2tis<\/li>\n<li>Arracher l\u2019herbe qui croit sur les trottoirs au droit de leur propri\u00e9t\u00e9<\/li>\n<\/ul>\n<address>Le nettoiement des rues ou parties de rues salies par les voitures en surcharge ou charg\u00e9es sans pr\u00e9caution doit \u00eatre op\u00e9r\u00e9 imm\u00e9diatement par les soins des responsables.<\/address>\n<address>L&rsquo;entretien en \u00e9tat de propret\u00e9 des gargouilles plac\u00e9es sous les trottoirs pour l&rsquo;\u00e9coulement des eaux pluviales est \u00e0 la charge des propri\u00e9taires ou des locataires. Ceux-ci doivent veiller \u00e0 ce qu&rsquo;elles ne soient jamais obstru\u00e9es.<\/address>\n<address>\u00a0<b>Article 2 : Neige et verglas<\/b><\/address>\n<address><img loading=\"lazy\" decoding=\"async\" class=\"alignleft wp-image-10740 size-thumbnail\" src=\"https:\/\/www.mairie-chailly-en-biere.fr\/wp-content\/uploads\/trottoirs-enneiges-150x150.jpg\" alt=\"\" width=\"150\" height=\"150\" \/>En p\u00e9riode hivernale, les propri\u00e9taires et locataires sont tenus de balayer la neige et de casser la glace devant leur propri\u00e9t\u00e9, sur les trottoirs ou banquettes jusqu\u2019au caniveau, en d\u00e9gageant celui-ci autant que possible.<\/address>\n<address>S\u2019il n\u2019existe pas de trottoirs, le balayage et le cassage de la glace doivent se faire sur un espace de <b>1 m\u00e8tre<\/b> \u00e0 partir du mur de fa\u00e7ade ou de cl\u00f4ture.<\/address>\n<address>La neige et la glace doivent \u00eatre mises en tas par leurs soins de mani\u00e8re \u00e0 ne pas g\u00eaner la circulation.<\/address>\n<address>Quand la circulation est rendue difficile par la <b>glace, la neige glac\u00e9e ou le verglas<\/b>, <b>les propri\u00e9taires et locataires sont tenus de disperser en quantit\u00e9 suffisante <\/b>au droit de leur propri\u00e9t\u00e9, local administratif ou commercial <b>du sel, du sable <\/b>ou tout produit propre \u00e0 faciliter la circulation et assurer la s\u00e9curit\u00e9 des pi\u00e9tons.<\/address>\n<address>Il est interdit de d\u00e9poser sur la voie publique de la neige ou de la glace provenant des cours, des jardins ou de l\u2019int\u00e9rieur des propri\u00e9t\u00e9s.<\/address>\n<address>Il est \u00e9galement interdit de faire couler de l\u2019eau sur la voie publique et tout autre lieu de passage des pi\u00e9tons.<\/address>\n<address><b>\u00a0<\/b><b>Article 3 : Interdiction d\u2019abandonner des d\u00e9chets sur la voie publique et dans le r\u00e9seau d\u2019assainissement<\/b><\/address>\n<address>\u00a0Il est express\u00e9ment interdit de jeter sur la voie publique des ordures ou immondices quelconques.<\/address>\n<address>Il est d\u00e9fendu de secouer des tapis au-dessus de la voie publique et de jeter quoi que ce soit par les fen\u00eatres.<\/address>\n<address>Il est \u00e9galement interdit de jeter dans le r\u00e9seau d\u2019assainissement, notamment via les bouches d\u2019\u00e9gout, des ordures ou les r\u00e9sidus du balayage de la voie publique et des caniveaux.<\/address>\n","protected":false},"excerpt":{"rendered":"<p>(arr\u00eat\u00e9 n\u00b0 8\/2018 du 19 janvier 2018) BALAYAGE ET NETTOYAGE DE LA VOIE PUBLIQUE Article 1 : Balayage et entretien des trottoirs et caniveaux Le balayage est une charge incombant au propri\u00e9taire, \u00e0 son repr\u00e9sentant ou \u00e0 son locataire des propri\u00e9t\u00e9s jouxtant les voies communales. Chacun est tenu de balayer le trottoir (si celui-ci est &hellip; <\/p>\n<p><a class=\"more-link btn\" href=\"https:\/\/www.mairie-chailly-en-biere.fr\/?page_id=12324\">Lire la suite<\/a><\/p>\n","protected":false},"author":2,"featured_media":0,"parent":12339,"menu_order":2,"comment_status":"closed","ping_status":"closed","template":"","meta":{"footnotes":""},"class_list":["post-12324","page","type-page","status-publish","hentry","nodate","item-wrap"],"_links":{"self":[{"href":"https:\/\/www.mairie-chailly-en-biere.fr\/index.php?rest_route=\/wp\/v2\/pages\/12324","targetHints":{"allow":["GET"]}}],"collection":[{"href":"https:\/\/www.mairie-chailly-en-biere.fr\/index.php?rest_route=\/wp\/v2\/pages"}],"about":[{"href":"https:\/\/www.mairie-chailly-en-biere.fr\/index.php?rest_route=\/wp\/v2\/types\/page"}],"author":[{"embeddable":true,"href":"https:\/\/www.mairie-chailly-en-biere.fr\/index.php?rest_route=\/wp\/v2\/users\/2"}],"replies":[{"embeddable":true,"href":"https:\/\/www.mairie-chailly-en-biere.fr\/index.php?rest_route=%2Fwp%2Fv2%2Fcomments&post=12324"}],"version-history":[{"count":2,"href":"https:\/\/www.mairie-chailly-en-biere.fr\/index.php?rest_route=\/wp\/v2\/pages\/12324\/revisions"}],"predecessor-version":[{"id":12326,"href":"https:\/\/www.mairie-chailly-en-biere.fr\/index.php?rest_route=\/wp\/v2\/pages\/12324\/revisions\/12326"}],"up":[{"embeddable":true,"href":"https:\/\/www.mairie-chailly-en-biere.fr\/index.php?rest_route=\/wp\/v2\/pages\/12339"}],"wp:attachment":[{"href":"https:\/\/www.mairie-chailly-en-biere.fr\/index.php?rest_route=%2Fwp%2Fv2%2Fmedia&parent=12324"}],"curies":[{"name":"wp","href":"https:\/\/api.w.org\/{rel}","templated":true}]}}