{"id":12320,"date":"2019-08-12T14:16:35","date_gmt":"2019-08-12T14:16:35","guid":{"rendered":"https:\/\/www.mairie-chailly-en-biere.fr\/?page_id=12320"},"modified":"2019-08-13T11:21:26","modified_gmt":"2019-08-13T11:21:26","slug":"brulage-a-lair-libre","status":"publish","type":"page","link":"https:\/\/www.mairie-chailly-en-biere.fr\/?page_id=12320","title":{"rendered":"Br\u00fblage \u00e0 l&rsquo;air libre"},"content":{"rendered":"<p><img loading=\"lazy\" decoding=\"async\" class=\"alignleft size-full wp-image-658\" src=\"https:\/\/www.mairie-chailly-en-biere.fr\/wp-content\/uploads\/FEUXJARDIN.jpg\" alt=\"\" width=\"120\" height=\"120\" \/>Les d\u00e9chets verts sont consid\u00e9r\u00e9s comme d\u00e9chets m\u00e9nagers. A ce titre, leur br\u00fblage est interdit \u00e0 partir du 1er janvier 2012 et le non-respect de cette r\u00e9glementation est passible d&rsquo;une amende de classe 2 (<a href=\"https:\/\/www.mairie-chailly-en-biere.fr\/wp-content\/uploads\/Circulaire-du-18-novembre-2011.pdf\">circulaire du 18 novembre 2011<\/a>).<\/p>\n<p><em>Extrait du l&rsquo;arr\u00eat\u00e9 municipal n\u00b0 8\/2018 du 19 janvier 2018<br \/>\n<\/em><\/p>\n<p><strong>\u00ab\u00a0Article 9\u00a0: R\u00e8gles concernant le br\u00fblage dans la commune<\/strong><\/p>\n<p>Les d\u00e9chets verts sont consid\u00e9r\u00e9s comme d\u00e9chets m\u00e9nagers. A ce titre, leur br\u00fblage est interdit \u00e0 partir du 1er janvier 2012 et le non-respect de cette r\u00e9glementation est passible d\u2019une amende de classe 2 (<a href=\"https:\/\/www.mairie-chailly-en-biere.fr\/wp-content\/uploads\/Circulaire-du-18-novembre-2011.pdf\">circulaire du 18 novembre 2011<\/a>). Il est \u00e9galement rappel\u00e9 que conform\u00e9ment \u00e0 l\u2019article 84 du R\u00e8glement Sanitaire D\u00e9partemental, le br\u00fblage \u00e0 l\u2019air libre des ordures m\u00e9nag\u00e8res et de tout autre d\u00e9chet polluant, est interdit.\u00a0\u00bb<\/p>\n<p>Le <strong>Parc Naturel R\u00e9gional du G\u00e2tinais Fran\u00e7ais<\/strong> rappelle que des solutions de substitution existent :<\/p>\n<ul>\n<li>les solutions de proximit\u00e9 en gestion autonome\n<ol>\n<li>le paillage avec broy\u00e2t<\/li>\n<li>le compostage individuel<\/li>\n<\/ol>\n<\/li>\n<li>la gestion collective en deux \u00e9tapes :\n<ol>\n<li>la collecte s\u00e9lective au porte \u00e0 porte ou en d\u00e9chetterie (<a href=\"https:\/\/www.lombric.com\" target=\"_blank\" rel=\"noopener noreferrer\">https:\/\/www.lombric.com<\/a>)<\/li>\n<li>la valorisation collective par compostage ou m\u00e9thanisation<\/li>\n<\/ol>\n<\/li>\n<\/ul>\n<p>Le broyage\/paillage reste la solution la plus respectueuse de l&rsquo;environnement en mati\u00e8re de gestion des d\u00e9chets verts. En effet, le paillage permet d&rsquo;apporter un amendement naturel \u00e0 vos sols tout en le prot\u00e9geant des fortes chaleurs et en favorisant le maintien d&rsquo;une humidit\u00e9 id\u00e9ale pour les v\u00e9g\u00e9taux. Ainsi, nous ne produisons aucune pollution atmosph\u00e9rique et nous limitons l&rsquo;apport d&rsquo;eau. Le paillage contribue \u00e9galement au maintien hors gel des sols en p\u00e9riode hivernale.<\/p>\n","protected":false},"excerpt":{"rendered":"<p>Les d\u00e9chets verts sont consid\u00e9r\u00e9s comme d\u00e9chets m\u00e9nagers. A ce titre, leur br\u00fblage est interdit \u00e0 partir du 1er janvier 2012 et le non-respect de cette r\u00e9glementation est passible d&rsquo;une amende de classe 2 (circulaire du 18 novembre 2011). Extrait du l&rsquo;arr\u00eat\u00e9 municipal n\u00b0 8\/2018 du 19 janvier 2018 \u00ab\u00a0Article 9\u00a0: R\u00e8gles concernant le br\u00fblage &hellip; <\/p>\n<p><a class=\"more-link btn\" href=\"https:\/\/www.mairie-chailly-en-biere.fr\/?page_id=12320\">Lire la suite<\/a><\/p>\n","protected":false},"author":2,"featured_media":0,"parent":12339,"menu_order":3,"comment_status":"closed","ping_status":"closed","template":"","meta":{"footnotes":""},"class_list":["post-12320","page","type-page","status-publish","hentry","nodate","item-wrap"],"_links":{"self":[{"href":"https:\/\/www.mairie-chailly-en-biere.fr\/index.php?rest_route=\/wp\/v2\/pages\/12320","targetHints":{"allow":["GET"]}}],"collection":[{"href":"https:\/\/www.mairie-chailly-en-biere.fr\/index.php?rest_route=\/wp\/v2\/pages"}],"about":[{"href":"https:\/\/www.mairie-chailly-en-biere.fr\/index.php?rest_route=\/wp\/v2\/types\/page"}],"author":[{"embeddable":true,"href":"https:\/\/www.mairie-chailly-en-biere.fr\/index.php?rest_route=\/wp\/v2\/users\/2"}],"replies":[{"embeddable":true,"href":"https:\/\/www.mairie-chailly-en-biere.fr\/index.php?rest_route=%2Fwp%2Fv2%2Fcomments&post=12320"}],"version-history":[{"count":2,"href":"https:\/\/www.mairie-chailly-en-biere.fr\/index.php?rest_route=\/wp\/v2\/pages\/12320\/revisions"}],"predecessor-version":[{"id":12322,"href":"https:\/\/www.mairie-chailly-en-biere.fr\/index.php?rest_route=\/wp\/v2\/pages\/12320\/revisions\/12322"}],"up":[{"embeddable":true,"href":"https:\/\/www.mairie-chailly-en-biere.fr\/index.php?rest_route=\/wp\/v2\/pages\/12339"}],"wp:attachment":[{"href":"https:\/\/www.mairie-chailly-en-biere.fr\/index.php?rest_route=%2Fwp%2Fv2%2Fmedia&parent=12320"}],"curies":[{"name":"wp","href":"https:\/\/api.w.org\/{rel}","templated":true}]}}