{"id":12294,"date":"2019-08-12T13:35:34","date_gmt":"2019-08-12T13:35:34","guid":{"rendered":"https:\/\/www.mairie-chailly-en-biere.fr\/?page_id=12294"},"modified":"2024-10-15T09:13:31","modified_gmt":"2024-10-15T09:13:31","slug":"transport","status":"publish","type":"page","link":"https:\/\/www.mairie-chailly-en-biere.fr\/?page_id=12294","title":{"rendered":"Transport"},"content":{"rendered":"<div class=\"entry-content clearfix\">\n<div class=\"entry-content clearfix\">\n<p>Pour tout savoir sur les horaires de bus au d\u00e9part et \u00e0 destination de Chailly-en-Bi\u00e8re, et pour restez inform\u00e9s en temps r\u00e9el du trafic de votre r\u00e9seau (alerte info trafic) :<\/p>\n<p style=\"text-align: center;\"><a href=\"https:\/\/www.pays-fontainebleau.fr\/mobilites\/\" target=\"_blank\" rel=\"noopener\">https:\/\/www.pays-fontainebleau.fr\/mobilites\/<\/a><\/p>\n<p style=\"text-align: center;\"><a href=\"https:\/\/www.iledefrance-mobilites.fr\/\" target=\"_blank\" rel=\"noopener\">https:\/\/www.iledefrance-mobilites.fr\/<\/a><\/p>\n<p><img loading=\"lazy\" decoding=\"async\" class=\"aligncenter wp-image-16734 size-full\" src=\"https:\/\/www.mairie-chailly-en-biere.fr\/wp-content\/uploads\/NOUVEAURESEAU-CONTACT-BUS.jpg\" alt=\"\" width=\"551\" height=\"780\" srcset=\"https:\/\/www.mairie-chailly-en-biere.fr\/wp-content\/uploads\/NOUVEAURESEAU-CONTACT-BUS.jpg 551w, https:\/\/www.mairie-chailly-en-biere.fr\/wp-content\/uploads\/NOUVEAURESEAU-CONTACT-BUS-212x300.jpg 212w, https:\/\/www.mairie-chailly-en-biere.fr\/wp-content\/uploads\/NOUVEAURESEAU-CONTACT-BUS-494x700.jpg 494w\" sizes=\"auto, (max-width: 551px) 100vw, 551px\" \/><\/p>\n<\/div>\n<p style=\"padding-left: 40px;\"><span style=\"color: #800000;\"><strong>Transport \u00e0 la demande : <\/strong><\/span><strong>avec l&rsquo;a<\/strong>pplication <span style=\"color: #800000;\"><span style=\"color: #000000;\">mobile TAD Ile-de-France Mobilit\u00e9s, sur le site internet : <a href=\"https:\/\/www.tad.idfmobilites.fr\" target=\"_blank\" rel=\"noopener noreferrer\">www.tad.idfmobilites.fr ou\u00a0<\/a>par t\u00e9l\u00e9phone du lundi au vendredi de 9 h \u00e0 18 h : 09 70 80 96 63<br \/>\n<\/span><\/span><\/p>\n<p style=\"text-align: center;\"><a href=\"https:\/\/www.mairie-chailly-en-biere.fr\/wp-content\/uploads\/depliant-TAD-Biere.pdf\">d\u00e9pliant TAD Bi\u00e8re<\/a><\/p>\n<p style=\"padding-left: 40px;\"><span style=\"color: #800000;\"><strong>Bus de nuit <\/strong><\/span>: offre disponible depuis le 1er ao\u00fbt 2023<\/p>\n<p style=\"text-align: center;\"><a href=\"https:\/\/www.mairie-chailly-en-biere.fr\/wp-content\/uploads\/depliant-bus-de-nuit-Paris.pdf\">d\u00e9pliant bus de nuit Paris<\/a><\/p>\n<p style=\"padding-left: 40px;\"><strong><span style=\"color: #800000;\">Pensez au Pass local<\/span><\/strong> : Il s\u2019agit d\u2019un titre de transport annuel, valable du 1er janvier au 31 d\u00e9cembre et destin\u00e9 \u00e0 toutes les personnes \u00e2g\u00e9es imposables de 65 ans et plus, domicili\u00e9es sur le territoire du Pays de Fontainebleau.<\/p>\n<p><strong><img loading=\"lazy\" decoding=\"async\" class=\"aligncenter wp-image-14326 size-large\" src=\"https:\/\/www.mairie-chailly-en-biere.fr\/wp-content\/uploads\/Maquette-communication-pass-local-CAPF-800x600.jpg\" alt=\"\" width=\"555\" height=\"416\" srcset=\"https:\/\/www.mairie-chailly-en-biere.fr\/wp-content\/uploads\/Maquette-communication-pass-local-CAPF-800x600.jpg 800w, https:\/\/www.mairie-chailly-en-biere.fr\/wp-content\/uploads\/Maquette-communication-pass-local-CAPF-300x225.jpg 300w, https:\/\/www.mairie-chailly-en-biere.fr\/wp-content\/uploads\/Maquette-communication-pass-local-CAPF-1536x1152.jpg 1536w, https:\/\/www.mairie-chailly-en-biere.fr\/wp-content\/uploads\/Maquette-communication-pass-local-CAPF-2048x1536.jpg 2048w, https:\/\/www.mairie-chailly-en-biere.fr\/wp-content\/uploads\/Maquette-communication-pass-local-CAPF-555x416.jpg 555w\" sizes=\"auto, (max-width: 555px) 100vw, 555px\" \/><\/strong><\/p>\n<p style=\"text-align: center;\"><a href=\"https:\/\/www.mairie-chailly-en-biere.fr\/wp-content\/uploads\/Fiche-Pass-Local-2021.pdf\">Pour en savoir plus sur le Pass Local 2021<\/a><\/p>\n<p style=\"padding-left: 40px; text-align: justify;\">Il est utilisable sur les lignes de bus desservant les 26 communes du territoire. Pour le retirer, rendez-vous \u00e0 la gare routi\u00e8re de Fontainebleau, muni d\u2019un justificatif de domicile, d\u2019une photo d\u2019identit\u00e9 et de la somme de 80 \u20ac ; le restant, \u00e9tant pris en charge par la communaut\u00e9 d\u2019agglom\u00e9ration du Pays de Fontainebleau.<\/p>\n<p style=\"padding-left: 40px;\">+ d\u2019infos et retrait :<br \/>\nKiosque info en gare de Fontainebleau-Avon (cot\u00e9 gare routi\u00e8re)<br \/>\nRue de la petite vitesse<br \/>\n77210 AVON<br \/>\nT\u00e9l. 01 64 22 23 88<br \/>\nDu lundi au vendredi, de 14h \u00e0 19h<\/p>\n<div class=\"entry-content clearfix\">\n<p><a href=\"https:\/\/www.pam77.info\/\"><img loading=\"lazy\" decoding=\"async\" class=\"size-medium wp-image-12299 alignright\" src=\"https:\/\/www.mairie-chailly-en-biere.fr\/wp-content\/uploads\/PAM-77-300x114.jpg\" alt=\"\" width=\"300\" height=\"114\" srcset=\"https:\/\/www.mairie-chailly-en-biere.fr\/wp-content\/uploads\/PAM-77-300x114.jpg 300w, https:\/\/www.mairie-chailly-en-biere.fr\/wp-content\/uploads\/PAM-77.jpg 350w\" sizes=\"auto, (max-width: 300px) 100vw, 300px\" \/>PAM77<\/a> est un service de transport adapt\u00e9 aux personnes en situation de handicap. Inaugur\u00e9 en novembre 2008, le \u201cPAM\u201d (\u201cPour Aider \u00e0 la Mobilit\u00e9\u201d) permet de se d\u00e9placer de porte \u00e0 porte dans l\u2019ensemble de la r\u00e9gion Ile-de-France.<\/p>\n<\/div>\n<p><a href=\"https:\/\/www.mairie-chailly-en-biere.fr\/wp-content\/uploads\/Flyer-MOBILITE-Rezo-Pouce-et-velo-elec_2016.pdf\"><img loading=\"lazy\" decoding=\"async\" class=\"alignleft size-full wp-image-11438\" src=\"https:\/\/www.mairie-chailly-en-biere.fr\/wp-content\/uploads\/REZO-POUCE.jpg\" alt=\"\" width=\"178\" height=\"102\" \/>REZO POUCE<\/a> : pour les petits trajets ponctuels ou r\u00e9guliers, en compl\u00e9ment des moyens de transport existants, le Parc Naturel R\u00e9gional met en place le syst\u00e8me d\u2019autostop de proximit\u00e9. Pour en savoir +\u00a0 <a href=\"https:\/\/www.rezopouce.fr\/\">https:\/\/www.rezopouce.fr\/<\/a><\/p>\n<p>&nbsp;<\/p>\n<p>&nbsp;<\/p>\n<p><img loading=\"lazy\" decoding=\"async\" class=\"alignright wp-image-11442 size-medium\" src=\"https:\/\/www.mairie-chailly-en-biere.fr\/wp-content\/uploads\/VELO-ELECTRIQUE-300x160.jpg\" alt=\"\" width=\"300\" height=\"160\" srcset=\"https:\/\/www.mairie-chailly-en-biere.fr\/wp-content\/uploads\/VELO-ELECTRIQUE-300x160.jpg 300w, https:\/\/www.mairie-chailly-en-biere.fr\/wp-content\/uploads\/VELO-ELECTRIQUE.jpg 500w\" sizes=\"auto, (max-width: 300px) 100vw, 300px\" \/>Le v\u00e9lo \u00e0 assistance \u00e9lectrique vous tente, mais est-il fait pour vous ? <a href=\"https:\/\/www.parc-gatinais-francais.fr\/le-velo-electrique-est-il-fait-pour-vous\/\" target=\"_blank\" rel=\"noopener noreferrer\">Le Parc Naturel R\u00e9gional du G\u00e2tinais Fran\u00e7ais vous propose de tester gratuitement, pendant une semaine, ce mode de transport.<\/a><\/p>\n<p>&nbsp;<\/p>\n<\/div>\n","protected":false},"excerpt":{"rendered":"<p>Pour tout savoir sur les horaires de bus au d\u00e9part et \u00e0 destination de Chailly-en-Bi\u00e8re, et pour restez inform\u00e9s en temps r\u00e9el du trafic de votre r\u00e9seau (alerte info trafic) : https:\/\/www.pays-fontainebleau.fr\/mobilites\/ https:\/\/www.iledefrance-mobilites.fr\/ Transport \u00e0 la demande : avec l&rsquo;application mobile TAD Ile-de-France Mobilit\u00e9s, sur le site internet : www.tad.idfmobilites.fr ou\u00a0par t\u00e9l\u00e9phone du lundi au &hellip; <\/p>\n<p><a class=\"more-link btn\" href=\"https:\/\/www.mairie-chailly-en-biere.fr\/?page_id=12294\">Lire la suite<\/a><\/p>\n","protected":false},"author":2,"featured_media":0,"parent":35,"menu_order":18,"comment_status":"closed","ping_status":"closed","template":"","meta":{"footnotes":""},"class_list":["post-12294","page","type-page","status-publish","hentry","nodate","item-wrap"],"_links":{"self":[{"href":"https:\/\/www.mairie-chailly-en-biere.fr\/index.php?rest_route=\/wp\/v2\/pages\/12294","targetHints":{"allow":["GET"]}}],"collection":[{"href":"https:\/\/www.mairie-chailly-en-biere.fr\/index.php?rest_route=\/wp\/v2\/pages"}],"about":[{"href":"https:\/\/www.mairie-chailly-en-biere.fr\/index.php?rest_route=\/wp\/v2\/types\/page"}],"author":[{"embeddable":true,"href":"https:\/\/www.mairie-chailly-en-biere.fr\/index.php?rest_route=\/wp\/v2\/users\/2"}],"replies":[{"embeddable":true,"href":"https:\/\/www.mairie-chailly-en-biere.fr\/index.php?rest_route=%2Fwp%2Fv2%2Fcomments&post=12294"}],"version-history":[{"count":22,"href":"https:\/\/www.mairie-chailly-en-biere.fr\/index.php?rest_route=\/wp\/v2\/pages\/12294\/revisions"}],"predecessor-version":[{"id":18064,"href":"https:\/\/www.mairie-chailly-en-biere.fr\/index.php?rest_route=\/wp\/v2\/pages\/12294\/revisions\/18064"}],"up":[{"embeddable":true,"href":"https:\/\/www.mairie-chailly-en-biere.fr\/index.php?rest_route=\/wp\/v2\/pages\/35"}],"wp:attachment":[{"href":"https:\/\/www.mairie-chailly-en-biere.fr\/index.php?rest_route=%2Fwp%2Fv2%2Fmedia&parent=12294"}],"curies":[{"name":"wp","href":"https:\/\/api.w.org\/{rel}","templated":true}]}}