{"id":12291,"date":"2023-06-08T13:31:32","date_gmt":"2023-06-08T13:31:32","guid":{"rendered":"https:\/\/www.mairie-chailly-en-biere.fr\/?page_id=12291"},"modified":"2026-03-26T08:49:31","modified_gmt":"2026-03-26T08:49:31","slug":"adresses-utiles-annuaire","status":"publish","type":"page","link":"https:\/\/www.mairie-chailly-en-biere.fr\/?page_id=12291","title":{"rendered":"Adresses utiles &#8211; annuaire"},"content":{"rendered":"<p><strong>Par activit\u00e9<\/strong><\/p>\n<p><strong>Agences immobili\u00e8res<\/strong><\/p>\n<ul>\n<li><a href=\"https:\/\/www.orpi.com\/chaillyimmobilier\/\" target=\"_blank\" rel=\"noopener noreferrer\">CHAILLY IMMOBILIER<\/a> 16 route de Paris \u2013 T\u00e9l. 01.60.66.40.46.<\/li>\n<li>IAD Immobilier &#8211; COSTA \u00c9l\u00e9onore &#8211; T\u00e9l. 06.51.29.93.45. \/ <a href=\"mailto:eleonore.costa@iadfrance.fr\" target=\"_blank\" rel=\"noopener\">eleonore.costa@iadfrance.fr<\/a><\/li>\n<\/ul>\n<p><img loading=\"lazy\" decoding=\"async\" class=\"aligncenter size-medium wp-image-18669\" src=\"https:\/\/www.mairie-chailly-en-biere.fr\/wp-content\/uploads\/photo_1-300x211.jpg\" alt=\"\" width=\"300\" height=\"211\" srcset=\"https:\/\/www.mairie-chailly-en-biere.fr\/wp-content\/uploads\/photo_1-300x211.jpg 300w, https:\/\/www.mairie-chailly-en-biere.fr\/wp-content\/uploads\/photo_1-1024x722.jpg 1024w, https:\/\/www.mairie-chailly-en-biere.fr\/wp-content\/uploads\/photo_1-555x391.jpg 555w, https:\/\/www.mairie-chailly-en-biere.fr\/wp-content\/uploads\/photo_1.jpg 1107w\" sizes=\"auto, (max-width: 300px) 100vw, 300px\" \/><\/p>\n<ul>\n<li>RE\/MAX &#8211; RELVAS BONITO Antonio &#8211; 06.52.22.49.60. ou <a href=\"mailto:antonio.relvas-bonito@remax.fr\" target=\"_blank\" rel=\"noopener\">antonio.relvas-bonito@remax.fr<\/a><img loading=\"lazy\" decoding=\"async\" class=\"aligncenter size-medium wp-image-14531\" src=\"https:\/\/www.mairie-chailly-en-biere.fr\/wp-content\/uploads\/REMAX-RELVAS-300x66.jpg\" alt=\"\" width=\"300\" height=\"66\" srcset=\"https:\/\/www.mairie-chailly-en-biere.fr\/wp-content\/uploads\/REMAX-RELVAS-300x66.jpg 300w, https:\/\/www.mairie-chailly-en-biere.fr\/wp-content\/uploads\/REMAX-RELVAS-800x175.jpg 800w, https:\/\/www.mairie-chailly-en-biere.fr\/wp-content\/uploads\/REMAX-RELVAS-555x121.jpg 555w, https:\/\/www.mairie-chailly-en-biere.fr\/wp-content\/uploads\/REMAX-RELVAS.jpg 1280w\" sizes=\"auto, (max-width: 300px) 100vw, 300px\" \/><\/li>\n<\/ul>\n<p><strong>Aide \u00e0 la personne &#8211; multi-services<br \/>\n<\/strong><\/p>\n<ul>\n<li>FUSION &#8211; 23 rue des tilleuls &#8211; 07.80.46.01.21. &#8211; <a href=\"mailto:fusion.nb77@gmail.com\" target=\"_blank\" rel=\"noopener\">fusion.nb77@gmail.com<\/a><\/li>\n<li>AXEO SERVICE &#8211; 06.34.14.34.07. &#8211; <a href=\"mailto:edarocha@axeoservices.com\" target=\"_blank\" rel=\"noopener\">edarocha@axeoservices.com<\/a><\/li>\n<\/ul>\n<p>&nbsp;<\/p>\n<p><strong>Alimentation<\/strong><\/p>\n<ul>\n<li>PROXI (livraison \u00e0 domicile, service-d\u00e9p\u00f4t de pressing) 1 rue de Melun \u2013 T\u00e9l. 01.60.66.48.00.<\/li>\n<li><a href=\"https:\/\/www.facebook.com\/lepanierdecaroline\" target=\"_blank\" rel=\"noopener\">Le Panier de Caroline<\/a> 29 rue de de Forges \u2013 T\u00e9l. 01.60.68.98.72.<\/li>\n<li>La ferme chaillotine (vente directe producteur) \u00a0&#8211; 82 route de Paris (RN7) &#8211;<a href=\"https:\/\/www.facebook.com\/fermechaillotine\/\" target=\"_blank\" rel=\"noopener noreferrer\">\u00a0https:\/\/www.facebook.com\/fermechaillotine\/<\/a><\/li>\n<\/ul>\n<p>&nbsp;<\/p>\n<p><strong>Bars \u2013 Restaurants &#8211; Pub<br \/>\n<\/strong><\/p>\n<ul>\n<li>Au cheval blanc (tabac) 8 route de Paris \u2013 T\u00e9l. 01.60.59.03.44.<\/li>\n<li>Le Bar des Amis 12 route de Paris \u2013 T\u00e9l. 01.60.66.28.80.<\/li>\n<li><a href=\"https:\/\/www.facebook.com\/Paddy-Rock-501241156746132\/?rf=101936963252462\">Le Paddy Rock<\/a>\u00a0 27 route de Paris T\u00e9l. 01.60.66.44.44.<\/li>\n<li><a href=\"https:\/\/www.facebook.com\/StartersChailly\/?_rdr\" target=\"_blank\" rel=\"noopener\">le Starters<\/a> 27 route de Paris T\u00e9l. 06.15.07.51.55. &#8211;<\/li>\n<li>La cl\u00e9 d&rsquo;or &#8211; 2 route de Fontainebleau &#8211; T\u00e9l. 09.53.12.20.25.<\/li>\n<li><a href=\"http:\/\/www.lechaletdumoulin.fr\/\" target=\"_blank\" rel=\"noopener\">Le Chalet du Moulin<\/a> 16 route de Fontainebleau \u2013 T\u00e9l. 01.64.38.02.47.<\/li>\n<\/ul>\n<p>&nbsp;<\/p>\n<p><strong>Boulangerie<\/strong><\/p>\n<ul>\n<li>Mille des lys &#8211; 5 route de Paris &#8211; T\u00e9l. 01.64.09.75.56<b>.<\/b><\/li>\n<\/ul>\n<pre>Horaires d\u2019ouverture :\r\n- Du mardi au samedi : de 7 h 00 \u00e0 13 h 30 et de 15 h 30 \u00e0 19 h 30\r\n- Dimanche : de 7 h 00 \u00e0 13 h 00<\/pre>\n<p><strong>Caravanes (garages et gardiennage)<\/strong><\/p>\n<ul>\n<li>Mon \u00e9tape chaillotine 34 ter route de Paris \u2013 T\u00e9l. 01.60.66.44.69.<\/li>\n<\/ul>\n<p>&nbsp;<\/p>\n<p><strong>Centres \u00e9questres \u2013 \u00c9quitation<\/strong> &#8211; <strong>location de box &#8211; pension pour chevaux<\/strong><\/p>\n<ul>\n<li><a href=\"https:\/\/www.rochemoreau.com\/contact.jsp\">Les \u00e9curies de la\u00a0 Roche Moreau<\/a> 10 route de Barbizon &#8211; t\u00e9l: 06.10.80.81.55.<\/li>\n<li><a href=\"https:\/\/ecuriedeselfes.6temflex.com\/\" target=\"_blank\" rel=\"noopener\">Pension des elfes<\/a>\u00a0 1 chemin des pointes &#8211; T\u00e9l. 06.78.19.41.68.<\/li>\n<li><a href=\"https:\/\/www.poneyclubchailly.com\/\">Cheval club &#8211; centre \u00e9questre de Chailly-en-Bi\u00e8re<\/a> &#8211; 30 Chemin vert \u2013 T\u00e9l : 06.37.06.84.86<\/li>\n<li><a href=\"https:\/\/www.poneyclubchailly.com\/contact\" target=\"_blank\" rel=\"noopener\">Poney-club de Chailly-en-Bi\u00e8re<\/a> &#8211; 30 chemin vert &#8211; T\u00e9l.\u00a0 06.37.06.84.86.<\/li>\n<li><a href=\"https:\/\/www.facebook.com\/p\/Mickael-Patour-Cavalier-Enseignant-100043684884085\/\" target=\"_blank\" rel=\"noopener\">Micka\u00ebl Patour Cavalier enseignant<\/a> &#8211; 37 route de la gland\u00e9e<\/li>\n<\/ul>\n<p>&nbsp;<\/p>\n<p><strong>Charpente m\u00e9tallique<\/strong><\/p>\n<ul>\n<li>Couverture \u2013 bardage C.E.R. (Cr\u00e9ation Extension R\u00e9novation) 6 rue du four \u00e0 chaux \u2013 T\u00e9l. 01.60.66.42.78.<\/li>\n<\/ul>\n<p>&nbsp;<\/p>\n<p><strong>Chauffage &#8211; plomberie &#8211; climatisation &#8211; ventilation<\/strong><\/p>\n<ul>\n<li><a href=\"https:\/\/www.atms-chailly.fr\/\">Air Technique Multi Services (A.T..M.S.)<\/a> &#8211; 52 ter route de Paris &#8211; T\u00e9l.\u00a001.64.19.80.95.<\/li>\n<li><a href=\"https:\/\/www.chauffagiste-77.fr\/\" target=\"_blank\" rel=\"noopener\">SERVI-GAZ<\/a>\u00a0 \u2013\u00a0 10 route de Paris &#8211; T\u00e9l. 01.60.66.23.26. &#8211; <a href=\"mailto:secretariat@servi-gaz.com\">secretariat@servi-gaz.com<\/a><\/li>\n<li><img loading=\"lazy\" decoding=\"async\" class=\"wp-image-18797 alignnone\" src=\"https:\/\/www.mairie-chailly-en-biere.fr\/wp-content\/uploads\/CK-LOGO-150x150.jpg\" alt=\"\" width=\"72\" height=\"72\" srcset=\"https:\/\/www.mairie-chailly-en-biere.fr\/wp-content\/uploads\/CK-LOGO-150x150.jpg 150w, https:\/\/www.mairie-chailly-en-biere.fr\/wp-content\/uploads\/CK-LOGO.jpg 247w\" sizes=\"auto, (max-width: 72px) 100vw, 72px\" \/>C &amp; K ENERGY &#8211; 66 route de Paris &#8211; T\u00e9l. 01.83.86.93.49. &#8211; 07.60.17.61.32.<\/li>\n<\/ul>\n<p>&nbsp;<\/p>\n<p><strong>Coach sportif<\/strong><\/p>\n<p><a href=\"https:\/\/www.domicilgym.fr\/coach-sportif\/coach-sportif-fontainebleau-77920\/\" target=\"_blank\" rel=\"noopener\">LE CALVEZ Julie<\/a> &#8211; T\u00e9l. 06.58.05.93.03.<\/p>\n<p><strong>Coiffure &#8211; Proth\u00e9siste capillaire (perruques m\u00e9dicales)<\/strong><\/p>\n<ul>\n<li>DADRAJA Coiffure Beaut\u00e9 &#8211; 4 rue de Melun \u2013 T\u00e9l. 01.60.66.43.54.<\/li>\n<li>Hair Studio &#8211; 6 route de Paris &#8211; T\u00e9l. 06.24.60.46.46. (sur rendez-vous)<\/li>\n<li>PORTIER Aurore &#8211; coiffeuse \u00e0 domicile &#8211; T\u00e9l. 06.48.00.66.91.<\/li>\n<li>COSTA El\u00e9onore\u00a0 (proth\u00e9siste capillaire) &#8211; T\u00e9l. 06.34.46.38.49.<\/li>\n<\/ul>\n<p>&nbsp;<\/p>\n<p><strong>Communication \u00e9v\u00e8nementiel<\/strong><\/p>\n<ul>\n<li><a href=\"https:\/\/www.agencemcrea.fr\/\" target=\"_blank\" rel=\"noopener\">M|cr\u00e9a<\/a> \/ 2 all\u00e9e des tournelles &#8211; T\u00e9l. : 01.76.21.46.10.\u00a0 \u2013 Email : <a href=\"mailto:contact@mcrea.fr\">contact@mcrea.fr<\/a><\/li>\n<li><a href=\"https:\/\/www.agencedigitaleb.fr\/webdesign\/\" target=\"_blank\" rel=\"noopener noreferrer\">Agence Digitale B<\/a> (gestion de projet &#8211; webdesign &#8211; socialmedia) &#8211; Port. 06.70.05.44.49. ou <a href=\"mailto:contact@agencedigitaleb.fr\">contact@agencedigitaleb.fr<\/a><\/li>\n<\/ul>\n<p>&nbsp;<\/p>\n<p><strong>Conseils &#8211; services &#8211; formations<\/strong><\/p>\n<ul style=\"list-style-type: disc;\">\n<li><a href=\"https:\/\/aco-services.fr\/\" target=\"_blank\" rel=\"noopener\">ACO SERVICES<\/a> &#8211; T\u00e9l:\u00a0 06 15 34 63 22 &#8211; contact@aco-services.fr &#8211; <a href=\"https:\/\/m.facebook.com\/ACOSERVICES77\/events\/\" target=\"_blank\" rel=\"noopener\">https:\/\/m.facebook.com\/ACOSERVICES77\/events\/<\/a><\/li>\n<\/ul>\n<p>&nbsp;<\/p>\n<p><strong>Couverture<\/strong><\/p>\n<p><a href=\"https:\/\/www.andy-couverture.fr\/\" target=\"_blank\" rel=\"noopener\">Andy Richard<\/a> &#8211; 62 route de Paris &#8211; T\u00e9l. 01.64.14.28.63.\/06.31.71.56.48.<\/p>\n<p><strong>D\u00e9molition<\/strong><\/p>\n<ul>\n<li>Entreprise Marie &#8211;\u00a0 14 Chemin des Billebault \u2013 T\u00e9l : 01.60.66.29.56<\/li>\n<\/ul>\n<p>&nbsp;<\/p>\n<p><strong>\u00c9lectricit\u00e9 g\u00e9n\u00e9rale<\/strong><\/p>\n<ul>\n<li>FEREOELEC &#8211; 10 rue des \u00e9coles \u2013 T\u00e9l : 09.50.39.90.51 &#8211; T\u00e9l\u00e9copie 01.64.89.09.37. &#8211; <a href=\"mailto:fereo.elec@gmail.com\">fereo.elec@gmail.com<\/a><\/li>\n<li><img loading=\"lazy\" decoding=\"async\" class=\"wp-image-13540 alignnone\" src=\"https:\/\/www.mairie-chailly-en-biere.fr\/wp-content\/uploads\/idPEC-300x230.jpg\" alt=\"\" width=\"157\" height=\"120\" srcset=\"https:\/\/www.mairie-chailly-en-biere.fr\/wp-content\/uploads\/idPEC-300x230.jpg 300w, https:\/\/www.mairie-chailly-en-biere.fr\/wp-content\/uploads\/idPEC-700x537.jpg 700w, https:\/\/www.mairie-chailly-en-biere.fr\/wp-content\/uploads\/idPEC.jpg 824w\" sizes=\"auto, (max-width: 157px) 100vw, 157px\" \/>idPEC &#8211; 34 route de Paris &#8211;\u00a0 06.27.46.15.26.<\/li>\n<\/ul>\n<p>&nbsp;<\/p>\n<p><strong>Galerie-Atelier de peinture<\/strong><\/p>\n<ul>\n<li><a href=\"https:\/\/www.mairie-chailly-en-biere.fr\/?page_id=7188\">Galerie-Atelier\u00a0Kesselmark<\/a> &#8211; 5 rue de la fosse aux loups &#8211; T\u00e9l. 01.60.66.25.15. \/ 06.45.76.47.98.<\/li>\n<\/ul>\n<p>&nbsp;<\/p>\n<p><a href=\"https:\/\/www.mairie-chailly-en-biere.fr\/?page_id=8797\" rel=\"noopener\"><strong>H\u00e9bergements, chambre d&rsquo;h\u00f4tes, g\u00eetes <\/strong><\/a><\/p>\n<p><a href=\"https:\/\/www.mairie-chailly-en-biere.fr\/?page_id=8797\">En un simple clic, toutes les coordonn\u00e9es sur notre commune<\/a><\/p>\n<p><strong>Horticulture, Entretien espaces verts, \u00c9lagage<\/strong><\/p>\n<ul>\n<li>Dekker Horticulture 39 route de Paris \u2013 T\u00e9l : 01.60.66.49.59.<\/li>\n<li>D.T. Jardins Services &#8211;\u00a0 T\u00e9l. 07.86.85.72.50. \/ <a href=\"mailto:th.damien@yahoo.fr\">th.damien@yahoo.fr<\/a><\/li>\n<li>Fusion &#8211; 23 rue des tilleuls &#8211; 06.50.01.56.95. &#8211; <a href=\"mailto:fusion.nb77@gmail.com\" target=\"_blank\" rel=\"noopener\">fusion.nb77@gmail.com<\/a><\/li>\n<li>Greenmat 35 bis route de Paris \u2013 T\u00e9l : 01.60.66.45.21.<\/li>\n<li>Etablissements CHADEL\u00a0 18 route de Fontainebleau \u2013 T\u00e9l : 01.60.66.22.04.<\/li>\n<li>Entreprise Jardins &#8211; 35 route de Paris &#8211; T\u00e9l : <span class=\"nb-phone\"><span class=\"coord-numero noTrad\">01.60.66.25.16.<\/span><\/span><\/li>\n<\/ul>\n<p>&nbsp;<\/p>\n<p><strong>Imprimerie<\/strong><\/p>\n<ul>\n<li>Objectif\u00a0&#8211; 66 route de Paris \u2013 T\u00e9l. 01.60.69.21.96.<\/li>\n<li>AJYR &#8211; 66 route de Paris &#8211; t\u00e9l. 01.60.66.24.78.<\/li>\n<\/ul>\n<p>&nbsp;<\/p>\n<p><strong>Infirmi\u00e8res lib\u00e9rales<\/strong><\/p>\n<ul>\n<li>Duponchelle Sandrine 14 route de Fontainebleau \u2013 T\u00e9l. 06.19.57.08.33.<\/li>\n<li>Trento Marie 14 route de Fontainebleau \u2013 T\u00e9l. 06.17.76.52.92.<\/li>\n<\/ul>\n<p>&nbsp;<\/p>\n<p><strong>Informatique<\/strong><\/p>\n<ul>\n<li>M.P.I. &#8211; 17 route de Brolles \u2013 T\u00e9l : 01.60.66.25.75.<\/li>\n<\/ul>\n<p>&nbsp;<\/p>\n<p><strong>Institut de beaut\u00e9 \/ bien-\u00eatre, d\u00e9tente, soins, massage<br \/>\n<\/strong><\/p>\n<ul>\n<li>Ylang beaut\u00e9 esth\u00e9ticienne 4 rue Chamaillard \u2013 T\u00e9l. 06.75.49.24.10.<\/li>\n<li>Laser Body &#8211; 1 place du G\u00e9n\u00e9ral Leclerc &#8211; T\u00e9l. 06.14.71.33.99.<\/li>\n<li>PEREIRA Linda (Praticienne Massage Bien-\u00eatre) &#8211; Maison pluri-disciplinaire La Gare 14 route de Fontainebleau &#8211; T\u00e9l. 07.68.94.77.82. \/ <a href=\"mailto:terre.a.pie.massage@gmail.com\" target=\"_blank\" rel=\"noopener\">terre.a.pie.massage@gmail.com<\/a><\/li>\n<\/ul>\n<p>&nbsp;<\/p>\n<p><strong>Kin\u00e9siologue<\/strong><\/p>\n<ul>\n<li>Gougy Odile &#8211; 06.83.86.11.74. &#8211; <a href=\"https:\/\/www.centre-bienetre-altair.fr\" target=\"_blank\" rel=\"noopener\">https:\/\/www.centre-bienetre-altair.fr<\/a><\/li>\n<\/ul>\n<p>&nbsp;<\/p>\n<p><strong>Mara\u00eechers \u2013 agriculteurs<\/strong><\/p>\n<ul>\n<li>Chrono Primeurs 10 bis route de Barbizon -T\u00e9l. 01.60.66.28.44.<\/li>\n<li><a href=\"https:\/\/beausse.com\/\">EARL Beausse<\/a> Marc &#8211; rue de Forges \u2013<\/li>\n<li>EARL B\u00e9huret Daniel 18 rue de la Fromagerie \u2013 T\u00e9l. 01.60.66.27.43.<\/li>\n<li>EARL de l\u2019ang\u00e9lus 2 route de Barbizon \u2013 T\u00e9l. 01.64.14.90.65.<\/li>\n<li>DECLERCK Bertrand &#8211;<\/li>\n<li><a href=\"http:\/\/www.lessaveursdechailly.com\/\" target=\"_blank\" rel=\"noopener\">EARL Les saveurs de Chailly<\/a> &#8211; 7 avenue de Villeroy<\/li>\n<\/ul>\n<p>&nbsp;<\/p>\n<p><strong>Mar\u00e9chal ferrant<\/strong><\/p>\n<ul>\n<li>HERQUELLE &amp; LOUCHE &#8211; 4 chemin de Villiers &#8211; T\u00e9l.\u00a001 60 59 07 49\/\u00a006.11.45.29.84.<\/li>\n<\/ul>\n<p>&nbsp;<\/p>\n<p><strong>Maroquinerie<\/strong><\/p>\n<p><a href=\"https:\/\/frenethik.fr\/\">FRENETHIK<\/a> &#8211; frenethik@ecomail.fr &#8211; 06.67.81.34.97<\/p>\n<p>&nbsp;<\/p>\n<p><strong>Masseurs kin\u00e9sith\u00e9rapeutes<\/strong><\/p>\n<ul>\n<li>CRESSIER Am\u00e9lie 14 route de Fontainebleau<\/li>\n<\/ul>\n<p>&nbsp;<\/p>\n<p><strong>M\u00e9decin g\u00e9n\u00e9raliste<\/strong><\/p>\n<ul>\n<li>M\u00e9decins d&rsquo;urgence<\/li>\n<\/ul>\n<p>0825 826 505 (visite \u00e0 domicile)<\/p>\n<p>0825 747 737 (consultation \u00e0 Vert-Saint-Denis)<\/p>\n<p><strong>Menuiserie-\u00c9b\u00e9nisterie<\/strong><\/p>\n<ul>\n<li><a href=\"https:\/\/www.ebenisterie-menuiserie-cros.fr\/\">\u00c9b\u00e9niste menuisier CROS Eric<\/a> 8 avenue de Villeroy \u2013 T\u00e9l : 01.60.66.27.03<\/li>\n<\/ul>\n<p>&nbsp;<\/p>\n<p><strong>Meubles (fabrication, vente)<\/strong><\/p>\n<ul>\n<li><a href=\"https:\/\/www.meublesmignot.com\/\" target=\"_blank\" rel=\"noopener\">Meubles Mignot<\/a> &#8211; 9 route de Fontainebleau \u2013 T\u00e9l : 01.60.66.49.40. \/ contact@meublesmignot.com<\/li>\n<\/ul>\n<p><img loading=\"lazy\" decoding=\"async\" class=\"aligncenter wp-image-17780\" src=\"https:\/\/www.mairie-chailly-en-biere.fr\/wp-content\/uploads\/Meubles-Mignot.jpg\" alt=\"\" width=\"169\" height=\"105\" \/><\/p>\n<p><strong>Orthophoniste<\/strong><\/p>\n<ul>\n<li>De Laey Marianne &#8211; 24 rue de la fosse aux loups &#8211; T\u00e9l.\u00a006.06.74.53.25.<\/li>\n<\/ul>\n<p>&nbsp;<\/p>\n<p><strong>Ost\u00e9opathe<\/strong><\/p>\n<ul>\n<li>ALEZRA Maia &#8211; 66 route de Paris &#8211; <span class=\"LrzXr zdqRlf kno-fv\"><span aria-label=\"Appeler le 07 81 35 29 13\">07.81.35.29.13.<\/span><\/span><\/li>\n<li>PODAC Marie-Patricia &#8211; Maison pluri-disciplinaire La Gare &#8211; 14 route de Fontainebleau &#8211; 07.61.41.64.18. &#8211;\u00a0 <a href=\"https:\/\/www.doctolib.fr\/osteopathe\/chailly-en-biere\/maria-patricia-podac\" target=\"_blank\" rel=\"noopener\">https:\/\/www.doctolib.fr\/osteopathe\/chailly-en-biere\/maria-patricia-podac<\/a><\/li>\n<\/ul>\n<p>&nbsp;<\/p>\n<p><strong>P\u00e2tisserie<\/strong><\/p>\n<ul>\n<li><a href=\"https:\/\/veroniquederennes.fr\/\" target=\"_blank\" rel=\"noopener\">V\u00e9ronique Derrenes<\/a> -1 rue de la fosse aux loups<\/li>\n<\/ul>\n<p>&nbsp;<\/p>\n<p><strong>Peinture<\/strong><\/p>\n<ul>\n<li>CT Peinture \u2013 Thierry JOUHANNIN \u2013 20 route de Paris \u2013 T\u00e9l. 01.60.59.20.47. \/ 06.33.28.86.35.<\/li>\n<\/ul>\n<p>&nbsp;<\/p>\n<p><strong>Pharmacie<\/strong><\/p>\n<ul>\n<li><a href=\"https:\/\/pharmacie-chaillyenbiere.com\/\" target=\"_blank\" rel=\"noopener noreferrer\">Pharmacie BODEAU<\/a> 28 route de Paris \u2013 T\u00e9l : 01.60.66.28.03.<\/li>\n<\/ul>\n<p style=\"padding-left: 40px; text-align: justify;\"><strong>La pharmacie est ouverte : <\/strong><strong>du lundi au vendredi de 9 h \u00e0 12 h 30 et de 14 h 30 \u00e0 19 h 30,<\/strong><strong> le samedi de 9 h \u00e0 13 h et de 14 h 30 \u00e0 19 h <\/strong><strong>(2 personnes \u00e0 la fois dans l&rsquo;officine, merci de respecter)<\/strong><\/p>\n<p>&nbsp;<\/p>\n<p><strong>Photographe<\/strong><\/p>\n<ul style=\"list-style-type: disc;\">\n<li>CKMPHOTO &#8211; T\u00e9l:\u00a0 06 77 82 71 66 &#8211;<a href=\"mailto:ckmphoto@hotmail.com\" target=\"_blank\" rel=\"noopener\"> ckmphoto@hotmail.com<\/a><\/li>\n<\/ul>\n<p>&nbsp;<\/p>\n<p><strong>P\u00e9dicure &#8211; Podologue<\/strong><\/p>\n<ul>\n<li>THUREAU Alexandra &#8211; 14 route de Fontainebleau \u2013 T\u00e9l : 06.31.61.62.80<\/li>\n<\/ul>\n<p>&nbsp;<\/p>\n<p><strong>Poste<\/strong><\/p>\n<ul>\n<li>Agence postale communale &#8211; 5 rue de l&rsquo;\u00e9glise<\/li>\n<\/ul>\n<p style=\"padding-left: 80px;\">Horaires d&rsquo;ouverture :<\/p>\n<ul>\n<li style=\"list-style-type: none;\">\n<ul>\n<li style=\"list-style-type: none;\">\n<ul>\n<li style=\"list-style-type: none;\">\n<ul>\n<li>le lundi de 08 h \u00e0 11 h<\/li>\n<li>les mardis et vendredis de 14 h \u00e0 17 h<\/li>\n<li>le samedi de 09 h \u00e0 12 h<\/li>\n<\/ul>\n<\/li>\n<\/ul>\n<\/li>\n<\/ul>\n<\/li>\n<\/ul>\n<p>&nbsp;<\/p>\n<p><strong>Proth\u00e9siste ongulaire<\/strong><\/p>\n<ul>\n<li><a href=\"https:\/\/www.facebook.com\/p\/Lily-and-Co-Nail-100091376202518\/?locale=fy_NL\" target=\"_blank\" rel=\"noopener\">Lily and Co nails<\/a> &#8211; 9 rue des aub\u00e9pines &#8211; Port. 06.36.75.53.78<\/li>\n<li><a href=\"https:\/\/www.facebook.com\/p\/Bella-pinup-100063061363212\/\" target=\"_blank\" rel=\"noopener\">Bella pin&rsquo;up<\/a> &#8211; 2 rue Fran\u00e7ois Desportes &#8211; Port. <span class=\"LrzXr zdqRlf kno-fv\"><span aria-label=\"Appeler le 06 82 93 07 89\">0<\/span><span aria-label=\"Appeler le 06 82 93 07 89\">6 82 93 07 89\u00a0<\/span><\/span><\/li>\n<\/ul>\n<p>&nbsp;<\/p>\n<p><strong>Psychologue Psychanalyste<\/strong><\/p>\n<ul>\n<li>Corinne LAINE\u00a0 18 rue de Melun &#8211; Port. 06.77.26.84.80.<\/li>\n<\/ul>\n<p>&nbsp;<\/p>\n<p><strong>Publicit\u00e9, s\u00e9rigraphie<\/strong><\/p>\n<ul>\n<li>L&rsquo;OBJECTIF &#8211; 66 route de Paris \u2013 T\u00e9l. 01.60.69.21.96.<\/li>\n<li>AJYR &#8211; 66 route de Paris &#8211; T\u00e9l. 01.60.66.24.78.<\/li>\n<\/ul>\n<p>&nbsp;<\/p>\n<p><strong>Salle des ventes<\/strong><\/p>\n<ul>\n<li><a href=\"https:\/\/www.osenat.fr\/index.jsp\">OSENAT<\/a> &#8211; 26 avenue de Fontainebleau &#8211; T\u00e9l. 01.64.22.27.62.<\/li>\n<\/ul>\n<p><img loading=\"lazy\" decoding=\"async\" class=\" wp-image-16267 alignleft\" src=\"https:\/\/www.mairie-chailly-en-biere.fr\/wp-content\/uploads\/SISSOKO-TAXI.jpeg-138x300.jpg\" alt=\"\" width=\"81\" height=\"176\" srcset=\"https:\/\/www.mairie-chailly-en-biere.fr\/wp-content\/uploads\/SISSOKO-TAXI.jpeg-138x300.jpg 138w, https:\/\/www.mairie-chailly-en-biere.fr\/wp-content\/uploads\/SISSOKO-TAXI.jpeg-323x700.jpg 323w, https:\/\/www.mairie-chailly-en-biere.fr\/wp-content\/uploads\/SISSOKO-TAXI.jpeg.jpg 360w\" sizes=\"auto, (max-width: 81px) 100vw, 81px\" \/><\/p>\n<p><strong>Taxi<\/strong><\/p>\n<p>SISSOKO Taxi\u00a0 &#8211; 06.20.54.98.79. \/<a href=\"mailto:ibra91@outlook.fr\" target=\"_blank\" rel=\"noopener\"> ibra91@outlook.fr<\/a><\/p>\n<p>&nbsp;<\/p>\n<p><strong>Toilettage de chiens et chats<\/strong><\/p>\n<ul>\n<li>Babines et coussinets &#8211; 66 route de Paris \u2013 T\u00e9l. 01.60.69.29.21.<\/li>\n<\/ul>\n<p>&nbsp;<\/p>\n<p><strong>Traiteurs, location de salles, de mat\u00e9riels, de tentes<\/strong><\/p>\n<ul>\n<li><a href=\"https:\/\/www.brunet-tentes.fr\/\" target=\"_blank\" rel=\"noopener noreferrer\">Brunet Tentes<\/a> &#8211; chemin des Saints P\u00e8res &#8211; T\u00e9l. 01.64.52.59.30. &#8211; T\u00e9l\u00e9copie 09.82.62.03.45.<\/li>\n<li>La Grange du Tertre 2 rue de Melun \u2013 T\u00e9l : 01.60.66.43.21.\/06.21.09.41.03.<\/li>\n<li>Le <a href=\"https:\/\/www.manoirdesroches.com\/\">Manoir des Roches<\/a> 55 rue de Melun \u2013 T\u00e9l : 01.60.66.09.75.<\/li>\n<li>SMB Location (location de vaiselle) 2 rue de Melun \u2013 T\u00e9l : 01.60.66.43.21.\/06.21.09.41.03.<\/li>\n<\/ul>\n<p>&nbsp;<\/p>\n<p><strong>Transport routier<\/strong><\/p>\n<ul>\n<li>Transports FABRE et Fils 2 chemin des Saints P\u00e8res \u2013 T\u00e9l : 01.60.69.20.20<\/li>\n<\/ul>\n<p>&nbsp;<\/p>\n<p><strong>V\u00e9t\u00e9rinaire<\/strong><\/p>\n<ul>\n<li>Renaudat Catherine &#8211;\u00a09 route de Barbizon &#8211; T\u00e9l : 01.60.66.41.14.<\/li>\n<\/ul>\n<p>&nbsp;<\/p>\n<p><strong>Vente \u00e0 emporter &#8211; foodtruck<\/strong><\/p>\n<ul>\n<li><a href=\"https:\/\/www.mairie-chailly-en-biere.fr\/wp-content\/uploads\/ROYAL-SAM-PIZZ-DEPLIANT.pdf\">Royal Sam Pizz<\/a> (pizza au feu de bois) &#8211; 06.07.85.55.14. &#8211; tous les mercredis sur le parking de la poste<\/li>\n<li>Le Panier \u00e0 Pizza &#8211; tous les jeudis sur le parking de la poste de 18 h 30 \u00e0 22 h &#8211; 06 46 25 97 04<\/li>\n<\/ul>\n<p>&nbsp;<\/p>\n<p><strong>Vente de produits pour gauchers<\/strong><\/p>\n<ul>\n<li><a href=\"https:\/\/www.lamaingauche.com\/fr\/?Cookie=set\" target=\"_blank\" rel=\"noopener noreferrer\">La main gauche<\/a> &#8211; BP 10008 Chailly 77933 PERTHES CEDEX<\/li>\n<\/ul>\n","protected":false},"excerpt":{"rendered":"<p>Par activit\u00e9 Agences immobili\u00e8res CHAILLY IMMOBILIER 16 route de Paris \u2013 T\u00e9l. 01.60.66.40.46. IAD Immobilier &#8211; COSTA \u00c9l\u00e9onore &#8211; T\u00e9l. 06.51.29.93.45. \/ eleonore.costa@iadfrance.fr RE\/MAX &#8211; RELVAS BONITO Antonio &#8211; 06.52.22.49.60. ou antonio.relvas-bonito@remax.fr Aide \u00e0 la personne &#8211; multi-services FUSION &#8211; 23 rue des tilleuls &#8211; 07.80.46.01.21. &#8211; fusion.nb77@gmail.com AXEO SERVICE &#8211; 06.34.14.34.07. &#8211; edarocha@axeoservices.com &nbsp; &hellip; <\/p>\n<p><a class=\"more-link btn\" href=\"https:\/\/www.mairie-chailly-en-biere.fr\/?page_id=12291\">Lire la suite<\/a><\/p>\n","protected":false},"author":2,"featured_media":0,"parent":35,"menu_order":3,"comment_status":"closed","ping_status":"closed","template":"","meta":{"footnotes":""},"class_list":["post-12291","page","type-page","status-publish","hentry","nodate","item-wrap"],"_links":{"self":[{"href":"https:\/\/www.mairie-chailly-en-biere.fr\/index.php?rest_route=\/wp\/v2\/pages\/12291","targetHints":{"allow":["GET"]}}],"collection":[{"href":"https:\/\/www.mairie-chailly-en-biere.fr\/index.php?rest_route=\/wp\/v2\/pages"}],"about":[{"href":"https:\/\/www.mairie-chailly-en-biere.fr\/index.php?rest_route=\/wp\/v2\/types\/page"}],"author":[{"embeddable":true,"href":"https:\/\/www.mairie-chailly-en-biere.fr\/index.php?rest_route=\/wp\/v2\/users\/2"}],"replies":[{"embeddable":true,"href":"https:\/\/www.mairie-chailly-en-biere.fr\/index.php?rest_route=%2Fwp%2Fv2%2Fcomments&post=12291"}],"version-history":[{"count":199,"href":"https:\/\/www.mairie-chailly-en-biere.fr\/index.php?rest_route=\/wp\/v2\/pages\/12291\/revisions"}],"predecessor-version":[{"id":19669,"href":"https:\/\/www.mairie-chailly-en-biere.fr\/index.php?rest_route=\/wp\/v2\/pages\/12291\/revisions\/19669"}],"up":[{"embeddable":true,"href":"https:\/\/www.mairie-chailly-en-biere.fr\/index.php?rest_route=\/wp\/v2\/pages\/35"}],"wp:attachment":[{"href":"https:\/\/www.mairie-chailly-en-biere.fr\/index.php?rest_route=%2Fwp%2Fv2%2Fmedia&parent=12291"}],"curies":[{"name":"wp","href":"https:\/\/api.w.org\/{rel}","templated":true}]}}