{"id":12163,"date":"2019-05-24T07:13:28","date_gmt":"2019-05-24T07:13:28","guid":{"rendered":"https:\/\/www.mairie-chailly-en-biere.fr\/?page_id=12163"},"modified":"2023-06-19T11:45:54","modified_gmt":"2023-06-19T11:45:54","slug":"lutte-contre-le-bruit","status":"publish","type":"page","link":"https:\/\/www.mairie-chailly-en-biere.fr\/?page_id=12163","title":{"rendered":"Lutte contre le bruit"},"content":{"rendered":"<h3><em><img loading=\"lazy\" decoding=\"async\" class=\"alignleft size-full wp-image-661\" src=\"https:\/\/www.mairie-chailly-en-biere.fr\/wp-content\/uploads\/Tondeuse.jpg\" alt=\"\" width=\"75\" height=\"73\" \/><a href=\"https:\/\/www.mairie-chailly-en-biere.fr\/wp-content\/uploads\/AP-n\u00b0-19ARS41SE-du-23-septembre-2019.pdf\">Les nuisances sonores sont r\u00e9glement\u00e9es par l&rsquo;arr\u00eat\u00e9 pr\u00e9fectoral n\u00b0AP n\u00b0 19ARS41SE du 23 septembre 2019<\/a><br \/>\n<\/em><\/h3>\n<p style=\"text-align: center;\">(extraits)<\/p>\n<p style=\"text-align: justify;\"><strong>Article 4 : <\/strong>HORAIRES DES ACTIVIT\u00c9S BRUYANTES EFFECTU\u00c9ES PAR LES PARTICULIERS<br \/>\nLes activit\u00e9s bruyantes susceptibles de causer une g\u00eane pour le voisinage, effectu\u00e9es par les particuliers \u00e0 l\u2019ext\u00e9rieur ou \u00e0 l\u2019int\u00e9rieur des b\u00e2timents, tels les travaux de bricolage, de r\u00e9novation et de jardinage n\u00e9cessitant l\u2019utilisation d\u2019engins bruyants (b\u00e9tonni\u00e8res, perceuses, raboteuses,scies, syst\u00e8mes d\u2019irrigation, tondeuses \u00e0 gazon, tron\u00e7onneuses, etc.) sont autoris\u00e9es :<br \/>\n\u2022 de 8 h 00 \u00e0 12 h 00 et de 14 h 00 \u00e0 20 h 00, du lundi au vendredi ;<br \/>\n\u2022 de 9 h 00 \u00e0 12 h 00 et de 14 h 00 \u00e0 19 h 00, le samedi ;<br \/>\n\u2022 de 10 h 00 \u00e0 12 h 00 les dimanches et jours f\u00e9ri\u00e9s.<\/p>\n<p style=\"text-align: justify;\">Les travaux bruyants d\u2019entretien,de r\u00e9glage de moteurs et de r\u00e9paration de v\u00e9hicules sont interdits sur la voie publique. Les r\u00e9parations de courte dur\u00e9e permettant la remise en service d\u2019un v\u00e9hicule immobilis\u00e9 par une avarie fortuite sont tol\u00e9r\u00e9es.<\/p>\n<p style=\"text-align: justify;\"><strong>Article 6 : <\/strong>HORAIRES DES ACTIVIT\u00c9S BRUYANTES EFFECTU\u00c9ES PAR LES PROFESSIONNELS<br \/>\nLes chantiers de travaux, priv\u00e9s ou publics, effectu\u00e9s \u00e0 l\u2019ext\u00e9rieur ou \u00e0 l\u2019int\u00e9rieur des b\u00e2timents, l\u2019entretien des espaces verts, les travaux de voirie et les travaux concernant les b\u00e2timents existants et leurs \u00e9quipements, sont autoris\u00e9s :<br \/>\n\u2022 de 7 h 00 \u00e0 20 h 00, du lundi au vendredi ;<br \/>\n\u2022 de 8 h 00 \u00e0 20 h 00, le samedi ;<\/p>\n<p style=\"text-align: justify;\">et interdits les dimanches et jours f\u00e9ri\u00e9s.<\/p>\n<p><b>R\u00e8gles concernant les appareils utilis\u00e9s pour la protection des cultures (effaroucheurs)<br \/>\n<\/b><\/p>\n<p style=\"text-align: justify;\">Les p\u00e9riodes d\u2019utilisation des appareils bruyants par les agriculteurs et mara\u00eechers pour la protection de leurs cultures contre les d\u00e9g\u00e2ts caus\u00e9s par les animaux, sont autoris\u00e9es sur le territoire de la commune, de 8 heures \u00e0 21 heures, avec une fr\u00e9quence de d\u00e9tonations ne pouvant \u00eatre inf\u00e9rieure \u00e0 vingt minutes (extrait de l&rsquo;arr\u00eat\u00e9 municipal n\u00b0 8\/2018).<\/p>\n","protected":false},"excerpt":{"rendered":"<p>Les nuisances sonores sont r\u00e9glement\u00e9es par l&rsquo;arr\u00eat\u00e9 pr\u00e9fectoral n\u00b0AP n\u00b0 19ARS41SE du 23 septembre 2019 (extraits) Article 4 : HORAIRES DES ACTIVIT\u00c9S BRUYANTES EFFECTU\u00c9ES PAR LES PARTICULIERS Les activit\u00e9s bruyantes susceptibles de causer une g\u00eane pour le voisinage, effectu\u00e9es par les particuliers \u00e0 l\u2019ext\u00e9rieur ou \u00e0 l\u2019int\u00e9rieur des b\u00e2timents, tels les travaux de bricolage, de &hellip; <\/p>\n<p><a class=\"more-link btn\" href=\"https:\/\/www.mairie-chailly-en-biere.fr\/?page_id=12163\">Lire la suite<\/a><\/p>\n","protected":false},"author":2,"featured_media":0,"parent":12037,"menu_order":7,"comment_status":"closed","ping_status":"closed","template":"","meta":{"footnotes":""},"class_list":["post-12163","page","type-page","status-publish","hentry","nodate","item-wrap"],"_links":{"self":[{"href":"https:\/\/www.mairie-chailly-en-biere.fr\/index.php?rest_route=\/wp\/v2\/pages\/12163","targetHints":{"allow":["GET"]}}],"collection":[{"href":"https:\/\/www.mairie-chailly-en-biere.fr\/index.php?rest_route=\/wp\/v2\/pages"}],"about":[{"href":"https:\/\/www.mairie-chailly-en-biere.fr\/index.php?rest_route=\/wp\/v2\/types\/page"}],"author":[{"embeddable":true,"href":"https:\/\/www.mairie-chailly-en-biere.fr\/index.php?rest_route=\/wp\/v2\/users\/2"}],"replies":[{"embeddable":true,"href":"https:\/\/www.mairie-chailly-en-biere.fr\/index.php?rest_route=%2Fwp%2Fv2%2Fcomments&post=12163"}],"version-history":[{"count":12,"href":"https:\/\/www.mairie-chailly-en-biere.fr\/index.php?rest_route=\/wp\/v2\/pages\/12163\/revisions"}],"predecessor-version":[{"id":16663,"href":"https:\/\/www.mairie-chailly-en-biere.fr\/index.php?rest_route=\/wp\/v2\/pages\/12163\/revisions\/16663"}],"up":[{"embeddable":true,"href":"https:\/\/www.mairie-chailly-en-biere.fr\/index.php?rest_route=\/wp\/v2\/pages\/12037"}],"wp:attachment":[{"href":"https:\/\/www.mairie-chailly-en-biere.fr\/index.php?rest_route=%2Fwp%2Fv2%2Fmedia&parent=12163"}],"curies":[{"name":"wp","href":"https:\/\/api.w.org\/{rel}","templated":true}]}}