{"id":12153,"date":"2019-05-24T06:57:32","date_gmt":"2019-05-24T06:57:32","guid":{"rendered":"https:\/\/www.mairie-chailly-en-biere.fr\/?page_id=12153"},"modified":"2025-06-21T07:45:47","modified_gmt":"2025-06-21T07:45:47","slug":"la-taxe-damenagement","status":"publish","type":"page","link":"https:\/\/www.mairie-chailly-en-biere.fr\/?page_id=12153","title":{"rendered":"Taxe d&rsquo;am\u00e9nagement et Redevance d&rsquo;Arch\u00e9ologie Pr\u00e9ventive (RAP)"},"content":{"rendered":"<p style=\"text-align: justify;\">Depuis le 1er mars 2012, la taxe d&rsquo;am\u00e9nagement remplace la taxe local d&rsquo;\u00e9quipement, la taxe d\u00e9partementale pour les espaces naturels sensibles, la taxe pour le financement des conseils d&rsquo;architecture, d&rsquo;urbanisme et de l&rsquo;environnement et la taxe compl\u00e9mentaire \u00e0 la TLE en Ile -de-France. Elle est compos\u00e9e de 3 parts, communale ou intercommunale, d\u00e9partementale et r\u00e9gionale.<\/p>\n<p style=\"text-align: justify;\">La taxe s&rsquo;applique \u00e0 toutes les op\u00e9rations de construction, de reconstruction ou d&rsquo;agrandissement de b\u00e2timents et am\u00e9nagement de toute nature soumis au r\u00e9gime des autorisations d&rsquo;urbanisme ainsi que dans les cas de changement de destination de certains locaux des exploitations agricoles (ex : grange en habitation). Elle s&rsquo;applique \u00e0 toutes les autorisations d&rsquo;urbanisme d\u00e9pos\u00e9es depuis le 1er mars 2012.<\/p>\n<p>Le taux communal est de 5 % pour Chailly-en-Bi\u00e8re ;<\/p>\n<p style=\"text-align: center;\"><a href=\"https:\/\/www.seine-et-marne.gouv.fr\/Politiques-publiques\/Amenagement-et-developpement-des-territoires\/Urbanisme\/Fiscalite-taxes-liees-aux-autorisations-d-urbanisme\/La-taxe-d-amenagement-et-la-redevance-d-archeologie-preventive\" target=\"_blank\" rel=\"noopener noreferrer\">Taxe d&rsquo;am\u00e9nagement<\/a><\/p>\n<p style=\"text-align: center;\"><a href=\"https:\/\/www.service-public.fr\/professionnels-entreprises\/vosdroits\/F23263\">La taxe d\u2019am\u00e9nagement : mode de calcul et exon\u00e9rations possibles<\/a><\/p>\n<p style=\"text-align: center;\"><a href=\"https:\/\/www.impots.gouv.fr\/simulateur-des-taxes-urbanisme\" target=\"_blank\" rel=\"noopener\">Simulateur des taxes d&rsquo;urbanisme<\/a><\/p>\n<p>&nbsp;<\/p>\n","protected":false},"excerpt":{"rendered":"<p>Depuis le 1er mars 2012, la taxe d&rsquo;am\u00e9nagement remplace la taxe local d&rsquo;\u00e9quipement, la taxe d\u00e9partementale pour les espaces naturels sensibles, la taxe pour le financement des conseils d&rsquo;architecture, d&rsquo;urbanisme et de l&rsquo;environnement et la taxe compl\u00e9mentaire \u00e0 la TLE en Ile -de-France. Elle est compos\u00e9e de 3 parts, communale ou intercommunale, d\u00e9partementale et r\u00e9gionale. &hellip; <\/p>\n<p><a class=\"more-link btn\" href=\"https:\/\/www.mairie-chailly-en-biere.fr\/?page_id=12153\">Lire la suite<\/a><\/p>\n","protected":false},"author":2,"featured_media":0,"parent":12037,"menu_order":5,"comment_status":"closed","ping_status":"closed","template":"","meta":{"footnotes":""},"class_list":["post-12153","page","type-page","status-publish","hentry","nodate","item-wrap"],"_links":{"self":[{"href":"https:\/\/www.mairie-chailly-en-biere.fr\/index.php?rest_route=\/wp\/v2\/pages\/12153","targetHints":{"allow":["GET"]}}],"collection":[{"href":"https:\/\/www.mairie-chailly-en-biere.fr\/index.php?rest_route=\/wp\/v2\/pages"}],"about":[{"href":"https:\/\/www.mairie-chailly-en-biere.fr\/index.php?rest_route=\/wp\/v2\/types\/page"}],"author":[{"embeddable":true,"href":"https:\/\/www.mairie-chailly-en-biere.fr\/index.php?rest_route=\/wp\/v2\/users\/2"}],"replies":[{"embeddable":true,"href":"https:\/\/www.mairie-chailly-en-biere.fr\/index.php?rest_route=%2Fwp%2Fv2%2Fcomments&post=12153"}],"version-history":[{"count":8,"href":"https:\/\/www.mairie-chailly-en-biere.fr\/index.php?rest_route=\/wp\/v2\/pages\/12153\/revisions"}],"predecessor-version":[{"id":18856,"href":"https:\/\/www.mairie-chailly-en-biere.fr\/index.php?rest_route=\/wp\/v2\/pages\/12153\/revisions\/18856"}],"up":[{"embeddable":true,"href":"https:\/\/www.mairie-chailly-en-biere.fr\/index.php?rest_route=\/wp\/v2\/pages\/12037"}],"wp:attachment":[{"href":"https:\/\/www.mairie-chailly-en-biere.fr\/index.php?rest_route=%2Fwp%2Fv2%2Fmedia&parent=12153"}],"curies":[{"name":"wp","href":"https:\/\/api.w.org\/{rel}","templated":true}]}}