{"id":12122,"date":"2019-05-23T12:15:12","date_gmt":"2019-05-23T12:15:12","guid":{"rendered":"https:\/\/www.mairie-chailly-en-biere.fr\/?page_id=12122"},"modified":"2025-12-18T08:38:20","modified_gmt":"2025-12-18T08:38:20","slug":"protection-monuments-historiques-et-site-inscrit","status":"publish","type":"page","link":"https:\/\/www.mairie-chailly-en-biere.fr\/?page_id=12122","title":{"rendered":"Protection Monuments Historiques et site inscrit, village de caract\u00e8re"},"content":{"rendered":"<p><img loading=\"lazy\" decoding=\"async\" class=\"alignleft size-medium wp-image-9737\" src=\"https:\/\/www.mairie-chailly-en-biere.fr\/wp-content\/uploads\/PANNEAU-VILLE-300x120.jpg\" alt=\"\" width=\"300\" height=\"120\" srcset=\"https:\/\/www.mairie-chailly-en-biere.fr\/wp-content\/uploads\/PANNEAU-VILLE-300x120.jpg 300w, https:\/\/www.mairie-chailly-en-biere.fr\/wp-content\/uploads\/PANNEAU-VILLE-700x281.jpg 700w, https:\/\/www.mairie-chailly-en-biere.fr\/wp-content\/uploads\/PANNEAU-VILLE.jpg 938w\" sizes=\"auto, (max-width: 300px) 100vw, 300px\" \/>La commune de Chailly-en-Bi\u00e8re est situ\u00e9e dans la plaine de Bi\u00e8re \u00e0 la frange Nord-Ouest de Fontainebleau. Elle est situ\u00e9e :<\/p>\n<p>&#8211; dans le p\u00e9rim\u00e8tre de protection des sites naturels inscrits sur l&rsquo;ensemble du territoire communal.<\/p>\n<p>&#8211; dans le p\u00e9rim\u00e8tre de protection des monuments historiques (p\u00e9rim\u00e8tre de 500 m autour des monuments inscrits soit l&rsquo;\u00e9glise St Paul, inscrite \u00e0 l&rsquo;inventaire des M.H. (arr\u00eat\u00e9 du 18\/03\/1926), et l&rsquo;Auberge du Cheval Blanc inscrite \u00e0 l&rsquo;inventaire suppl\u00e9mentaire des M.H. (arr\u00eat\u00e9 du 21\/12\/1984)).<\/p>\n<p>Coordonn\u00e9es de l&rsquo;Unit\u00e9 d\u00e9partementale de l&rsquo;Architecture et du Patrimoine de Seine-et-Marne :<\/p>\n<p>Pavillon Sully Palais de Fontainebleau 77300 FONTAINEBLEAU T\u00e9l. 01.60.74.50.20.\u00a0 &#8211; <a href=\"mailto:udap77@culture.gouv.fr\">udap77@culture.gouv.fr<\/a><\/p>\n<p><img loading=\"lazy\" decoding=\"async\" class=\"aligncenter wp-image-19336 size-medium\" src=\"https:\/\/www.mairie-chailly-en-biere.fr\/wp-content\/uploads\/Logo-village-de-caractere-300x184.png\" alt=\"\" width=\"300\" height=\"184\" srcset=\"https:\/\/www.mairie-chailly-en-biere.fr\/wp-content\/uploads\/Logo-village-de-caractere-300x184.png 300w, https:\/\/www.mairie-chailly-en-biere.fr\/wp-content\/uploads\/Logo-village-de-caractere-1024x627.png 1024w, https:\/\/www.mairie-chailly-en-biere.fr\/wp-content\/uploads\/Logo-village-de-caractere-1536x941.png 1536w, https:\/\/www.mairie-chailly-en-biere.fr\/wp-content\/uploads\/Logo-village-de-caractere-2048x1254.png 2048w, https:\/\/www.mairie-chailly-en-biere.fr\/wp-content\/uploads\/Logo-village-de-caractere-555x340.png 555w\" sizes=\"auto, (max-width: 300px) 100vw, 300px\" \/><\/p>\n<p style=\"text-align: justify;\">Chaque ann\u00e9e, les communes de Seine-et-Marne comptant moins de 3 500 habitants et pourvu d\u2019un patrimoine remarquable, peuvent candidater \u00e0 l\u2019obtention du label \u00ab village de caract\u00e8re \u00bb. Chailly-en-Bi\u00e8re a obtenu cette reconnaissance touristique et patrimoniale.<\/p>\n","protected":false},"excerpt":{"rendered":"<p>La commune de Chailly-en-Bi\u00e8re est situ\u00e9e dans la plaine de Bi\u00e8re \u00e0 la frange Nord-Ouest de Fontainebleau. Elle est situ\u00e9e : &#8211; dans le p\u00e9rim\u00e8tre de protection des sites naturels inscrits sur l&rsquo;ensemble du territoire communal. &#8211; dans le p\u00e9rim\u00e8tre de protection des monuments historiques (p\u00e9rim\u00e8tre de 500 m autour des monuments inscrits soit l&rsquo;\u00e9glise &hellip; <\/p>\n<p><a class=\"more-link btn\" href=\"https:\/\/www.mairie-chailly-en-biere.fr\/?page_id=12122\">Lire la suite<\/a><\/p>\n","protected":false},"author":2,"featured_media":0,"parent":12037,"menu_order":2,"comment_status":"closed","ping_status":"closed","template":"","meta":{"footnotes":""},"class_list":["post-12122","page","type-page","status-publish","hentry","nodate","item-wrap"],"_links":{"self":[{"href":"https:\/\/www.mairie-chailly-en-biere.fr\/index.php?rest_route=\/wp\/v2\/pages\/12122","targetHints":{"allow":["GET"]}}],"collection":[{"href":"https:\/\/www.mairie-chailly-en-biere.fr\/index.php?rest_route=\/wp\/v2\/pages"}],"about":[{"href":"https:\/\/www.mairie-chailly-en-biere.fr\/index.php?rest_route=\/wp\/v2\/types\/page"}],"author":[{"embeddable":true,"href":"https:\/\/www.mairie-chailly-en-biere.fr\/index.php?rest_route=\/wp\/v2\/users\/2"}],"replies":[{"embeddable":true,"href":"https:\/\/www.mairie-chailly-en-biere.fr\/index.php?rest_route=%2Fwp%2Fv2%2Fcomments&post=12122"}],"version-history":[{"count":9,"href":"https:\/\/www.mairie-chailly-en-biere.fr\/index.php?rest_route=\/wp\/v2\/pages\/12122\/revisions"}],"predecessor-version":[{"id":19338,"href":"https:\/\/www.mairie-chailly-en-biere.fr\/index.php?rest_route=\/wp\/v2\/pages\/12122\/revisions\/19338"}],"up":[{"embeddable":true,"href":"https:\/\/www.mairie-chailly-en-biere.fr\/index.php?rest_route=\/wp\/v2\/pages\/12037"}],"wp:attachment":[{"href":"https:\/\/www.mairie-chailly-en-biere.fr\/index.php?rest_route=%2Fwp%2Fv2%2Fmedia&parent=12122"}],"curies":[{"name":"wp","href":"https:\/\/api.w.org\/{rel}","templated":true}]}}