{"id":12114,"date":"2019-05-23T12:07:37","date_gmt":"2019-05-23T12:07:37","guid":{"rendered":"https:\/\/www.mairie-chailly-en-biere.fr\/?page_id=12114"},"modified":"2022-11-26T08:01:05","modified_gmt":"2022-11-26T08:01:05","slug":"prets-habitat-cadal","status":"publish","type":"page","link":"https:\/\/www.mairie-chailly-en-biere.fr\/?page_id=12114","title":{"rendered":"Pr\u00eats habitats C.A.D.A.L. 77"},"content":{"rendered":"<p style=\"text-align: justify;\"><img loading=\"lazy\" decoding=\"async\" class=\"alignleft size-medium wp-image-11912\" src=\"https:\/\/www.mairie-chailly-en-biere.fr\/wp-content\/uploads\/CADAL-300x135.jpg\" alt=\"\" width=\"300\" height=\"135\" srcset=\"https:\/\/www.mairie-chailly-en-biere.fr\/wp-content\/uploads\/CADAL-300x135.jpg 300w, https:\/\/www.mairie-chailly-en-biere.fr\/wp-content\/uploads\/CADAL.jpg 480w\" sizes=\"auto, (max-width: 300px) 100vw, 300px\" \/>LA CAISSE D\u00c9PARTEMENTALE D&rsquo;AIDE AU LOGEMENT de Seine-et-Marne est une association cr\u00e9\u00e9e et financ\u00e9e par le Conseil D\u00e9partemental de Seine-et-Marne depuis 1961. Cet organisme propose des pr\u00eats pour aider au financement de l&rsquo;acquisition et de la r\u00e9novation de la r\u00e9sidence principale des seine-et-marnais.<\/p>\n<p style=\"text-align: justify;\">Ces aides d\u00e9partementales sont des pr\u00eats compl\u00e9mentaires (sous conditions de ressources) dont les montants peuvent financer jusqu&rsquo;\u00e0 10 000 \u20ac les projets immobiliers des propri\u00e9taires occupants en Seine-et-Marne pour :<\/p>\n<ul>\n<li>l&rsquo;accession dans le neuf ou l&rsquo;ancien,<\/li>\n<li>la construction<\/li>\n<li>l&rsquo;agrandissement<\/li>\n<li>l&rsquo;am\u00e9lioration<\/li>\n<li>la r\u00e9habilitation,<\/li>\n<li>l&rsquo;adaptation de l&rsquo;habitat des personnes \u00e2g\u00e9es ou en handicap<\/li>\n<\/ul>\n<p>&nbsp;<\/p>\n<p><span style=\"text-decoration: underline;\"><strong>Nouveaux montant et dur\u00e9es des pr\u00eats depuis le 01\/10\/2022, \u00e0 savoir<\/strong><\/span>\u00a0:<\/p>\n<ul>\n<li>10\u00a0000 \u20ac en 10 ans<\/li>\n<\/ul>\n<p style=\"padding-left: 80px;\">Dans les secteurs suivants Constructions et Acquisitions : taux \u00e0 2%<\/p>\n<p style=\"padding-left: 80px;\">Agrandissement et Am\u00e9lioration\u00a0: taux \u00e0 2,5%<\/p>\n<p><strong>Priorit\u00e9 aux travaux d\u2019isolation et d\u2019\u00e9conomie d\u2019\u00e9nergie.<\/strong><\/p>\n<ul>\n<li>Bar\u00e8me des ressources annuelles<\/li>\n<\/ul>\n<p style=\"padding-left: 80px;\">1 personne\u00a0 \u00a0\u00a035\u00a0088 \u20ac<br \/>\n2 personnes \u00a052\u00a0440 \u20ac<br \/>\n3 personnes\u00a0 63\u00a0036 \u20ac<br \/>\n4 personnes \u00a075\u00a0507 \u20ac<br \/>\n5 personnes\u00a0 89\u00a0385 \u20ac etc \u2026.<\/p>\n<p>Pour en savoir +, vous pouvez contacter la <a href=\"https:\/\/cadal77.wixsite.com\/cadal77\" target=\"_blank\" rel=\"noopener noreferrer\">CADAL<\/a> au 01.60.65.94.88.\/01.64.87.95.07,<a href=\"mailto:contact@cadal77.fr\"> contact@cadal77.fr<\/a><\/p>\n","protected":false},"excerpt":{"rendered":"<p>LA CAISSE D\u00c9PARTEMENTALE D&rsquo;AIDE AU LOGEMENT de Seine-et-Marne est une association cr\u00e9\u00e9e et financ\u00e9e par le Conseil D\u00e9partemental de Seine-et-Marne depuis 1961. Cet organisme propose des pr\u00eats pour aider au financement de l&rsquo;acquisition et de la r\u00e9novation de la r\u00e9sidence principale des seine-et-marnais. Ces aides d\u00e9partementales sont des pr\u00eats compl\u00e9mentaires (sous conditions de ressources) dont &hellip; <\/p>\n<p><a class=\"more-link btn\" href=\"https:\/\/www.mairie-chailly-en-biere.fr\/?page_id=12114\">Lire la suite<\/a><\/p>\n","protected":false},"author":2,"featured_media":0,"parent":12037,"menu_order":11,"comment_status":"closed","ping_status":"closed","template":"","meta":{"footnotes":""},"class_list":["post-12114","page","type-page","status-publish","hentry","nodate","item-wrap"],"_links":{"self":[{"href":"https:\/\/www.mairie-chailly-en-biere.fr\/index.php?rest_route=\/wp\/v2\/pages\/12114","targetHints":{"allow":["GET"]}}],"collection":[{"href":"https:\/\/www.mairie-chailly-en-biere.fr\/index.php?rest_route=\/wp\/v2\/pages"}],"about":[{"href":"https:\/\/www.mairie-chailly-en-biere.fr\/index.php?rest_route=\/wp\/v2\/types\/page"}],"author":[{"embeddable":true,"href":"https:\/\/www.mairie-chailly-en-biere.fr\/index.php?rest_route=\/wp\/v2\/users\/2"}],"replies":[{"embeddable":true,"href":"https:\/\/www.mairie-chailly-en-biere.fr\/index.php?rest_route=%2Fwp%2Fv2%2Fcomments&post=12114"}],"version-history":[{"count":7,"href":"https:\/\/www.mairie-chailly-en-biere.fr\/index.php?rest_route=\/wp\/v2\/pages\/12114\/revisions"}],"predecessor-version":[{"id":16009,"href":"https:\/\/www.mairie-chailly-en-biere.fr\/index.php?rest_route=\/wp\/v2\/pages\/12114\/revisions\/16009"}],"up":[{"embeddable":true,"href":"https:\/\/www.mairie-chailly-en-biere.fr\/index.php?rest_route=\/wp\/v2\/pages\/12037"}],"wp:attachment":[{"href":"https:\/\/www.mairie-chailly-en-biere.fr\/index.php?rest_route=%2Fwp%2Fv2%2Fmedia&parent=12114"}],"curies":[{"name":"wp","href":"https:\/\/api.w.org\/{rel}","templated":true}]}}