{"id":12111,"date":"2019-05-23T12:04:55","date_gmt":"2019-05-23T12:04:55","guid":{"rendered":"https:\/\/www.mairie-chailly-en-biere.fr\/?page_id=12111"},"modified":"2019-05-24T07:15:28","modified_gmt":"2019-05-24T07:15:28","slug":"le-cadastre-solaire","status":"publish","type":"page","link":"https:\/\/www.mairie-chailly-en-biere.fr\/?page_id=12111","title":{"rendered":"Le cadastre solaire"},"content":{"rendered":"<p><img loading=\"lazy\" decoding=\"async\" class=\"alignleft size-medium wp-image-12081\" src=\"https:\/\/www.mairie-chailly-en-biere.fr\/wp-content\/uploads\/CADASTRE-SOLAIRE-212x300.jpg\" alt=\"\" width=\"212\" height=\"300\" srcset=\"https:\/\/www.mairie-chailly-en-biere.fr\/wp-content\/uploads\/CADASTRE-SOLAIRE-212x300.jpg 212w, https:\/\/www.mairie-chailly-en-biere.fr\/wp-content\/uploads\/CADASTRE-SOLAIRE.jpg 494w\" sizes=\"auto, (max-width: 212px) 100vw, 212px\" \/>Le Pays de Fontainebleau vous propose un portail d\u00e9di\u00e9 au territoire permettant de connaitre le potentiel solaire de votre toiture, ceci dans le cadre de la r\u00e9alisation de son PCAET (Plan Climat \u00c9nergie Territorial).<\/p>\n<p>Pour en savoir +, <a href=\"https:\/\/www.pays-fontainebleau.fr\/cadre-de-vie-environnement\/cadastre-solaire\/\" target=\"_blank\" rel=\"noopener noreferrer\">consulter le site du Pays de Fontainebleau, rubrique cadre de vie et environnement<\/a><\/p>\n<p>&nbsp;<\/p>\n","protected":false},"excerpt":{"rendered":"<p>Le Pays de Fontainebleau vous propose un portail d\u00e9di\u00e9 au territoire permettant de connaitre le potentiel solaire de votre toiture, ceci dans le cadre de la r\u00e9alisation de son PCAET (Plan Climat \u00c9nergie Territorial). Pour en savoir +, consulter le site du Pays de Fontainebleau, rubrique cadre de vie et environnement &nbsp;<\/p>\n","protected":false},"author":2,"featured_media":0,"parent":12037,"menu_order":9,"comment_status":"closed","ping_status":"closed","template":"","meta":{"footnotes":""},"class_list":["post-12111","page","type-page","status-publish","hentry","nodate","item-wrap"],"_links":{"self":[{"href":"https:\/\/www.mairie-chailly-en-biere.fr\/index.php?rest_route=\/wp\/v2\/pages\/12111","targetHints":{"allow":["GET"]}}],"collection":[{"href":"https:\/\/www.mairie-chailly-en-biere.fr\/index.php?rest_route=\/wp\/v2\/pages"}],"about":[{"href":"https:\/\/www.mairie-chailly-en-biere.fr\/index.php?rest_route=\/wp\/v2\/types\/page"}],"author":[{"embeddable":true,"href":"https:\/\/www.mairie-chailly-en-biere.fr\/index.php?rest_route=\/wp\/v2\/users\/2"}],"replies":[{"embeddable":true,"href":"https:\/\/www.mairie-chailly-en-biere.fr\/index.php?rest_route=%2Fwp%2Fv2%2Fcomments&post=12111"}],"version-history":[{"count":1,"href":"https:\/\/www.mairie-chailly-en-biere.fr\/index.php?rest_route=\/wp\/v2\/pages\/12111\/revisions"}],"predecessor-version":[{"id":12112,"href":"https:\/\/www.mairie-chailly-en-biere.fr\/index.php?rest_route=\/wp\/v2\/pages\/12111\/revisions\/12112"}],"up":[{"embeddable":true,"href":"https:\/\/www.mairie-chailly-en-biere.fr\/index.php?rest_route=\/wp\/v2\/pages\/12037"}],"wp:attachment":[{"href":"https:\/\/www.mairie-chailly-en-biere.fr\/index.php?rest_route=%2Fwp%2Fv2%2Fmedia&parent=12111"}],"curies":[{"name":"wp","href":"https:\/\/api.w.org\/{rel}","templated":true}]}}