{"id":12103,"date":"2019-05-23T11:50:45","date_gmt":"2019-05-23T11:50:45","guid":{"rendered":"https:\/\/www.mairie-chailly-en-biere.fr\/?page_id=12103"},"modified":"2025-11-14T14:40:12","modified_gmt":"2025-11-14T14:40:12","slug":"leau-et-lassainissement","status":"publish","type":"page","link":"https:\/\/www.mairie-chailly-en-biere.fr\/?page_id=12103","title":{"rendered":"L&rsquo;eau et l&rsquo;assainissement"},"content":{"rendered":"<p style=\"text-align: justify;\"><strong><img loading=\"lazy\" decoding=\"async\" class=\"alignleft size-full wp-image-10249\" src=\"https:\/\/www.mairie-chailly-en-biere.fr\/wp-content\/uploads\/logo-paysdefontainebleau.jpg\" alt=\"\" width=\"256\" height=\"93\" \/>La communaut\u00e9 d\u2019agglom\u00e9ration du Pays de Fontainebleau<\/strong> g\u00e8re la comp\u00e9tence eau et assainissement pour l\u2019ensemble des 26 communes depuis le 1er janvier 2018. C\u2019est elle qui organise le service de l\u2019eau. Elle prend les d\u00e9cisions n\u00e9cessaires et investit en cons\u00e9quence. Elle est propri\u00e9taire des installations qui se trouvent sur son territoire comme les forages, les stations d\u2019\u00e9puration, les r\u00e9servoirs ou encore le r\u00e9seau de distribution d\u2019eau potable.<\/p>\n<p><img loading=\"lazy\" decoding=\"async\" class=\"aligncenter wp-image-15446 size-large\" src=\"https:\/\/www.mairie-chailly-en-biere.fr\/wp-content\/uploads\/ASSAINISSEMENT_001-800x566.jpg\" alt=\"\" width=\"555\" height=\"393\" srcset=\"https:\/\/www.mairie-chailly-en-biere.fr\/wp-content\/uploads\/ASSAINISSEMENT_001-800x566.jpg 800w, https:\/\/www.mairie-chailly-en-biere.fr\/wp-content\/uploads\/ASSAINISSEMENT_001-300x212.jpg 300w, https:\/\/www.mairie-chailly-en-biere.fr\/wp-content\/uploads\/ASSAINISSEMENT_001-1536x1086.jpg 1536w, https:\/\/www.mairie-chailly-en-biere.fr\/wp-content\/uploads\/ASSAINISSEMENT_001-2048x1448.jpg 2048w, https:\/\/www.mairie-chailly-en-biere.fr\/wp-content\/uploads\/ASSAINISSEMENT_001-555x392.jpg 555w\" sizes=\"auto, (max-width: 555px) 100vw, 555px\" \/><\/p>\n<p style=\"text-align: center;\"><a href=\"https:\/\/www.pays-fontainebleau.fr\/cadre-de-vie-environnement\/\" target=\"_blank\" rel=\"noopener\">https:\/\/www.pays-fontainebleau.fr\/cadre-de-vie-environnement\/<\/a><\/p>\n<h4 style=\"padding-left: 40px;\">Contr\u00f4le des installations d&rsquo;assainissement lors d&rsquo;une cession de biens<\/h4>\n<p style=\"text-align: justify; padding-left: 40px;\">Par d\u00e9lib\u00e9ration n\u00b0 2018-148 du Conseil Communautaire du Pays de Fontainebleau du 12 juillet 2018, le diagnostic de conformit\u00e9 d\u2019assainissement (collectif ou non collectif) est instaur\u00e9 lors de chaque vente de bien immobilier \u00e0 l\u2019exception des immeubles collectifs \u00e0 compter du 1<sup>er<\/sup> d\u00e9cembre 2018.<\/p>\n<h4 style=\"padding-left: 40px;\">Permis de construire et d\u00e9claration pr\u00e9alable<\/h4>\n<p style=\"padding-left: 40px; text-align: justify;\">Par d\u00e9lib\u00e9ration du <a href=\"https:\/\/www.pays-fontainebleau.fr\/cadre-de-vie-environnement\/\" target=\"_blank\" rel=\"noopener\">Conseil Communautaire du Pays de Fontainebleau<\/a> , pour les constructions nouvelles et au cas par cas pour les extensions, constructions d&rsquo;abris&#8230;, il est exig\u00e9 en mati\u00e8re des eaux pluviales la mise en \u0153uvre de pr\u00e9conisations.<\/p>\n<h4 style=\"padding-left: 40px;\">Instauration d&rsquo;une redevance en cas de refus de contr\u00f4le de l&rsquo;installation d&rsquo;assainissement autonome<\/h4>\n<p style=\"padding-left: 40px;\">Par <a href=\"https:\/\/www.mairie-chailly-en-biere.fr\/wp-content\/uploads\/DELIBERATION-CAPF-SPANC-12072018.pdf\">d\u00e9lib\u00e9ration n\u00b0 2018-150 du Conseil Communautaire du Pays de Fontainebleau du 12 juillet 2018<\/a>, il est instaur\u00e9 une redevance en cas de refus de contr\u00f4le de l&rsquo;installation d&rsquo;assainissement autonome \u00e0 compter du 1er d\u00e9cembre 2018.<\/p>\n<h4 style=\"padding-left: 40px;\">Harmonisation de la Participation pour l&rsquo;assainissement collectif<\/h4>\n<p style=\"padding-left: 40px;\">(<a href=\"https:\/\/www.mairie-chailly-en-biere.fr\/wp-content\/uploads\/DELIBERATION-CAPF-PAC-12072018.pdf\">d\u00e9lib\u00e9ration n\u00b0 2018-147 du Conseil Communautaire du Pays de Fontainebleau du 12 juillet 2018<\/a>)<\/p>\n<h4 style=\"padding-left: 40px;\">Qualit\u00e9 de l&rsquo;eau<\/h4>\n<p style=\"padding-left: 40px;\"><img loading=\"lazy\" decoding=\"async\" class=\"alignleft wp-image-11156 size-thumbnail\" src=\"https:\/\/www.mairie-chailly-en-biere.fr\/wp-content\/uploads\/EAU-DU-ROBINET-150x150.jpg\" alt=\"\" width=\"150\" height=\"150\" \/>Le Minist\u00e8re charg\u00e9 de la sant\u00e9 publie les r\u00e9sultats des analyses du contr\u00f4le sanitaire des eaux destin\u00e9es \u00e0 la consommation humaine.<\/p>\n<p style=\"padding-left: 40px;\">Vous pouvez les consulter sur le site du <a href=\"https:\/\/solidarites-sante.gouv.fr\/sante-et-environnement\/eaux\/article\/qualite-de-l-eau-potable\/\" target=\"_blank\" rel=\"noopener noreferrer\">Minist\u00e8re de la Sant\u00e9 et des Solidarit\u00e9s,<\/a><\/p>\n<p><a href=\"https:\/\/sante.gouv.fr\/sante-et-environnement\/eaux\/eau\" target=\"_blank\" rel=\"noopener\">https:\/\/sante.gouv.fr\/sante-et-environnement\/eaux\/eau<\/a><\/p>\n<p>&nbsp;<\/p>\n<p>&nbsp;<\/p>\n<p>Contacts utiles pour toute information :<\/p>\n<pre><a href=\"https:\/\/www.pays-fontainebleau.fr\/cadre-de-vie-environnement\/leau-et-assainissement\/\" target=\"_blank\" rel=\"noopener\">www.pays-fontainebleau.fr<\/a>\r\nservice cadre de vie environnement\r\n01.64.70.10.80.\r\n\r\nContacts eau potable et\/ou assainissement :\r\n\r\nVEOLIA 0969 360 400\r\n\r\n<\/pre>\n<p>&nbsp;<\/p>\n<p>&nbsp;<\/p>\n<p>&nbsp;<\/p>\n<p>&nbsp;<\/p>\n","protected":false},"excerpt":{"rendered":"<p>La communaut\u00e9 d\u2019agglom\u00e9ration du Pays de Fontainebleau g\u00e8re la comp\u00e9tence eau et assainissement pour l\u2019ensemble des 26 communes depuis le 1er janvier 2018. C\u2019est elle qui organise le service de l\u2019eau. Elle prend les d\u00e9cisions n\u00e9cessaires et investit en cons\u00e9quence. Elle est propri\u00e9taire des installations qui se trouvent sur son territoire comme les forages, les &hellip; <\/p>\n<p><a class=\"more-link btn\" href=\"https:\/\/www.mairie-chailly-en-biere.fr\/?page_id=12103\">Lire la suite<\/a><\/p>\n","protected":false},"author":2,"featured_media":0,"parent":12037,"menu_order":4,"comment_status":"closed","ping_status":"closed","template":"","meta":{"footnotes":""},"class_list":["post-12103","page","type-page","status-publish","hentry","nodate","item-wrap"],"_links":{"self":[{"href":"https:\/\/www.mairie-chailly-en-biere.fr\/index.php?rest_route=\/wp\/v2\/pages\/12103","targetHints":{"allow":["GET"]}}],"collection":[{"href":"https:\/\/www.mairie-chailly-en-biere.fr\/index.php?rest_route=\/wp\/v2\/pages"}],"about":[{"href":"https:\/\/www.mairie-chailly-en-biere.fr\/index.php?rest_route=\/wp\/v2\/types\/page"}],"author":[{"embeddable":true,"href":"https:\/\/www.mairie-chailly-en-biere.fr\/index.php?rest_route=\/wp\/v2\/users\/2"}],"replies":[{"embeddable":true,"href":"https:\/\/www.mairie-chailly-en-biere.fr\/index.php?rest_route=%2Fwp%2Fv2%2Fcomments&post=12103"}],"version-history":[{"count":20,"href":"https:\/\/www.mairie-chailly-en-biere.fr\/index.php?rest_route=\/wp\/v2\/pages\/12103\/revisions"}],"predecessor-version":[{"id":19208,"href":"https:\/\/www.mairie-chailly-en-biere.fr\/index.php?rest_route=\/wp\/v2\/pages\/12103\/revisions\/19208"}],"up":[{"embeddable":true,"href":"https:\/\/www.mairie-chailly-en-biere.fr\/index.php?rest_route=\/wp\/v2\/pages\/12037"}],"wp:attachment":[{"href":"https:\/\/www.mairie-chailly-en-biere.fr\/index.php?rest_route=%2Fwp%2Fv2%2Fmedia&parent=12103"}],"curies":[{"name":"wp","href":"https:\/\/api.w.org\/{rel}","templated":true}]}}