{"id":12088,"date":"2019-05-16T07:54:33","date_gmt":"2019-05-16T07:54:33","guid":{"rendered":"https:\/\/www.mairie-chailly-en-biere.fr\/?page_id=12088"},"modified":"2023-08-31T08:29:23","modified_gmt":"2023-08-31T08:29:23","slug":"activites-jeunesse-du-pays-de-fontainebleau","status":"publish","type":"page","link":"https:\/\/www.mairie-chailly-en-biere.fr\/?page_id=12088","title":{"rendered":"Activit\u00e9s jeunesse du Pays de Fontainebleau"},"content":{"rendered":"<p><img loading=\"lazy\" decoding=\"async\" class=\"aligncenter wp-image-10249 size-full\" src=\"https:\/\/www.mairie-chailly-en-biere.fr\/wp-content\/uploads\/logo-paysdefontainebleau.jpg\" alt=\"\" width=\"256\" height=\"93\" \/><\/p>\n<p>Dans le cadre de la continuit\u00e9 du service public, la communaut\u00e9 d\u2019agglom\u00e9ration met en \u0153uvre des politiques pour la Petite-Enfance, l\u2019Enfance et la Jeunesse, de mani\u00e8re territorialis\u00e9e.<\/p>\n<div>\n<ul>\n<li><a href=\"https:\/\/www.pays-fontainebleau.fr\/rpe\/\" target=\"_blank\" rel=\"noopener\">Rendez-vous sur la page RAM pour le Relais Assistants Maternels<\/a><\/li>\n<li><a href=\"https:\/\/www.pays-fontainebleau.fr\/enfance-et-jeunesse\/enfance\/\" target=\"_blank\" rel=\"noopener noreferrer\">Rendez-vous sur la page Enfance pour les enfants de 3 \u00e0 11 ans<\/a><\/li>\n<li><a href=\"https:\/\/www.pays-fontainebleau.fr\/enfance-et-jeunesse\/jeunesse\/\" target=\"_blank\" rel=\"noopener noreferrer\">Rendez-vous sur la page Jeunesse pour les coll\u00e9giens et lyc\u00e9ens de 11 \u00e0 17 ans<\/a><\/li>\n<\/ul>\n<p>Le P\u00f4le petite enfance- enfance- jeunesse vous accueille \u00e0 C\u00e9ly, au 10 rue du fief. du lundi au vendredi de 9 h \u00e0 12 h et sur rdv en dehors de ces cr\u00e9neaux.<\/p>\n<p>Plaquettes \u00e0 votre disposition :<\/p>\n<\/div>\n<ul>\n<li style=\"list-style-type: none;\">\n<ul>\n<li style=\"list-style-type: none;\">\n<ul>\n<li><a href=\"https:\/\/www.mairie-chailly-en-biere.fr\/wp-content\/uploads\/plaquette-ram-BD.pdf\">plaquette ram BD<\/a><\/li>\n<li><a href=\"https:\/\/www.mairie-chailly-en-biere.fr\/wp-content\/uploads\/plaquette-jeunesse-BD.pdf\">plaquette jeunesse BD<\/a><\/li>\n<li><a href=\"https:\/\/www.mairie-chailly-en-biere.fr\/wp-content\/uploads\/plaquette-enfance-BD.pdf\">plaquette enfance BD<\/a><\/li>\n<\/ul>\n<\/li>\n<\/ul>\n<\/li>\n<\/ul>\n","protected":false},"excerpt":{"rendered":"<p>Dans le cadre de la continuit\u00e9 du service public, la communaut\u00e9 d\u2019agglom\u00e9ration met en \u0153uvre des politiques pour la Petite-Enfance, l\u2019Enfance et la Jeunesse, de mani\u00e8re territorialis\u00e9e. Rendez-vous sur la page RAM pour le Relais Assistants Maternels Rendez-vous sur la page Enfance pour les enfants de 3 \u00e0 11 ans Rendez-vous sur la page Jeunesse &hellip; <\/p>\n<p><a class=\"more-link btn\" href=\"https:\/\/www.mairie-chailly-en-biere.fr\/?page_id=12088\">Lire la suite<\/a><\/p>\n","protected":false},"author":2,"featured_media":0,"parent":9332,"menu_order":6,"comment_status":"closed","ping_status":"closed","template":"","meta":{"footnotes":""},"class_list":["post-12088","page","type-page","status-publish","hentry","nodate","item-wrap"],"_links":{"self":[{"href":"https:\/\/www.mairie-chailly-en-biere.fr\/index.php?rest_route=\/wp\/v2\/pages\/12088","targetHints":{"allow":["GET"]}}],"collection":[{"href":"https:\/\/www.mairie-chailly-en-biere.fr\/index.php?rest_route=\/wp\/v2\/pages"}],"about":[{"href":"https:\/\/www.mairie-chailly-en-biere.fr\/index.php?rest_route=\/wp\/v2\/types\/page"}],"author":[{"embeddable":true,"href":"https:\/\/www.mairie-chailly-en-biere.fr\/index.php?rest_route=\/wp\/v2\/users\/2"}],"replies":[{"embeddable":true,"href":"https:\/\/www.mairie-chailly-en-biere.fr\/index.php?rest_route=%2Fwp%2Fv2%2Fcomments&post=12088"}],"version-history":[{"count":4,"href":"https:\/\/www.mairie-chailly-en-biere.fr\/index.php?rest_route=\/wp\/v2\/pages\/12088\/revisions"}],"predecessor-version":[{"id":16853,"href":"https:\/\/www.mairie-chailly-en-biere.fr\/index.php?rest_route=\/wp\/v2\/pages\/12088\/revisions\/16853"}],"up":[{"embeddable":true,"href":"https:\/\/www.mairie-chailly-en-biere.fr\/index.php?rest_route=\/wp\/v2\/pages\/9332"}],"wp:attachment":[{"href":"https:\/\/www.mairie-chailly-en-biere.fr\/index.php?rest_route=%2Fwp%2Fv2%2Fmedia&parent=12088"}],"curies":[{"name":"wp","href":"https:\/\/api.w.org\/{rel}","templated":true}]}}