{"id":10888,"date":"2018-04-26T07:17:24","date_gmt":"2018-04-26T07:17:24","guid":{"rendered":"https:\/\/www.mairie-chailly-en-biere.fr\/?page_id=10888"},"modified":"2018-04-26T07:17:24","modified_gmt":"2018-04-26T07:17:24","slug":"emmanuel-pertuisot","status":"publish","type":"page","link":"https:\/\/www.mairie-chailly-en-biere.fr\/?page_id=10888","title":{"rendered":"Emmanuel Pertuisot"},"content":{"rendered":"<p style=\"text-align: justify;\"><img loading=\"lazy\" decoding=\"async\" class=\"alignright  wp-image-10880\" src=\"https:\/\/www.mairie-chailly-en-biere.fr\/wp-content\/uploads\/IMG_4319.jpg\" alt=\"\" width=\"233\" height=\"175\" srcset=\"https:\/\/www.mairie-chailly-en-biere.fr\/wp-content\/uploads\/IMG_4319.jpg 700w, https:\/\/www.mairie-chailly-en-biere.fr\/wp-content\/uploads\/IMG_4319-300x225.jpg 300w\" sizes=\"auto, (max-width: 233px) 100vw, 233px\" \/>Emmanuel Pertuisot, artiste Fran\u00e7ais n\u00e9 en 1969 \u00e0 Paris, berc\u00e9 depuis toujours par le r\u00eave et l&rsquo;imaginaire.<\/p>\n<p style=\"text-align: justify;\">Il s&rsquo;\u00e9vade de son quotidien dans la trames de ses toiles , dans lequel il peint un monde qui se balance entre r\u00eave et r\u00e9alit\u00e9 . Pousser la porte de sa folie et entrer dans sa lumi\u00e8re.<\/p>\n<p style=\"text-align: justify;\"><img loading=\"lazy\" decoding=\"async\" class=\" wp-image-10879 alignleft\" src=\"https:\/\/www.mairie-chailly-en-biere.fr\/wp-content\/uploads\/IMG_4317.jpg\" alt=\"\" width=\"179\" height=\"416\" srcset=\"https:\/\/www.mairie-chailly-en-biere.fr\/wp-content\/uploads\/IMG_4317.jpg 301w, https:\/\/www.mairie-chailly-en-biere.fr\/wp-content\/uploads\/IMG_4317-129x300.jpg 129w\" sizes=\"auto, (max-width: 179px) 100vw, 179px\" \/>Form\u00e9 \u00e0 l&rsquo;\u00e9cole Duperr\u00e9 et l&rsquo;\u00e9cole Boulle , il d\u00e9cide de vivre de sa passion et aura la chance d&rsquo;\u00eatre l&rsquo;\u00e9l\u00e8ve du grand Ma\u00eetre G\u00e9rard Di Maccio, qui le forme aux techniques des peintures de la renaissance .<\/p>\n<p style=\"text-align: justify;\">Ses \u0153uvres participent \u00e0 de nombreuses expositions , r\u00e9compens\u00e9 par plusieurs prix,dont le prix des Beaux- Arts au salon international de Kob\u00e9 ( Japon) en 2005 .<\/p>\n<p style=\"text-align: justify;\">Apr\u00e8s avoir expos\u00e9 \u00e0 Caen, Cherbourg, St Vaast La Hougue, Fontainebleau, Nantes et Paris, Emmanuel Pertuisot exposera ses oeuvres dans le restaurant de Chailly \u00ab\u00a0les paniers de Nicolas\u00a0\u00bb du 15\/05\/2018 au 13\/07\/2018<\/p>\n","protected":false},"excerpt":{"rendered":"<p>Emmanuel Pertuisot, artiste Fran\u00e7ais n\u00e9 en 1969 \u00e0 Paris, berc\u00e9 depuis toujours par le r\u00eave et l&rsquo;imaginaire. Il s&rsquo;\u00e9vade de son quotidien dans la trames de ses toiles , dans lequel il peint un monde qui se balance entre r\u00eave et r\u00e9alit\u00e9 . Pousser la porte de sa folie et entrer dans sa lumi\u00e8re. Form\u00e9 &hellip; <\/p>\n<p><a class=\"more-link btn\" href=\"https:\/\/www.mairie-chailly-en-biere.fr\/?page_id=10888\">Lire la suite<\/a><\/p>\n","protected":false},"author":2,"featured_media":0,"parent":1081,"menu_order":7,"comment_status":"closed","ping_status":"closed","template":"","meta":{"footnotes":""},"class_list":["post-10888","page","type-page","status-publish","hentry","nodate","item-wrap"],"_links":{"self":[{"href":"https:\/\/www.mairie-chailly-en-biere.fr\/index.php?rest_route=\/wp\/v2\/pages\/10888","targetHints":{"allow":["GET"]}}],"collection":[{"href":"https:\/\/www.mairie-chailly-en-biere.fr\/index.php?rest_route=\/wp\/v2\/pages"}],"about":[{"href":"https:\/\/www.mairie-chailly-en-biere.fr\/index.php?rest_route=\/wp\/v2\/types\/page"}],"author":[{"embeddable":true,"href":"https:\/\/www.mairie-chailly-en-biere.fr\/index.php?rest_route=\/wp\/v2\/users\/2"}],"replies":[{"embeddable":true,"href":"https:\/\/www.mairie-chailly-en-biere.fr\/index.php?rest_route=%2Fwp%2Fv2%2Fcomments&post=10888"}],"version-history":[{"count":1,"href":"https:\/\/www.mairie-chailly-en-biere.fr\/index.php?rest_route=\/wp\/v2\/pages\/10888\/revisions"}],"predecessor-version":[{"id":10889,"href":"https:\/\/www.mairie-chailly-en-biere.fr\/index.php?rest_route=\/wp\/v2\/pages\/10888\/revisions\/10889"}],"up":[{"embeddable":true,"href":"https:\/\/www.mairie-chailly-en-biere.fr\/index.php?rest_route=\/wp\/v2\/pages\/1081"}],"wp:attachment":[{"href":"https:\/\/www.mairie-chailly-en-biere.fr\/index.php?rest_route=%2Fwp%2Fv2%2Fmedia&parent=10888"}],"curies":[{"name":"wp","href":"https:\/\/api.w.org\/{rel}","templated":true}]}}