{"id":10693,"date":"2018-01-31T08:28:50","date_gmt":"2018-01-31T08:28:50","guid":{"rendered":"https:\/\/www.mairie-chailly-en-biere.fr\/?page_id=10693"},"modified":"2018-01-31T08:29:31","modified_gmt":"2018-01-31T08:29:31","slug":"geocaching","status":"publish","type":"page","link":"https:\/\/www.mairie-chailly-en-biere.fr\/?page_id=10693","title":{"rendered":"G\u00e9ocaching &#8211; A vous de jouer !"},"content":{"rendered":"<p style=\"text-align: justify;\">\u00ab\u00a0\u00c9t\u00e9 2017. Pierre profite de ses vacances pour passer quelques jours chez son grand-p\u00e8re \u00e0 Chailly-en-Bi\u00e8re. M. Roche aime raconter \u00e0 son petit-fils des anecdotes sur la vie pass\u00e9e du village. Au cours de son r\u00e9cit, il \u00e9voque cette fois un produit \u00ab presque \u00e0 tout faire \u00bb, jadis tr\u00e8s utilis\u00e9 par les habitants dans leur quotidien. Sa m\u00e9moire lui jouant des tours, il ne se rappelle plus exactement de la teneur de ce produit ni de ses diverses utilisations\u2026\u00a0\u00bb Ainsi d\u00e9bute l&rsquo;enqu\u00eate que nous vous proposons de r\u00e9soudre en partant \u00e0 la d\u00e9couverte de plusieurs indices diss\u00e9min\u00e9s dans le village. Des \u00e9nigmes sont plac\u00e9es dans des g\u00e9ocaches, c&rsquo;est \u00e0 dire des cachettes identifiables gr\u00e2ce \u00e0 des coordonn\u00e9es GPS. Cette animation permanente vous est propos\u00e9e par le parc naturel r\u00e9gional du G\u00e2tinais fran\u00e7ais et la mairie de Chailly-en-Bi\u00e8re. Elle est accessible \u00e0 l&rsquo;origine aux personnes disposant d&rsquo;un smartphone ou d&rsquo;un GPS, mais pas de panique si ce n&rsquo;est pas votre cas : une feuille de route est disponible en mairie, sur le site internet officiel geocaching.com ou sur le site internet du parc \u00e0 l&rsquo;adresse suivante : <a href=\"https:\/\/www.parc-gatinais-francais.fr\/telechargements\/?b5-file=8415&amp;b5-folder=6429\">https:\/\/www.parc-gatinais-francais.fr\/telechargements\/?b5-file=8415&amp;b5-folder=6429<\/a>. A vous de jouer !<\/p>\n","protected":false},"excerpt":{"rendered":"<p>\u00ab\u00a0\u00c9t\u00e9 2017. Pierre profite de ses vacances pour passer quelques jours chez son grand-p\u00e8re \u00e0 Chailly-en-Bi\u00e8re. M. Roche aime raconter \u00e0 son petit-fils des anecdotes sur la vie pass\u00e9e du village. Au cours de son r\u00e9cit, il \u00e9voque cette fois un produit \u00ab presque \u00e0 tout faire \u00bb, jadis tr\u00e8s utilis\u00e9 par les habitants dans &hellip; <\/p>\n<p><a class=\"more-link btn\" href=\"https:\/\/www.mairie-chailly-en-biere.fr\/?page_id=10693\">Lire la suite<\/a><\/p>\n","protected":false},"author":2,"featured_media":0,"parent":18,"menu_order":2,"comment_status":"closed","ping_status":"closed","template":"","meta":{"footnotes":""},"class_list":["post-10693","page","type-page","status-publish","hentry","nodate","item-wrap"],"_links":{"self":[{"href":"https:\/\/www.mairie-chailly-en-biere.fr\/index.php?rest_route=\/wp\/v2\/pages\/10693","targetHints":{"allow":["GET"]}}],"collection":[{"href":"https:\/\/www.mairie-chailly-en-biere.fr\/index.php?rest_route=\/wp\/v2\/pages"}],"about":[{"href":"https:\/\/www.mairie-chailly-en-biere.fr\/index.php?rest_route=\/wp\/v2\/types\/page"}],"author":[{"embeddable":true,"href":"https:\/\/www.mairie-chailly-en-biere.fr\/index.php?rest_route=\/wp\/v2\/users\/2"}],"replies":[{"embeddable":true,"href":"https:\/\/www.mairie-chailly-en-biere.fr\/index.php?rest_route=%2Fwp%2Fv2%2Fcomments&post=10693"}],"version-history":[{"count":3,"href":"https:\/\/www.mairie-chailly-en-biere.fr\/index.php?rest_route=\/wp\/v2\/pages\/10693\/revisions"}],"predecessor-version":[{"id":10696,"href":"https:\/\/www.mairie-chailly-en-biere.fr\/index.php?rest_route=\/wp\/v2\/pages\/10693\/revisions\/10696"}],"up":[{"embeddable":true,"href":"https:\/\/www.mairie-chailly-en-biere.fr\/index.php?rest_route=\/wp\/v2\/pages\/18"}],"wp:attachment":[{"href":"https:\/\/www.mairie-chailly-en-biere.fr\/index.php?rest_route=%2Fwp%2Fv2%2Fmedia&parent=10693"}],"curies":[{"name":"wp","href":"https:\/\/api.w.org\/{rel}","templated":true}]}}