{"id":1069,"date":"2011-03-08T12:46:03","date_gmt":"2011-03-08T12:46:03","guid":{"rendered":"https:\/\/www.mairie-chailly-en-biere.fr\/?page_id=1069"},"modified":"2023-06-19T12:27:10","modified_gmt":"2023-06-19T12:27:10","slug":"peintres-dhier","status":"publish","type":"page","link":"https:\/\/www.mairie-chailly-en-biere.fr\/?page_id=1069","title":{"rendered":"Peintres d&rsquo;hier&#8230;"},"content":{"rendered":"<div id=\"attachment_2637\" style=\"width: 364px\" class=\"wp-caption aligncenter\"><a href=\"https:\/\/www.mairie-chailly-en-biere.fr\/?attachment_id=2637\" rel=\"attachment wp-att-2637\"><img loading=\"lazy\" decoding=\"async\" aria-describedby=\"caption-attachment-2637\" class=\" wp-image-2637\" title=\"Cimeti\u00e8re de Chailly (plan affich\u00e9 sous le porche)\" src=\"https:\/\/www.mairie-chailly-en-biere.fr\/wp-content\/uploads\/plan-cimetiere-peintres-300x184.jpg\" alt=\"Cimeti\u00e8re de Chailly (plan affich\u00e9 sous le porche)\" width=\"364\" height=\"223\" srcset=\"https:\/\/www.mairie-chailly-en-biere.fr\/wp-content\/uploads\/plan-cimetiere-peintres-300x184.jpg 300w, https:\/\/www.mairie-chailly-en-biere.fr\/wp-content\/uploads\/plan-cimetiere-peintres.jpg 500w\" sizes=\"auto, (max-width: 364px) 100vw, 364px\" \/><\/a><p id=\"caption-attachment-2637\" class=\"wp-caption-text\">Cimeti\u00e8re de Chailly (plan affich\u00e9 sous le porche)<\/p><\/div>\n<p>Chailly-en-Bi\u00e8re, c&rsquo;est aussi l&rsquo;auberge \u00ab\u00a0au cheval blanc\u00a0\u00bb et l\u2019\u00c9cole de Barbizon.<\/p>\n<p>Cette auberge \u00e9tait assid\u00fbment fr\u00e9quent\u00e9e par les artistes Peintres. D&rsquo;ailleurs, dans la salle de restaurant, quelques-uns d&rsquo;entre eux, parmi lesquels E D&rsquo;Hervilly, Gassies des Br\u00fbl\u00e9es, C. Moreau-Vauthier, ont peint sur les boiseries et les murs en paiement des dettes qu&rsquo;ils ne pouvaient honorer.<\/p>\n<p>On peut citer aussi :<\/p>\n<p><a href=\"https:\/\/www.mairie-chailly-en-biere.fr\/?page_id=182\">Jean-Fran\u00e7ois MILLET\u00a0 <\/a>et son <a href=\"https:\/\/www.mairie-chailly-en-biere.fr\/wp-content\/uploads\/LANGELUS-DE-JF-MILLET.pdf\">Ang\u00e9lus<\/a><br \/>\n<a href=\"https:\/\/www.mairie-chailly-en-biere.fr\/?page_id=188\">Th\u00e9odore ROUSSEAU<\/a><br \/>\n<a href=\"https:\/\/www.mairie-chailly-en-biere.fr\/?page_id=162\">Karl BODMER<\/a><br \/>\n<a href=\"https:\/\/www.mairie-chailly-en-biere.fr\/?page_id=168\">L\u00e9on Pierre DELAMBRE<\/a><br \/>\n<a href=\" https:\/\/www.mairie-chailly-en-biere.fr\/?page_id=170\">Fran\u00e7ois DESPORTES<\/a><br \/>\n<a href=\"https:\/\/www.mairie-chailly-en-biere.fr\/?page_id=172\">Georges GASSIES<\/a><br \/>\n<a href=\"https:\/\/www.mairie-chailly-en-biere.fr\/?page_id=180\">Gaston LAFENESTRE<\/a><\/p>\n","protected":false},"excerpt":{"rendered":"<p>Chailly-en-Bi\u00e8re, c&rsquo;est aussi l&rsquo;auberge \u00ab\u00a0au cheval blanc\u00a0\u00bb et l\u2019\u00c9cole de Barbizon. Cette auberge \u00e9tait assid\u00fbment fr\u00e9quent\u00e9e par les artistes Peintres. D&rsquo;ailleurs, dans la salle de restaurant, quelques-uns d&rsquo;entre eux, parmi lesquels E D&rsquo;Hervilly, Gassies des Br\u00fbl\u00e9es, C. Moreau-Vauthier, ont peint sur les boiseries et les murs en paiement des dettes qu&rsquo;ils ne pouvaient honorer. On &hellip; <\/p>\n<p><a class=\"more-link btn\" href=\"https:\/\/www.mairie-chailly-en-biere.fr\/?page_id=1069\">Lire la suite<\/a><\/p>\n","protected":false},"author":2,"featured_media":0,"parent":20,"menu_order":0,"comment_status":"closed","ping_status":"closed","template":"","meta":{"footnotes":""},"class_list":["post-1069","page","type-page","status-publish","hentry","nodate","item-wrap"],"_links":{"self":[{"href":"https:\/\/www.mairie-chailly-en-biere.fr\/index.php?rest_route=\/wp\/v2\/pages\/1069","targetHints":{"allow":["GET"]}}],"collection":[{"href":"https:\/\/www.mairie-chailly-en-biere.fr\/index.php?rest_route=\/wp\/v2\/pages"}],"about":[{"href":"https:\/\/www.mairie-chailly-en-biere.fr\/index.php?rest_route=\/wp\/v2\/types\/page"}],"author":[{"embeddable":true,"href":"https:\/\/www.mairie-chailly-en-biere.fr\/index.php?rest_route=\/wp\/v2\/users\/2"}],"replies":[{"embeddable":true,"href":"https:\/\/www.mairie-chailly-en-biere.fr\/index.php?rest_route=%2Fwp%2Fv2%2Fcomments&post=1069"}],"version-history":[{"count":21,"href":"https:\/\/www.mairie-chailly-en-biere.fr\/index.php?rest_route=\/wp\/v2\/pages\/1069\/revisions"}],"predecessor-version":[{"id":16672,"href":"https:\/\/www.mairie-chailly-en-biere.fr\/index.php?rest_route=\/wp\/v2\/pages\/1069\/revisions\/16672"}],"up":[{"embeddable":true,"href":"https:\/\/www.mairie-chailly-en-biere.fr\/index.php?rest_route=\/wp\/v2\/pages\/20"}],"wp:attachment":[{"href":"https:\/\/www.mairie-chailly-en-biere.fr\/index.php?rest_route=%2Fwp%2Fv2%2Fmedia&parent=1069"}],"curies":[{"name":"wp","href":"https:\/\/api.w.org\/{rel}","templated":true}]}}